{"id":2619,"date":"2021-02-01T14:09:31","date_gmt":"2021-02-01T12:09:31","guid":{"rendered":"https:\/\/corrosionfree.ee\/ukk\/"},"modified":"2025-04-15T12:50:53","modified_gmt":"2025-04-15T09:50:53","slug":"ukk","status":"publish","type":"page","link":"https:\/\/corrosionfree.ee\/fi\/ukk\/","title":{"rendered":"UKK"},"content":{"rendered":"<div class=\"fusion-fullwidth fullwidth-box fusion-builder-row-1 fusion-flex-container has-pattern-background has-mask-background nonhundred-percent-fullwidth non-hundred-percent-height-scrolling\" style=\"--awb-border-radius-top-left:0px;--awb-border-radius-top-right:0px;--awb-border-radius-bottom-right:0px;--awb-border-radius-bottom-left:0px;--awb-margin-top:60px;--awb-flex-wrap:wrap;\" ><div class=\"fusion-builder-row fusion-row fusion-flex-align-items-flex-start fusion-flex-content-wrap\" style=\"max-width:1528.8px;margin-left: calc(-4% \/ 2 );margin-right: calc(-4% \/ 2 );\"><div class=\"fusion-layout-column fusion_builder_column fusion-builder-column-0 fusion_builder_column_1_1 1_1 fusion-flex-column\" style=\"--awb-bg-size:cover;--awb-width-large:100%;--awb-margin-top-large:0px;--awb-spacing-right-large:1.92%;--awb-margin-bottom-large:20px;--awb-spacing-left-large:1.92%;--awb-width-medium:100%;--awb-order-medium:0;--awb-spacing-right-medium:1.92%;--awb-spacing-left-medium:1.92%;--awb-width-small:100%;--awb-order-small:0;--awb-spacing-right-small:1.92%;--awb-spacing-left-small:1.92%;\"><div class=\"fusion-column-wrapper fusion-column-has-shadow fusion-flex-justify-content-flex-start fusion-content-layout-column\"><div class=\"fusion-text fusion-text-1\"><ul>\n<li><b><span lang=\"FI\">Mik\u00e4 on Corrosion Free\u2122:n tarkoitus?<\/span><\/b><\/li>\n<\/ul>\n<p><span lang=\"FI\">\u00a0\u00a0\u00a0\u00a0\u00a0Corrosion Free Formula 3000 on inhibiittori lis\u00e4aineineen, joka pys\u00e4ytt\u00e4\u00e4 jo alkaneen korroosion ja suojaa metallipintoja korroosiolta.<\/span><\/p>\n<ul>\n<li><b><span lang=\"FI\">Mik\u00e4 on Corrosion FREE:n erikoisuus?<\/span><\/b>\n<p><span lang=\"FI\">CSC850:t\u00e4 sis\u00e4lt\u00e4v\u00e4 Formula 3000 on puhdas, kirkas, hajuton, myrkyt\u00f6n, \u00f6ljypohjainen metallisuoja, joka ei sis\u00e4ll\u00e4 pisaroita tai liuottimia ja joka imeytyy kaikkiin kohtiin. T\u00e4m\u00e4 ei ole tiiviste, joka pid\u00e4tt\u00e4\u00e4 kosteuden, ei ole \u00f6ljysuihku, joka tuhoa kumia ja muovia ja on likainen ja kostea. Corrosion FREE sis\u00e4lt\u00e4\u00e4 aktiivisia veden poistavat aineet ja se toimii 18 kuukautta. Se on puhdas ja kirkas ja s\u00e4ilyy t\u00e4llaisena k\u00e4yt\u00f6n aikana. Se ei kuivu, ei halkeile tai lohkeile ja sen voitelukyky s\u00e4ilyy pitk\u00e4\u00e4n.\u00a0<\/span><\/li>\n<\/ul>\n<ul>\n<li><b><span lang=\"FI\">N\u00e4kyyk\u00f6 valumia Corrosion Free\u2122<\/span><\/b><span lang=\"FI\">\u00a0<b>Formula 3000: suojalla k\u00e4sittelyn j\u00e4lkeen?<\/b><\/span>\n<p><span lang=\"FI\">Ei,\u00a0<b>Corrosion Free Formula 3000<\/b>\u00a0ei valu k\u00e4sitellylt\u00e4 pinnalta pois. Mutta kuitenkin se liikkuu k\u00e4sitelty\u00e4 pintaa pitkin ja p\u00e4\u00e4see pieniinkin halkeamiin, josta se ty\u00f6nt\u00e4\u00e4 veden pois.\u00a0<\/span><\/li>\n<\/ul>\n<ul>\n<li><b><span lang=\"FI\">Mit\u00e4 Corrosion Free\u2122<\/span><\/b><span lang=\"FI\">\u00a0<b>Formula 3000<\/b>\u00a0<b>tekee ruosteelle?<\/b><\/span>\n<p><span lang=\"FI\">Kun aine levitet\u00e4\u00e4n ruostuneelle pinnalle, se p\u00e4\u00e4see ruosteen l\u00e4pi metallipintaan asti ja muodostuu metallin p\u00e4\u00e4lle ruosteen alle suojakalvon. Sill\u00e4 ehdolla, ett\u00e4 ruosteen alle on j\u00e4\u00e4nyt metallia.\u00a0<\/span><\/li>\n<\/ul>\n<ul>\n<li><b><span lang=\"FI\">Mik\u00e4 on paras ajankohta k\u00e4sittelylle?<\/span><\/b>\n<p><span lang=\"FI\">Ilmastomme on t\u00e4llainen, ett\u00e4 kes\u00e4ll\u00e4, syksyll\u00e4, kev\u00e4\u00e4ll\u00e4 ja talvella l\u00e4mp\u00f6tila vaihtelee paljon ja on aina kosteata. Lauhdevesi muodostuu metallipannalle, ja kosteus vaikuttaa auton suojaamattomiin osiin ja aiheuttaa niiden korroosiota. Ellei autosi ole suojattu, niin paras aika tehd\u00e4 sen on juuri nyt.\u00a0\u00a0<\/span><\/li>\n<\/ul>\n<ul>\n<li><b><span lang=\"FI\">Kuinka usein auto on k\u00e4sitelt\u00e4v\u00e4?<\/span><\/b>\n<p><span lang=\"FI\">Auto pysyy t\u00e4ysin suojattuna, jos sen pohja k\u00e4sitell\u00e4\u00e4n\u00a0<b>Corrosion Free Formula 3000-<\/b>inhibiittorilla kerran 18 kuukaudessa ja sis\u00e4ontelot kerran\u00a036 kuukaudessa. T\u00e4m\u00e4 on niin kuin s\u00e4\u00e4nn\u00f6llinen moottori\u00f6ljyn vaihto. On teht\u00e4v\u00e4 t\u00e4ysi k\u00e4sittely, ei riit\u00e4 vain tarkistaa tilannetta tai ruiskuttaa v\u00e4h\u00e4n ainetta. T\u00e4m\u00e4 on erityisen t\u00e4rke\u00e4 talvella, kun j\u00e4\u00e4n muodostuminen tiepinnalle estet\u00e4\u00e4n nyt aggressiivisilla kemikaaleilla. S\u00e4\u00e4nn\u00f6llinen k\u00e4sittely\u00a0<b>Corrosion Free Formula 3000:lla\u00a0<\/b>suojaa autoa sek\u00e4 kosteudelta, ett\u00e4 aggressiivisilta kemikaaleilta.\u00a0<\/span><\/li>\n<\/ul>\n<ul>\n<li><b><span lang=\"FI\">Voiko<\/span><\/b><span lang=\"FI\">\u00a0<\/span><b><span lang=\"FI\">k<\/span><\/b><b>\u00e4<\/b><b><span lang=\"FI\">sitell<\/span><\/b><b>\u00e4\u00a0<\/b><b><span lang=\"FI\">m\u00e4rk\u00e4\u00e4 autoa<\/span><\/b><b>?\u00a0<\/b>\n<p><span lang=\"FI\">Kyll\u00e4 voi. Johtuen siit\u00e4 ett\u00e4 Corrosion FREE Formula 3000 ty\u00f6nt\u00e4\u00e4 veden pois, sit\u00e4 voi k\u00e4ytt\u00e4\u00e4 my\u00f6s sateisena p\u00e4iv\u00e4n\u00e4. Vesi oikeastaan vain nopeuttaa Corrosion FREE Formula 3000:n liikkumista kosteata pintaa pitkin ja se ty\u00f6nt\u00e4\u00e4 veden pois saumoista ja halkeamista. Silloin Corrosion FREE Formula 3000 ei valu k\u00e4sitellylt\u00e4 pinnalta pois veden mukana.\u00a0\u00a0<\/span><\/li>\n<\/ul>\n<ul>\n<li><b><span lang=\"FI\">Kuinka te esik\u00e4sittelette auton pohjan ennen k\u00e4sittely\u00e4 inhibiittorilla?<\/span><\/b>\n<p><span lang=\"FI\">Ennen k\u00e4sittely\u00e4 inhibiittorilla me pesemme auton pohjan ja py\u00f6r\u00e4kotelot, koska kertynyt lika huonontaa k\u00e4sittelyn laatua. Tietysti, jos auto on uusi, niin lika ei ole ehtinyt kerty\u00e4. Silloin autoa ei tarvitse pest\u00e4 ja autoilija saa 20% alennuksen.\u00a0\u00a0<\/span><\/li>\n<\/ul>\n<ul>\n<li><b><span lang=\"FI\">Kuinka pian voin pest\u00e4 autoni?<\/span><\/b>\n<p><span lang=\"FI\">Voit pest\u00e4 autosi vaikka heti k\u00e4sittelyn j\u00e4lkeen. Poiketen muista korroosiosuojausmenetelmist\u00e4, Corrosion FREE ei pid\u00e4t\u00e4 kosteutta, p\u00e4invastoin se ik\u00e4\u00e4n kuin ty\u00f6nt\u00e4\u00e4 sen pois ja muodostaa korroosiolta suojaavan voitelevan kalvon.\u00a0<\/span><\/li>\n<\/ul>\n<ul>\n<li><b><span lang=\"FI\">Onko Corrosion FREE:ll\u00e4 hajua?\u00a0Onko Corrosion FREE myrkyllinen?\u00a0Onko Corrosion FREE paloturvallinen<\/span><\/b><b><span lang=\"EN-US\">?<\/span><\/b>\n<p><span lang=\"FI\">Kaikkiin kolmeen kysymykseen vastaus on EI. Corrosion FREE Formula 3000 on kehitetty ymp\u00e4rist\u00f6yst\u00e4v\u00e4lliseksi. Sill\u00e4 ei ole hajua. T\u00e4m\u00e4 on tuote, joka ei ole TSCA:n alainen, eik\u00e4 WHMIS sen k\u00e4ytt\u00f6\u00e4 valvo, koska se ei ole vaarallinen terveydelle, eik\u00e4 syty.\u00a0\u00a0<\/span><\/li>\n<\/ul>\n<ul>\n<li><b><span lang=\"FI\">Mist\u00e4 Corrosion FREE on valmistettu?<\/span><\/b>\n<p><span lang=\"FI\">Corrosion FREE koostuu monista puhdistetuista kemiallisista aineista. Erikoislis\u00e4aine CSC850 on k\u00e4yt\u00f6ss\u00e4 vain Corrosion FREE:ssa, mink\u00e4 ansioista aine pystyy suojaamaan, liikkumaan ja p\u00e4\u00e4sem\u00e4\u00e4n halkeamiin, eik\u00e4 se valu pois. CSC850:n sis\u00e4lt\u00e4v\u00e4 Formula 3000 on korroosiota vastaan taisteleva salainen aseemme.<\/span><\/li>\n<\/ul>\n<\/div><\/div><\/div><\/div><\/div>\n","protected":false},"excerpt":{"rendered":"","protected":false},"author":1,"featured_media":0,"parent":0,"menu_order":0,"comment_status":"closed","ping_status":"closed","template":"100-width.php","meta":{"footnotes":""},"class_list":["post-2619","page","type-page","status-publish","hentry"],"yoast_head":"<!-- This site is optimized with the Yoast SEO plugin v25.0 - https:\/\/yoast.com\/wordpress\/plugins\/seo\/ -->\n<title>UKK - Corrosionfree<\/title>\n<meta name=\"robots\" content=\"index, follow, max-snippet:-1, max-image-preview:large, max-video-preview:-1\" \/>\n<link rel=\"canonical\" href=\"https:\/\/corrosionfree.ee\/fi\/ukk\/\" \/>\n<meta property=\"og:locale\" content=\"fi_FI\" \/>\n<meta property=\"og:type\" content=\"article\" \/>\n<meta property=\"og:title\" content=\"UKK - Corrosionfree\" \/>\n<meta property=\"og:url\" content=\"https:\/\/corrosionfree.ee\/fi\/ukk\/\" \/>\n<meta property=\"og:site_name\" content=\"Corrosionfree\" \/>\n<meta property=\"article:publisher\" content=\"https:\/\/www.facebook.com\/corrosionfreeESTONIA\" \/>\n<meta property=\"article:modified_time\" content=\"2025-04-15T09:50:53+00:00\" \/>\n<meta name=\"twitter:card\" content=\"summary_large_image\" \/>\n<meta name=\"twitter:label1\" content=\"Arvioitu lukuaika\" \/>\n\t<meta name=\"twitter:data1\" content=\"8 minuuttia\" \/>\n<script type=\"application\/ld+json\" class=\"yoast-schema-graph\">{\"@context\":\"https:\/\/schema.org\",\"@graph\":[{\"@type\":\"WebPage\",\"@id\":\"https:\/\/corrosionfree.ee\/fi\/ukk\/\",\"url\":\"https:\/\/corrosionfree.ee\/fi\/ukk\/\",\"name\":\"UKK - Corrosionfree\",\"isPartOf\":{\"@id\":\"https:\/\/corrosionfree.ee\/#website\"},\"datePublished\":\"2021-02-01T12:09:31+00:00\",\"dateModified\":\"2025-04-15T09:50:53+00:00\",\"breadcrumb\":{\"@id\":\"https:\/\/corrosionfree.ee\/fi\/ukk\/#breadcrumb\"},\"inLanguage\":\"fi\",\"potentialAction\":[{\"@type\":\"ReadAction\",\"target\":[\"https:\/\/corrosionfree.ee\/fi\/ukk\/\"]}]},{\"@type\":\"BreadcrumbList\",\"@id\":\"https:\/\/corrosionfree.ee\/fi\/ukk\/#breadcrumb\",\"itemListElement\":[{\"@type\":\"ListItem\",\"position\":1,\"name\":\"Home\",\"item\":\"https:\/\/corrosionfree.ee\/fi\/\"},{\"@type\":\"ListItem\",\"position\":2,\"name\":\"UKK\"}]},{\"@type\":\"WebSite\",\"@id\":\"https:\/\/corrosionfree.ee\/#website\",\"url\":\"https:\/\/corrosionfree.ee\/\",\"name\":\"Corrosionfree\",\"description\":\"Corrosionfree veebileht\",\"publisher\":{\"@id\":\"https:\/\/corrosionfree.ee\/#organization\"},\"potentialAction\":[{\"@type\":\"SearchAction\",\"target\":{\"@type\":\"EntryPoint\",\"urlTemplate\":\"https:\/\/corrosionfree.ee\/?s={search_term_string}\"},\"query-input\":{\"@type\":\"PropertyValueSpecification\",\"valueRequired\":true,\"valueName\":\"search_term_string\"}}],\"inLanguage\":\"fi\"},{\"@type\":\"Organization\",\"@id\":\"https:\/\/corrosionfree.ee\/#organization\",\"name\":\"Reval Service\",\"url\":\"https:\/\/corrosionfree.ee\/\",\"logo\":{\"@type\":\"ImageObject\",\"inLanguage\":\"fi\",\"@id\":\"https:\/\/corrosionfree.ee\/#\/schema\/logo\/image\/\",\"url\":\"https:\/\/corrosionfree.ee\/wp-content\/uploads\/2025\/03\/cf_logo.png\",\"contentUrl\":\"https:\/\/corrosionfree.ee\/wp-content\/uploads\/2025\/03\/cf_logo.png\",\"width\":199,\"height\":140,\"caption\":\"Reval Service\"},\"image\":{\"@id\":\"https:\/\/corrosionfree.ee\/#\/schema\/logo\/image\/\"},\"sameAs\":[\"https:\/\/www.facebook.com\/corrosionfreeESTONIA\"]}]}<\/script>\n<!-- \/ Yoast SEO plugin. -->","yoast_head_json":{"title":"UKK - Corrosionfree","robots":{"index":"index","follow":"follow","max-snippet":"max-snippet:-1","max-image-preview":"max-image-preview:large","max-video-preview":"max-video-preview:-1"},"canonical":"https:\/\/corrosionfree.ee\/fi\/ukk\/","og_locale":"fi_FI","og_type":"article","og_title":"UKK - Corrosionfree","og_url":"https:\/\/corrosionfree.ee\/fi\/ukk\/","og_site_name":"Corrosionfree","article_publisher":"https:\/\/www.facebook.com\/corrosionfreeESTONIA","article_modified_time":"2025-04-15T09:50:53+00:00","twitter_card":"summary_large_image","twitter_misc":{"Arvioitu lukuaika":"8 minuuttia"},"schema":{"@context":"https:\/\/schema.org","@graph":[{"@type":"WebPage","@id":"https:\/\/corrosionfree.ee\/fi\/ukk\/","url":"https:\/\/corrosionfree.ee\/fi\/ukk\/","name":"UKK - Corrosionfree","isPartOf":{"@id":"https:\/\/corrosionfree.ee\/#website"},"datePublished":"2021-02-01T12:09:31+00:00","dateModified":"2025-04-15T09:50:53+00:00","breadcrumb":{"@id":"https:\/\/corrosionfree.ee\/fi\/ukk\/#breadcrumb"},"inLanguage":"fi","potentialAction":[{"@type":"ReadAction","target":["https:\/\/corrosionfree.ee\/fi\/ukk\/"]}]},{"@type":"BreadcrumbList","@id":"https:\/\/corrosionfree.ee\/fi\/ukk\/#breadcrumb","itemListElement":[{"@type":"ListItem","position":1,"name":"Home","item":"https:\/\/corrosionfree.ee\/fi\/"},{"@type":"ListItem","position":2,"name":"UKK"}]},{"@type":"WebSite","@id":"https:\/\/corrosionfree.ee\/#website","url":"https:\/\/corrosionfree.ee\/","name":"Corrosionfree","description":"Corrosionfree veebileht","publisher":{"@id":"https:\/\/corrosionfree.ee\/#organization"},"potentialAction":[{"@type":"SearchAction","target":{"@type":"EntryPoint","urlTemplate":"https:\/\/corrosionfree.ee\/?s={search_term_string}"},"query-input":{"@type":"PropertyValueSpecification","valueRequired":true,"valueName":"search_term_string"}}],"inLanguage":"fi"},{"@type":"Organization","@id":"https:\/\/corrosionfree.ee\/#organization","name":"Reval Service","url":"https:\/\/corrosionfree.ee\/","logo":{"@type":"ImageObject","inLanguage":"fi","@id":"https:\/\/corrosionfree.ee\/#\/schema\/logo\/image\/","url":"https:\/\/corrosionfree.ee\/wp-content\/uploads\/2025\/03\/cf_logo.png","contentUrl":"https:\/\/corrosionfree.ee\/wp-content\/uploads\/2025\/03\/cf_logo.png","width":199,"height":140,"caption":"Reval Service"},"image":{"@id":"https:\/\/corrosionfree.ee\/#\/schema\/logo\/image\/"},"sameAs":["https:\/\/www.facebook.com\/corrosionfreeESTONIA"]}]}},"_links":{"self":[{"href":"https:\/\/corrosionfree.ee\/fi\/wp-json\/wp\/v2\/pages\/2619","targetHints":{"allow":["GET"]}}],"collection":[{"href":"https:\/\/corrosionfree.ee\/fi\/wp-json\/wp\/v2\/pages"}],"about":[{"href":"https:\/\/corrosionfree.ee\/fi\/wp-json\/wp\/v2\/types\/page"}],"author":[{"embeddable":true,"href":"https:\/\/corrosionfree.ee\/fi\/wp-json\/wp\/v2\/users\/1"}],"replies":[{"embeddable":true,"href":"https:\/\/corrosionfree.ee\/fi\/wp-json\/wp\/v2\/comments?post=2619"}],"version-history":[{"count":2,"href":"https:\/\/corrosionfree.ee\/fi\/wp-json\/wp\/v2\/pages\/2619\/revisions"}],"predecessor-version":[{"id":2621,"href":"https:\/\/corrosionfree.ee\/fi\/wp-json\/wp\/v2\/pages\/2619\/revisions\/2621"}],"wp:attachment":[{"href":"https:\/\/corrosionfree.ee\/fi\/wp-json\/wp\/v2\/media?parent=2619"}],"curies":[{"name":"wp","href":"https:\/\/api.w.org\/{rel}","templated":true}]}}