{"id":2757,"date":"2025-03-13T14:48:13","date_gmt":"2025-03-13T12:48:13","guid":{"rendered":"https:\/\/corrosionfree.ee\/renkaiden-vaihto\/"},"modified":"2025-03-13T14:48:13","modified_gmt":"2025-03-13T12:48:13","slug":"renkaiden-vaihto","status":"publish","type":"page","link":"https:\/\/corrosionfree.ee\/fi\/renkaiden-vaihto\/","title":{"rendered":"Renkaiden vaihto"},"content":{"rendered":"<h3>Renkaiden vaihto<\/h3>\n<p>Renkaiden vaihtopalvelu sis\u00e4lt\u00e4\u00e4 seuraavat: py\u00f6r\u00e4n irrotus\/asennus ajoneuvoon, renkaiden purkaminen, asennus ja tasapainotus (kulutustarvikkeet sis\u00e4ltyv\u00e4t hintaan).<\/p>\n\n<table id=\"tablepress-31\" class=\"tablepress tablepress-id-31\">\n<thead>\n<tr class=\"row-1\">\n\t<th class=\"column-1\">RENKAIDEN VAIHTO HENKIL\u00d6AUTOIHIN JA MAASTOAUTOIHIN<\/th><th class=\"column-2\">13\"-16\"<\/th><th class=\"column-3\">17\"-18\"<\/th><th class=\"column-4\">19\"-20\"<\/th><th class=\"column-5\">21\"-24\"<\/th><td class=\"column-6\"><\/td>\n<\/tr>\n<\/thead>\n<tbody class=\"row-striping row-hover\">\n<tr class=\"row-2\">\n\t<td class=\"column-1\">4 renkaan vaihto metallivanteilla<\/td><td class=\"column-2\">45\u20ac<\/td><td class=\"column-3\">50\u20ac<\/td><td class=\"column-4\"><\/td><td class=\"column-5\"><\/td><td class=\"column-6\"><\/td>\n<\/tr>\n<tr class=\"row-3\">\n\t<td class=\"column-1\">4 renkaan vaihto kevytmetallivanteissa<\/td><td class=\"column-2\">50\u20ac<\/td><td class=\"column-3\">55\u20ac<\/td><td class=\"column-4\">65\u20ac<\/td><td class=\"column-5\">75\u20ac<\/td><td class=\"column-6\"><\/td>\n<\/tr>\n<\/tbody>\n<\/table>\n<!-- #tablepress-31 from cache -->\n\n<table id=\"tablepress-43\" class=\"tablepress tablepress-id-43\">\n<thead>\n<tr class=\"row-1\">\n\t<th class=\"column-1\">SUV- ja minibussien renkaiden vaihto<\/th><th class=\"column-2\">13\"-16\"<\/th><th class=\"column-3\">17\"-18\"<\/th><th class=\"column-4\">19\"-20\"<\/th><th class=\"column-5\">21\"<\/th><td class=\"column-6\"><\/td>\n<\/tr>\n<\/thead>\n<tbody class=\"row-striping row-hover\">\n<tr class=\"row-2\">\n\t<td class=\"column-1\">4 renkaan vaihto metallivanteilla<\/td><td class=\"column-2\">50\u20ac<\/td><td class=\"column-3\">55\u20ac<\/td><td class=\"column-4\"><\/td><td class=\"column-5\"><\/td><td class=\"column-6\"><\/td>\n<\/tr>\n<tr class=\"row-3\">\n\t<td class=\"column-1\">4 renkaan vaihto kevytmetallivanteissa<\/td><td class=\"column-2\">55\u20ac<\/td><td class=\"column-3\">60\u20ac<\/td><td class=\"column-4\">70\u20ac<\/td><td class=\"column-5\">80\u20ac<\/td><td class=\"column-6\"><\/td>\n<\/tr>\n<\/tbody>\n<\/table>\n<!-- #tablepress-43 from cache -->\n<h3>Py\u00f6r\u00e4n vaihto<\/h3>\n<p>Py\u00f6r\u00e4nvaihtopalveluun sis\u00e4ltyy: py\u00f6rien irrotus\/asennus ajoneuvoon, tasapainotus (kulutustarvikkeet sis\u00e4ltyv\u00e4t hintaan).<\/p>\n\n<table id=\"tablepress-34\" class=\"tablepress tablepress-id-34\">\n<thead>\n<tr class=\"row-1\">\n\t<th class=\"column-1\">PY\u00d6R\u00d6N VAIHTO HENKIL\u00d6AUTOIHIN JA MAASTOAUTOIHIN<\/th><th class=\"column-2\">13\"-16\"<\/th><th class=\"column-3\">17\"-18\"<\/th><th class=\"column-4\">19\"-20\"<\/th><th class=\"column-5\">21\"-24\"<\/th><td class=\"column-6\"><\/td>\n<\/tr>\n<\/thead>\n<tbody class=\"row-striping row-hover\">\n<tr class=\"row-2\">\n\t<td class=\"column-1\">4 py\u00f6r\u00e4n vaihto metallivanteilla<\/td><td class=\"column-2\">35\u20ac<\/td><td class=\"column-3\">40\u20ac<\/td><td class=\"column-4\"><\/td><td class=\"column-5\"><\/td><td class=\"column-6\"><\/td>\n<\/tr>\n<tr class=\"row-3\">\n\t<td class=\"column-1\">4 vanteen vaihto kevytmetallivanteissa<\/td><td class=\"column-2\">40\u20ac<\/td><td class=\"column-3\">45\u20ac<\/td><td class=\"column-4\">50\u20ac<\/td><td class=\"column-5\">60\u20ac<\/td><td class=\"column-6\"><\/td>\n<\/tr>\n<\/tbody>\n<\/table>\n<!-- #tablepress-34 from cache -->\n\n<table id=\"tablepress-46\" class=\"tablepress tablepress-id-46\">\n<thead>\n<tr class=\"row-1\">\n\t<th class=\"column-1\">T\u00e4yspy\u00f6r\u00e4n vaihto katumaastureihin ja minibussiin<\/th><th class=\"column-2\">13\"-16\"<\/th><th class=\"column-3\">17\"-18\"<\/th><th class=\"column-4\">19\"-20\"<\/th><th class=\"column-5\">21\"<\/th><td class=\"column-6\"><\/td>\n<\/tr>\n<\/thead>\n<tbody class=\"row-striping row-hover\">\n<tr class=\"row-2\">\n\t<td class=\"column-1\">4 py\u00f6r\u00e4n vaihto metallivanteilla<\/td><td class=\"column-2\">35\u20ac<\/td><td class=\"column-3\">40\u20ac<\/td><td class=\"column-4\"><\/td><td class=\"column-5\"><\/td><td class=\"column-6\"><\/td>\n<\/tr>\n<tr class=\"row-3\">\n\t<td class=\"column-1\">4 vanteen vaihto kevytmetallivanteissa<\/td><td class=\"column-2\">40\u20ac<\/td><td class=\"column-3\">45\u20ac<\/td><td class=\"column-4\">50\u20ac<\/td><td class=\"column-5\">60\u20ac<\/td><td class=\"column-6\"><\/td>\n<\/tr>\n<\/tbody>\n<\/table>\n<!-- #tablepress-46 from cache -->\n<h3>Aiheeseen liittyv\u00e4t palvelut<\/h3>\n\n<table id=\"tablepress-37\" class=\"tablepress tablepress-id-37\">\n<thead>\n<tr class=\"row-1\">\n\t<th class=\"column-1\">LIITTYV\u00c4T PALVELUT<\/th><th class=\"column-2\">Hinta<\/th>\n<\/tr>\n<\/thead>\n<tbody class=\"row-striping row-hover\">\n<tr class=\"row-2\">\n\t<td class=\"column-1\">4 renkaan kausis\u00e4ilytys<\/td><td class=\"column-2\">35\u20ac<\/td>\n<\/tr>\n<tr class=\"row-3\">\n\t<td class=\"column-1\">4 py\u00f6r\u00e4n kausis\u00e4ilytys (sis. pesun)<\/td><td class=\"column-2\">40\u20ac<\/td>\n<\/tr>\n<tr class=\"row-4\">\n\t<td class=\"column-1\">4-py\u00f6r\u00e4inen k\u00e4sinpesu kemikaaleilla<\/td><td class=\"column-2\">30\u20ac<\/td>\n<\/tr>\n<tr class=\"row-5\">\n\t<td class=\"column-1\">Renkaiden korjaus (naula jne.)<\/td><td class=\"column-2\">10\u20ac<\/td>\n<\/tr>\n<tr class=\"row-6\">\n\t<td class=\"column-1\">Renkaiden korjaus (paikat, renkaat)<\/td><td class=\"column-2\">20\u20ac<\/td>\n<\/tr>\n<tr class=\"row-7\">\n\t<td class=\"column-1\">1 py\u00f6r\u00e4n tasapainotus<\/td><td class=\"column-2\">6\u20ac<\/td>\n<\/tr>\n<tr class=\"row-8\">\n\t<td class=\"column-1\">Ty\u00f6skentely RunFlat-renkaiden kanssa (valinnainen)<\/td><td class=\"column-2\">5\u20ac\/py\u00f6r\u00e4<\/td>\n<\/tr>\n<tr class=\"row-9\">\n\t<td class=\"column-1\">Sulkupulttien irrottaminen <\/td><td class=\"column-2\">60\u20ac\/tunti<\/td>\n<\/tr>\n<tr class=\"row-10\">\n\t<td class=\"column-1\">Renkaiden h\u00e4vitys<\/td><td class=\"column-2\">5\u20ac\/kpl<\/td>\n<\/tr>\n<tr class=\"row-11\">\n\t<td class=\"column-1\">Venttiilin vaihto<\/td><td class=\"column-2\">1\u20ac<\/td>\n<\/tr>\n<tr class=\"row-12\">\n\t<td class=\"column-1\">Renkaiden s\u00e4ilytyspussi<\/td><td class=\"column-2\">0,5\u20ac\/kpl<\/td>\n<\/tr>\n<\/tbody>\n<\/table>\n<!-- #tablepress-37 from cache -->\n","protected":false},"excerpt":{"rendered":"<p>Renkaiden vaihto Renkaiden vaihtopalvelu sis\u00e4lt\u00e4\u00e4 seuraavat: py\u00f6r\u00e4n irrotus\/asennus ajoneuvoon, renkaiden  [&#8230;]<\/p>\n","protected":false},"author":1,"featured_media":0,"parent":0,"menu_order":0,"comment_status":"closed","ping_status":"closed","template":"","meta":{"footnotes":""},"class_list":["post-2757","page","type-page","status-publish","hentry"],"yoast_head":"<!-- This site is optimized with the Yoast SEO plugin v25.0 - https:\/\/yoast.com\/wordpress\/plugins\/seo\/ -->\n<title>Renkaiden vaihto - Corrosionfree<\/title>\n<meta name=\"robots\" content=\"index, follow, max-snippet:-1, max-image-preview:large, max-video-preview:-1\" \/>\n<link rel=\"canonical\" href=\"https:\/\/corrosionfree.ee\/fi\/renkaiden-vaihto\/\" \/>\n<meta property=\"og:locale\" content=\"fi_FI\" \/>\n<meta property=\"og:type\" content=\"article\" \/>\n<meta property=\"og:title\" content=\"Renkaiden vaihto - Corrosionfree\" \/>\n<meta property=\"og:description\" content=\"Renkaiden vaihto Renkaiden vaihtopalvelu sis\u00e4lt\u00e4\u00e4 seuraavat: py\u00f6r\u00e4n irrotus\/asennus ajoneuvoon, renkaiden [...]\" \/>\n<meta property=\"og:url\" content=\"https:\/\/corrosionfree.ee\/fi\/renkaiden-vaihto\/\" \/>\n<meta property=\"og:site_name\" content=\"Corrosionfree\" \/>\n<meta property=\"article:publisher\" content=\"https:\/\/www.facebook.com\/corrosionfreeESTONIA\" \/>\n<meta name=\"twitter:card\" content=\"summary_large_image\" \/>\n<script type=\"application\/ld+json\" class=\"yoast-schema-graph\">{\"@context\":\"https:\/\/schema.org\",\"@graph\":[{\"@type\":\"WebPage\",\"@id\":\"https:\/\/corrosionfree.ee\/fi\/renkaiden-vaihto\/\",\"url\":\"https:\/\/corrosionfree.ee\/fi\/renkaiden-vaihto\/\",\"name\":\"Renkaiden vaihto - Corrosionfree\",\"isPartOf\":{\"@id\":\"https:\/\/corrosionfree.ee\/#website\"},\"datePublished\":\"2025-03-13T12:48:13+00:00\",\"breadcrumb\":{\"@id\":\"https:\/\/corrosionfree.ee\/fi\/renkaiden-vaihto\/#breadcrumb\"},\"inLanguage\":\"fi\",\"potentialAction\":[{\"@type\":\"ReadAction\",\"target\":[\"https:\/\/corrosionfree.ee\/fi\/renkaiden-vaihto\/\"]}]},{\"@type\":\"BreadcrumbList\",\"@id\":\"https:\/\/corrosionfree.ee\/fi\/renkaiden-vaihto\/#breadcrumb\",\"itemListElement\":[{\"@type\":\"ListItem\",\"position\":1,\"name\":\"Home\",\"item\":\"https:\/\/corrosionfree.ee\/fi\/\"},{\"@type\":\"ListItem\",\"position\":2,\"name\":\"Renkaiden vaihto\"}]},{\"@type\":\"WebSite\",\"@id\":\"https:\/\/corrosionfree.ee\/#website\",\"url\":\"https:\/\/corrosionfree.ee\/\",\"name\":\"Corrosionfree\",\"description\":\"Corrosionfree veebileht\",\"publisher\":{\"@id\":\"https:\/\/corrosionfree.ee\/#organization\"},\"potentialAction\":[{\"@type\":\"SearchAction\",\"target\":{\"@type\":\"EntryPoint\",\"urlTemplate\":\"https:\/\/corrosionfree.ee\/?s={search_term_string}\"},\"query-input\":{\"@type\":\"PropertyValueSpecification\",\"valueRequired\":true,\"valueName\":\"search_term_string\"}}],\"inLanguage\":\"fi\"},{\"@type\":\"Organization\",\"@id\":\"https:\/\/corrosionfree.ee\/#organization\",\"name\":\"Reval Service\",\"url\":\"https:\/\/corrosionfree.ee\/\",\"logo\":{\"@type\":\"ImageObject\",\"inLanguage\":\"fi\",\"@id\":\"https:\/\/corrosionfree.ee\/#\/schema\/logo\/image\/\",\"url\":\"https:\/\/corrosionfree.ee\/wp-content\/uploads\/2025\/03\/cf_logo.png\",\"contentUrl\":\"https:\/\/corrosionfree.ee\/wp-content\/uploads\/2025\/03\/cf_logo.png\",\"width\":199,\"height\":140,\"caption\":\"Reval Service\"},\"image\":{\"@id\":\"https:\/\/corrosionfree.ee\/#\/schema\/logo\/image\/\"},\"sameAs\":[\"https:\/\/www.facebook.com\/corrosionfreeESTONIA\"]}]}<\/script>\n<!-- \/ Yoast SEO plugin. -->","yoast_head_json":{"title":"Renkaiden vaihto - Corrosionfree","robots":{"index":"index","follow":"follow","max-snippet":"max-snippet:-1","max-image-preview":"max-image-preview:large","max-video-preview":"max-video-preview:-1"},"canonical":"https:\/\/corrosionfree.ee\/fi\/renkaiden-vaihto\/","og_locale":"fi_FI","og_type":"article","og_title":"Renkaiden vaihto - Corrosionfree","og_description":"Renkaiden vaihto Renkaiden vaihtopalvelu sis\u00e4lt\u00e4\u00e4 seuraavat: py\u00f6r\u00e4n irrotus\/asennus ajoneuvoon, renkaiden [...]","og_url":"https:\/\/corrosionfree.ee\/fi\/renkaiden-vaihto\/","og_site_name":"Corrosionfree","article_publisher":"https:\/\/www.facebook.com\/corrosionfreeESTONIA","twitter_card":"summary_large_image","schema":{"@context":"https:\/\/schema.org","@graph":[{"@type":"WebPage","@id":"https:\/\/corrosionfree.ee\/fi\/renkaiden-vaihto\/","url":"https:\/\/corrosionfree.ee\/fi\/renkaiden-vaihto\/","name":"Renkaiden vaihto - Corrosionfree","isPartOf":{"@id":"https:\/\/corrosionfree.ee\/#website"},"datePublished":"2025-03-13T12:48:13+00:00","breadcrumb":{"@id":"https:\/\/corrosionfree.ee\/fi\/renkaiden-vaihto\/#breadcrumb"},"inLanguage":"fi","potentialAction":[{"@type":"ReadAction","target":["https:\/\/corrosionfree.ee\/fi\/renkaiden-vaihto\/"]}]},{"@type":"BreadcrumbList","@id":"https:\/\/corrosionfree.ee\/fi\/renkaiden-vaihto\/#breadcrumb","itemListElement":[{"@type":"ListItem","position":1,"name":"Home","item":"https:\/\/corrosionfree.ee\/fi\/"},{"@type":"ListItem","position":2,"name":"Renkaiden vaihto"}]},{"@type":"WebSite","@id":"https:\/\/corrosionfree.ee\/#website","url":"https:\/\/corrosionfree.ee\/","name":"Corrosionfree","description":"Corrosionfree veebileht","publisher":{"@id":"https:\/\/corrosionfree.ee\/#organization"},"potentialAction":[{"@type":"SearchAction","target":{"@type":"EntryPoint","urlTemplate":"https:\/\/corrosionfree.ee\/?s={search_term_string}"},"query-input":{"@type":"PropertyValueSpecification","valueRequired":true,"valueName":"search_term_string"}}],"inLanguage":"fi"},{"@type":"Organization","@id":"https:\/\/corrosionfree.ee\/#organization","name":"Reval Service","url":"https:\/\/corrosionfree.ee\/","logo":{"@type":"ImageObject","inLanguage":"fi","@id":"https:\/\/corrosionfree.ee\/#\/schema\/logo\/image\/","url":"https:\/\/corrosionfree.ee\/wp-content\/uploads\/2025\/03\/cf_logo.png","contentUrl":"https:\/\/corrosionfree.ee\/wp-content\/uploads\/2025\/03\/cf_logo.png","width":199,"height":140,"caption":"Reval Service"},"image":{"@id":"https:\/\/corrosionfree.ee\/#\/schema\/logo\/image\/"},"sameAs":["https:\/\/www.facebook.com\/corrosionfreeESTONIA"]}]}},"_links":{"self":[{"href":"https:\/\/corrosionfree.ee\/fi\/wp-json\/wp\/v2\/pages\/2757","targetHints":{"allow":["GET"]}}],"collection":[{"href":"https:\/\/corrosionfree.ee\/fi\/wp-json\/wp\/v2\/pages"}],"about":[{"href":"https:\/\/corrosionfree.ee\/fi\/wp-json\/wp\/v2\/types\/page"}],"author":[{"embeddable":true,"href":"https:\/\/corrosionfree.ee\/fi\/wp-json\/wp\/v2\/users\/1"}],"replies":[{"embeddable":true,"href":"https:\/\/corrosionfree.ee\/fi\/wp-json\/wp\/v2\/comments?post=2757"}],"version-history":[{"count":0,"href":"https:\/\/corrosionfree.ee\/fi\/wp-json\/wp\/v2\/pages\/2757\/revisions"}],"wp:attachment":[{"href":"https:\/\/corrosionfree.ee\/fi\/wp-json\/wp\/v2\/media?parent=2757"}],"curies":[{"name":"wp","href":"https:\/\/api.w.org\/{rel}","templated":true}]}}