{"id":2818,"date":"2025-03-13T14:38:05","date_gmt":"2025-03-13T12:38:05","guid":{"rendered":"https:\/\/corrosionfree.ee\/muut-laitteet\/"},"modified":"2025-05-22T15:49:10","modified_gmt":"2025-05-22T12:49:10","slug":"muut-laitteet","status":"publish","type":"page","link":"https:\/\/corrosionfree.ee\/fi\/muut-laitteet\/","title":{"rendered":"Muut laitteet"},"content":{"rendered":"<p><div class=\"fusion-fullwidth fullwidth-box fusion-builder-row-1 fusion-flex-container has-pattern-background has-mask-background nonhundred-percent-fullwidth non-hundred-percent-height-scrolling\" style=\"--awb-border-radius-top-left:0px;--awb-border-radius-top-right:0px;--awb-border-radius-bottom-right:0px;--awb-border-radius-bottom-left:0px;--awb-margin-top:-20px;--awb-flex-wrap:wrap;\" ><div class=\"fusion-builder-row fusion-row fusion-flex-align-items-flex-start fusion-flex-content-wrap\" style=\"max-width:1528.8px;margin-left: calc(-4% \/ 2 );margin-right: calc(-4% \/ 2 );\"><div class=\"fusion-layout-column fusion_builder_column fusion-builder-column-0 fusion_builder_column_1_1 1_1 fusion-flex-column\" style=\"--awb-bg-size:cover;--awb-width-large:100%;--awb-margin-top-large:30px;--awb-spacing-right-large:1.92%;--awb-margin-bottom-large:20px;--awb-spacing-left-large:1.92%;--awb-width-medium:100%;--awb-order-medium:0;--awb-spacing-right-medium:1.92%;--awb-spacing-left-medium:1.92%;--awb-width-small:100%;--awb-order-small:0;--awb-spacing-right-small:1.92%;--awb-spacing-left-small:1.92%;\" data-scroll-devices=\"small-visibility,medium-visibility,large-visibility\"><div class=\"fusion-column-wrapper fusion-column-has-shadow fusion-flex-justify-content-flex-start fusion-content-layout-column\"><div class=\"fusion-text fusion-text-1\"><p><strong><span style=\"color: #138240;\">Puhdistamme autosi pohjan ja suojaamme sen Formula 3000-korroosiosuojalla<\/span><br \/>\n<\/strong>Ajanvaraus:\u00a0\u00a06 836 724, 53 021 770.\u00a0\u00a0<span id=\"cloak54b1113ede8c1ba4250e35c6bf29f007\"><a href=\"mailto:info@corrosionfree.ee\">info(at)corrosionfree.ee<\/a><\/span><\/p>\n<\/div><\/div><\/div><\/div><\/div><div class=\"fusion-fullwidth fullwidth-box fusion-builder-row-2 fusion-flex-container has-pattern-background has-mask-background nonhundred-percent-fullwidth non-hundred-percent-height-scrolling\" style=\"--awb-border-radius-top-left:0px;--awb-border-radius-top-right:0px;--awb-border-radius-bottom-right:0px;--awb-border-radius-bottom-left:0px;--awb-margin-top:-20px;--awb-flex-wrap:wrap;\" ><div class=\"fusion-builder-row fusion-row fusion-flex-align-items-flex-start fusion-flex-content-wrap\" style=\"max-width:1528.8px;margin-left: calc(-4% \/ 2 );margin-right: calc(-4% \/ 2 );\"><div class=\"fusion-layout-column fusion_builder_column fusion-builder-column-1 fusion_builder_column_1_1 1_1 fusion-flex-column\" style=\"--awb-bg-size:cover;--awb-width-large:100%;--awb-margin-top-large:0px;--awb-spacing-right-large:1.92%;--awb-margin-bottom-large:20px;--awb-spacing-left-large:1.92%;--awb-width-medium:100%;--awb-order-medium:0;--awb-spacing-right-medium:1.92%;--awb-spacing-left-medium:1.92%;--awb-width-small:100%;--awb-order-small:0;--awb-spacing-right-small:1.92%;--awb-spacing-left-small:1.92%;\"><div class=\"fusion-column-wrapper fusion-column-has-shadow fusion-flex-justify-content-flex-start fusion-content-layout-column\"><div class=\"fusion-text fusion-text-2\">\n<table id=\"tablepress-26\" class=\"tablepress tablepress-id-26 tbody-has-connected-cells\">\n<thead>\n<tr class=\"row-1\">\n\t<th class=\"column-1\">AJONEUVOT<\/th><th class=\"column-2\">T\u00e4ysi k\u00e4sittely alkaen<\/th><td class=\"column-3\"><\/td>\n<\/tr>\n<\/thead>\n<tbody class=\"row-striping row-hover\">\n<tr class=\"row-2\">\n\t<td class=\"column-1\">Pakettiauto kaksiakselinen<\/td><td class=\"column-2\">370-420\u20ac<\/td><td rowspan=\"2\" class=\"column-3\"><img decoding=\"async\" src=\"data:image\/svg+xml,%3Csvg%20xmlns%3D%27http%3A%2F%2Fwww.w3.org%2F2000%2Fsvg%27%20width%3D%27164%27%20height%3D%2760%27%20viewBox%3D%270%200%20164%2060%27%3E%3Crect%20width%3D%27164%27%20height%3D%2760%27%20fill-opacity%3D%220%22%2F%3E%3C%2Fsvg%3E\" data-orig-src=\"https:\/\/corrosionfree.ee\/wp-content\/uploads\/2025\/03\/Veoauto_11.png\" alt=\"\" width=\"164\" height=\"60\" class=\"lazyload alignnone size-full wp-image-2140\" \/><\/td>\n<\/tr>\n<tr class=\"row-3\">\n\t<td class=\"column-1\">Pakettiauto kolmiakselinen<\/td><td class=\"column-2\">400-490\u20ac<\/td>\n<\/tr>\n<tr class=\"row-4\">\n\t<td class=\"column-1\">Veoauto \/ Dumpperi kaksiakselinen<\/td><td class=\"column-2\">315\u20ac<\/td><td rowspan=\"2\" class=\"column-3\"><img decoding=\"async\" src=\"https:\/\/corrosionfree.ee\/wp-content\/uploads\/2025\/03\/Veoautod.png\" data-orig-src=\"https:\/\/corrosionfree.ee\/wp-content\/uploads\/2025\/03\/Veoautod.png\" alt=\"\" width=\"250\" height=\"58\" class=\"lazyload alignnone size-full wp-image-2143\" srcset=\"data:image\/svg+xml,%3Csvg%20xmlns%3D%27http%3A%2F%2Fwww.w3.org%2F2000%2Fsvg%27%20width%3D%27250%27%20height%3D%2758%27%20viewBox%3D%270%200%20250%2058%27%3E%3Crect%20width%3D%27250%27%20height%3D%2758%27%20fill-opacity%3D%220%22%2F%3E%3C%2Fsvg%3E\" data-srcset=\"https:\/\/corrosionfree.ee\/wp-content\/uploads\/2025\/03\/Veoautod-200x46.png 200w, https:\/\/corrosionfree.ee\/wp-content\/uploads\/2025\/03\/Veoautod.png 250w\" data-sizes=\"auto\" data-orig-sizes=\"(max-width: 250px) 100vw, 250px\" \/><\/td>\n<\/tr>\n<tr class=\"row-5\">\n\t<td class=\"column-1\">Veoauto \/ Dumpperi kolmiakselinen<\/td><td class=\"column-2\">346\u20ac<\/td>\n<\/tr>\n<tr class=\"row-6\">\n\t<td class=\"column-1\">Puoliper\u00e4vaunu 12-14 v<\/td><td class=\"column-2\">325-452\u20ac<\/td><td class=\"column-3\"><img decoding=\"async\" src=\"https:\/\/corrosionfree.ee\/wp-content\/uploads\/2025\/03\/hagis_31.png\" data-orig-src=\"https:\/\/corrosionfree.ee\/wp-content\/uploads\/2025\/03\/hagis_31.png\" alt=\"\" width=\"235\" height=\"38\" class=\"lazyload alignnone size-full wp-image-2125\" srcset=\"data:image\/svg+xml,%3Csvg%20xmlns%3D%27http%3A%2F%2Fwww.w3.org%2F2000%2Fsvg%27%20width%3D%27235%27%20height%3D%2738%27%20viewBox%3D%270%200%20235%2038%27%3E%3Crect%20width%3D%27235%27%20height%3D%2738%27%20fill-opacity%3D%220%22%2F%3E%3C%2Fsvg%3E\" data-srcset=\"https:\/\/corrosionfree.ee\/wp-content\/uploads\/2025\/03\/hagis_31-200x32.png 200w, https:\/\/corrosionfree.ee\/wp-content\/uploads\/2025\/03\/hagis_31.png 235w\" data-sizes=\"auto\" data-orig-sizes=\"(max-width: 235px) 100vw, 235px\" \/><\/td>\n<\/tr>\n<tr class=\"row-7\">\n\t<td class=\"column-1\">Kuorma-autohytti<\/td><td class=\"column-2\">33\u20ac<\/td><td class=\"column-3\"><img decoding=\"async\" src=\"data:image\/svg+xml,%3Csvg%20xmlns%3D%27http%3A%2F%2Fwww.w3.org%2F2000%2Fsvg%27%20width%3D%2750%27%20height%3D%2763%27%20viewBox%3D%270%200%2050%2063%27%3E%3Crect%20width%3D%2750%27%20height%3D%2763%27%20fill-opacity%3D%220%22%2F%3E%3C%2Fsvg%3E\" data-orig-src=\"https:\/\/corrosionfree.ee\/wp-content\/uploads\/2025\/03\/kab_11.png\" alt=\"\" width=\"50\" height=\"63\" class=\"lazyload alignnone size-full wp-image-2128\" \/><\/td>\n<\/tr>\n<tr class=\"row-8\">\n\t<td class=\"column-1\">Hydraulisen nosturin lava<\/td><td class=\"column-2\">60\u20ac<\/td><td class=\"column-3\"><img decoding=\"async\" src=\"data:image\/svg+xml,%3Csvg%20xmlns%3D%27http%3A%2F%2Fwww.w3.org%2F2000%2Fsvg%27%20width%3D%2781%27%20height%3D%2750%27%20viewBox%3D%270%200%2081%2050%27%3E%3Crect%20width%3D%2781%27%20height%3D%2750%27%20fill-opacity%3D%220%22%2F%3E%3C%2Fsvg%3E\" data-orig-src=\"https:\/\/corrosionfree.ee\/wp-content\/uploads\/2025\/03\/lift_11.png\" alt=\"\" width=\"81\" height=\"50\" class=\"lazyload alignnone size-full wp-image-2131\" \/><\/td>\n<\/tr>\n<tr class=\"row-9\">\n\t<td class=\"column-1\">Krone-tyyppisten puoliper\u00e4vaunujen perforoidun kiinnitysprofiilin puhdistus ja k\u00e4sittely.<\/td><td class=\"column-2\">135\u20ac<\/td><td class=\"column-3\"><\/td>\n<\/tr>\n<tr class=\"row-10\">\n\t<td class=\"column-1\">Perforoidun kiinnitysprofiilin k\u00e4sittely ilman puhdistusta<\/td><td class=\"column-2\">80\u20ac<\/td><td class=\"column-3\"><\/td>\n<\/tr>\n<tr class=\"row-11\">\n\t<td class=\"column-1\">Kemikaalilevitin<\/td><td class=\"column-2\">200\u20ac<\/td><td class=\"column-3\"><img decoding=\"async\" src=\"data:image\/svg+xml,%3Csvg%20xmlns%3D%27http%3A%2F%2Fwww.w3.org%2F2000%2Fsvg%27%20width%3D%2774%27%20height%3D%2751%27%20viewBox%3D%270%200%2074%2051%27%3E%3Crect%20width%3D%2774%27%20height%3D%2751%27%20fill-opacity%3D%220%22%2F%3E%3C%2Fsvg%3E\" data-orig-src=\"https:\/\/corrosionfree.ee\/wp-content\/uploads\/2025\/03\/reagent_11.png\" alt=\"\" width=\"74\" height=\"51\" class=\"lazyload alignnone size-full wp-image-2134\" \/><\/td>\n<\/tr>\n<tr class=\"row-12\">\n\t<td class=\"column-1\">Traktori<\/td><td class=\"column-2\">180-280\u20ac<\/td><td class=\"column-3\"><img decoding=\"async\" src=\"data:image\/svg+xml,%3Csvg%20xmlns%3D%27http%3A%2F%2Fwww.w3.org%2F2000%2Fsvg%27%20width%3D%2778%27%20height%3D%2760%27%20viewBox%3D%270%200%2078%2060%27%3E%3Crect%20width%3D%2778%27%20height%3D%2760%27%20fill-opacity%3D%220%22%2F%3E%3C%2Fsvg%3E\" data-orig-src=\"https:\/\/corrosionfree.ee\/wp-content\/uploads\/2025\/03\/traktor_11.png\" alt=\"\" width=\"78\" height=\"60\" class=\"lazyload alignnone size-full wp-image-2137\" \/><\/td>\n<\/tr>\n<tr class=\"row-13\">\n\t<td class=\"column-1\">Raudoitus ja muut ter\u00e4srakenteet lasketaan litraan Formula 3000:t\u00e4 perustuen ** <\/td><td class=\"column-2\">1L = 73\u20ac<\/td><td class=\"column-3\"><\/td>\n<\/tr>\n<\/tbody>\n<\/table>\n\n<\/div><\/div><\/div><\/div><\/div><div class=\"fusion-fullwidth fullwidth-box fusion-builder-row-3 fusion-flex-container has-pattern-background has-mask-background nonhundred-percent-fullwidth non-hundred-percent-height-scrolling\" style=\"--awb-border-radius-top-left:0px;--awb-border-radius-top-right:0px;--awb-border-radius-bottom-right:0px;--awb-border-radius-bottom-left:0px;--awb-flex-wrap:wrap;\" ><div class=\"fusion-builder-row fusion-row fusion-flex-align-items-flex-start fusion-flex-content-wrap\" style=\"max-width:1528.8px;margin-left: calc(-4% \/ 2 );margin-right: calc(-4% \/ 2 );\"><div class=\"fusion-layout-column fusion_builder_column fusion-builder-column-2 fusion_builder_column_1_1 1_1 fusion-flex-column\" style=\"--awb-bg-size:cover;--awb-width-large:100%;--awb-margin-top-large:0px;--awb-spacing-right-large:1.92%;--awb-margin-bottom-large:20px;--awb-spacing-left-large:1.92%;--awb-width-medium:100%;--awb-order-medium:0;--awb-spacing-right-medium:1.92%;--awb-spacing-left-medium:1.92%;--awb-width-small:100%;--awb-order-small:0;--awb-spacing-right-small:1.92%;--awb-spacing-left-small:1.92%;\"><div class=\"fusion-column-wrapper fusion-column-has-shadow fusion-flex-justify-content-flex-start fusion-content-layout-column\"><div class=\"fusion-text fusion-text-3\"><p><span style=\"color: #ff0000;\">Hinnat ALV:lla<\/span><\/p>\n<p><span style=\"color: #ff0000;\">**<\/span>\u00a0Hintaan kuuluu sovittujen osien pesu ja k\u00e4sittely johtuen litrasta Formula 3000-inhibiittoria, ilman nosturia. Inhibiittorin kulutus tasaisia pintoja k\u00e4sittelyn yhteydess\u00e4 on noin 200 ml \/ 1 m<sup>2<\/sup>.<\/p>\n<table>\n<tbody>\n<tr>\n<td><strong>T\u00e4ysi korroosiosuojaus\u00a0<\/strong><\/td>\n<td><strong>Pohjan korroosiosuojaus\u00a0<\/strong><\/td>\n<\/tr>\n<tr>\n<td>T\u00e4h\u00e4n palveluun kuuluu seuraava:<\/p>\n<p>1. Pohjan, py\u00f6r\u00e4koteloiden ja jousituksen\u00a0pesu.<\/p>\n<p>2.\u00a0Pohjan, py\u00f6r\u00e4koteloiden, jousituksen, piilo-onteloiden ja konepellin alla olevan tilan k\u00e4sittely Formula 3000-inhibiittorilla.<\/td>\n<td>T\u00e4h\u00e4n palveluun kuuluu seuraava:<\/p>\n<p>1. Pohjan, py\u00f6r\u00e4koteloiden ja jousituksen\u00a0<a href=\"https:\/\/corrosionfree.ee\/index.php\/fi\/hinta\/saeaennoet-ja-alennukset\">p<\/a>esu.<\/p>\n<p>2.\u00a0Pohjan, py\u00f6r\u00e4koteloiden ja jousituksen k\u00e4sittely Formula 3000-inhibiittorilla.<\/td>\n<\/tr>\n<\/tbody>\n<\/table>\n<p><strong>*<\/strong>\u00a0\u0415\u0441\u043b\u0438 \u0434\u043d\u0438\u0449\u0435 \u0442\u0440\u0430\u043d\u0441\u043f\u043e\u0440\u0442\u043d\u043e\u0433\u043e \u0441\u0440\u0435\u0434\u0441\u0442\u0432\u0430 \u0438\u043c\u0435\u0435\u0442 \u0441\u0438\u043b\u044c\u043d\u043e\u0435 \u0437\u0430\u0433\u0440\u044f\u0437\u043d\u0435\u043d\u0438\u0435 (\u043d\u043e\u0440\u043c\u0430 45 \u043c\u0438\u043d\u0443\u0442), \u0442\u043e \u0441\u0442\u043e\u0438\u043c\u043e\u0441\u0442\u044c \u0443\u0441\u043b\u0443\u0433\u0438 \u0443\u0432\u0435\u043b\u0438\u0447\u0438\u0432\u0430\u0435\u0442\u0441\u044f \u043d\u0430 \u0441\u0442\u043e\u0438\u043c\u043e\u0441\u0442\u044c \u0434\u043e\u043f\u043e\u043b\u043d\u0438\u0442\u0435\u043b\u044c\u043d\u043e \u0437\u0430\u0442\u0440\u0430\u0447\u0435\u043d\u043d\u043e\u0433\u043e \u0432\u0440\u0435\u043c\u0435\u043d\u0438 \u043d\u0430 \u043c\u043e\u0439\u043a\u0443 \u0434\u043d\u0438\u0449\u0430 \u0438\u0437 \u0440\u0430\u0441\u0447\u0451\u0442\u0430 60 \u0435\u0432\u0440\u043e\/\u0447\u0430\u0441.<\/p>\n<\/div><\/div><\/div><\/div><\/div><\/p>\n","protected":false},"excerpt":{"rendered":"","protected":false},"author":1,"featured_media":0,"parent":0,"menu_order":0,"comment_status":"closed","ping_status":"closed","template":"","meta":{"footnotes":""},"class_list":["post-2818","page","type-page","status-publish","hentry"],"yoast_head":"<!-- This site is optimized with the Yoast SEO plugin v25.0 - https:\/\/yoast.com\/wordpress\/plugins\/seo\/ -->\n<title>Muut laitteet - Corrosionfree<\/title>\n<meta name=\"robots\" content=\"index, follow, max-snippet:-1, max-image-preview:large, max-video-preview:-1\" \/>\n<link rel=\"canonical\" href=\"https:\/\/corrosionfree.ee\/fi\/muut-laitteet\/\" \/>\n<meta property=\"og:locale\" content=\"fi_FI\" \/>\n<meta property=\"og:type\" content=\"article\" \/>\n<meta property=\"og:title\" content=\"Muut laitteet - Corrosionfree\" \/>\n<meta property=\"og:url\" content=\"https:\/\/corrosionfree.ee\/fi\/muut-laitteet\/\" \/>\n<meta property=\"og:site_name\" content=\"Corrosionfree\" \/>\n<meta property=\"article:publisher\" content=\"https:\/\/www.facebook.com\/corrosionfreeESTONIA\" \/>\n<meta property=\"article:modified_time\" content=\"2025-05-22T12:49:10+00:00\" \/>\n<meta name=\"twitter:card\" content=\"summary_large_image\" \/>\n<meta name=\"twitter:label1\" content=\"Arvioitu lukuaika\" \/>\n\t<meta name=\"twitter:data1\" content=\"1 minuutti\" \/>\n<script type=\"application\/ld+json\" class=\"yoast-schema-graph\">{\"@context\":\"https:\/\/schema.org\",\"@graph\":[{\"@type\":\"WebPage\",\"@id\":\"https:\/\/corrosionfree.ee\/fi\/muut-laitteet\/\",\"url\":\"https:\/\/corrosionfree.ee\/fi\/muut-laitteet\/\",\"name\":\"Muut laitteet - Corrosionfree\",\"isPartOf\":{\"@id\":\"https:\/\/corrosionfree.ee\/#website\"},\"datePublished\":\"2025-03-13T12:38:05+00:00\",\"dateModified\":\"2025-05-22T12:49:10+00:00\",\"breadcrumb\":{\"@id\":\"https:\/\/corrosionfree.ee\/fi\/muut-laitteet\/#breadcrumb\"},\"inLanguage\":\"fi\",\"potentialAction\":[{\"@type\":\"ReadAction\",\"target\":[\"https:\/\/corrosionfree.ee\/fi\/muut-laitteet\/\"]}]},{\"@type\":\"BreadcrumbList\",\"@id\":\"https:\/\/corrosionfree.ee\/fi\/muut-laitteet\/#breadcrumb\",\"itemListElement\":[{\"@type\":\"ListItem\",\"position\":1,\"name\":\"Home\",\"item\":\"https:\/\/corrosionfree.ee\/fi\/\"},{\"@type\":\"ListItem\",\"position\":2,\"name\":\"Muut laitteet\"}]},{\"@type\":\"WebSite\",\"@id\":\"https:\/\/corrosionfree.ee\/#website\",\"url\":\"https:\/\/corrosionfree.ee\/\",\"name\":\"Corrosionfree\",\"description\":\"Corrosionfree veebileht\",\"publisher\":{\"@id\":\"https:\/\/corrosionfree.ee\/#organization\"},\"potentialAction\":[{\"@type\":\"SearchAction\",\"target\":{\"@type\":\"EntryPoint\",\"urlTemplate\":\"https:\/\/corrosionfree.ee\/?s={search_term_string}\"},\"query-input\":{\"@type\":\"PropertyValueSpecification\",\"valueRequired\":true,\"valueName\":\"search_term_string\"}}],\"inLanguage\":\"fi\"},{\"@type\":\"Organization\",\"@id\":\"https:\/\/corrosionfree.ee\/#organization\",\"name\":\"Reval Service\",\"url\":\"https:\/\/corrosionfree.ee\/\",\"logo\":{\"@type\":\"ImageObject\",\"inLanguage\":\"fi\",\"@id\":\"https:\/\/corrosionfree.ee\/#\/schema\/logo\/image\/\",\"url\":\"https:\/\/corrosionfree.ee\/wp-content\/uploads\/2025\/03\/cf_logo.png\",\"contentUrl\":\"https:\/\/corrosionfree.ee\/wp-content\/uploads\/2025\/03\/cf_logo.png\",\"width\":199,\"height\":140,\"caption\":\"Reval Service\"},\"image\":{\"@id\":\"https:\/\/corrosionfree.ee\/#\/schema\/logo\/image\/\"},\"sameAs\":[\"https:\/\/www.facebook.com\/corrosionfreeESTONIA\"]}]}<\/script>\n<!-- \/ Yoast SEO plugin. -->","yoast_head_json":{"title":"Muut laitteet - Corrosionfree","robots":{"index":"index","follow":"follow","max-snippet":"max-snippet:-1","max-image-preview":"max-image-preview:large","max-video-preview":"max-video-preview:-1"},"canonical":"https:\/\/corrosionfree.ee\/fi\/muut-laitteet\/","og_locale":"fi_FI","og_type":"article","og_title":"Muut laitteet - Corrosionfree","og_url":"https:\/\/corrosionfree.ee\/fi\/muut-laitteet\/","og_site_name":"Corrosionfree","article_publisher":"https:\/\/www.facebook.com\/corrosionfreeESTONIA","article_modified_time":"2025-05-22T12:49:10+00:00","twitter_card":"summary_large_image","twitter_misc":{"Arvioitu lukuaika":"1 minuutti"},"schema":{"@context":"https:\/\/schema.org","@graph":[{"@type":"WebPage","@id":"https:\/\/corrosionfree.ee\/fi\/muut-laitteet\/","url":"https:\/\/corrosionfree.ee\/fi\/muut-laitteet\/","name":"Muut laitteet - Corrosionfree","isPartOf":{"@id":"https:\/\/corrosionfree.ee\/#website"},"datePublished":"2025-03-13T12:38:05+00:00","dateModified":"2025-05-22T12:49:10+00:00","breadcrumb":{"@id":"https:\/\/corrosionfree.ee\/fi\/muut-laitteet\/#breadcrumb"},"inLanguage":"fi","potentialAction":[{"@type":"ReadAction","target":["https:\/\/corrosionfree.ee\/fi\/muut-laitteet\/"]}]},{"@type":"BreadcrumbList","@id":"https:\/\/corrosionfree.ee\/fi\/muut-laitteet\/#breadcrumb","itemListElement":[{"@type":"ListItem","position":1,"name":"Home","item":"https:\/\/corrosionfree.ee\/fi\/"},{"@type":"ListItem","position":2,"name":"Muut laitteet"}]},{"@type":"WebSite","@id":"https:\/\/corrosionfree.ee\/#website","url":"https:\/\/corrosionfree.ee\/","name":"Corrosionfree","description":"Corrosionfree veebileht","publisher":{"@id":"https:\/\/corrosionfree.ee\/#organization"},"potentialAction":[{"@type":"SearchAction","target":{"@type":"EntryPoint","urlTemplate":"https:\/\/corrosionfree.ee\/?s={search_term_string}"},"query-input":{"@type":"PropertyValueSpecification","valueRequired":true,"valueName":"search_term_string"}}],"inLanguage":"fi"},{"@type":"Organization","@id":"https:\/\/corrosionfree.ee\/#organization","name":"Reval Service","url":"https:\/\/corrosionfree.ee\/","logo":{"@type":"ImageObject","inLanguage":"fi","@id":"https:\/\/corrosionfree.ee\/#\/schema\/logo\/image\/","url":"https:\/\/corrosionfree.ee\/wp-content\/uploads\/2025\/03\/cf_logo.png","contentUrl":"https:\/\/corrosionfree.ee\/wp-content\/uploads\/2025\/03\/cf_logo.png","width":199,"height":140,"caption":"Reval Service"},"image":{"@id":"https:\/\/corrosionfree.ee\/#\/schema\/logo\/image\/"},"sameAs":["https:\/\/www.facebook.com\/corrosionfreeESTONIA"]}]}},"_links":{"self":[{"href":"https:\/\/corrosionfree.ee\/fi\/wp-json\/wp\/v2\/pages\/2818","targetHints":{"allow":["GET"]}}],"collection":[{"href":"https:\/\/corrosionfree.ee\/fi\/wp-json\/wp\/v2\/pages"}],"about":[{"href":"https:\/\/corrosionfree.ee\/fi\/wp-json\/wp\/v2\/types\/page"}],"author":[{"embeddable":true,"href":"https:\/\/corrosionfree.ee\/fi\/wp-json\/wp\/v2\/users\/1"}],"replies":[{"embeddable":true,"href":"https:\/\/corrosionfree.ee\/fi\/wp-json\/wp\/v2\/comments?post=2818"}],"version-history":[{"count":5,"href":"https:\/\/corrosionfree.ee\/fi\/wp-json\/wp\/v2\/pages\/2818\/revisions"}],"predecessor-version":[{"id":3451,"href":"https:\/\/corrosionfree.ee\/fi\/wp-json\/wp\/v2\/pages\/2818\/revisions\/3451"}],"wp:attachment":[{"href":"https:\/\/corrosionfree.ee\/fi\/wp-json\/wp\/v2\/media?parent=2818"}],"curies":[{"name":"wp","href":"https:\/\/api.w.org\/{rel}","templated":true}]}}