{"id":2833,"date":"2021-01-20T19:01:16","date_gmt":"2021-01-20T17:01:16","guid":{"rendered":"https:\/\/corrosionfree.ee\/%d0%be-meista\/"},"modified":"2025-04-16T13:41:58","modified_gmt":"2025-04-16T10:41:58","slug":"%d0%be-meista","status":"publish","type":"page","link":"https:\/\/corrosionfree.ee\/fi\/%d0%be-meista\/","title":{"rendered":"\u041e Meist\u00e4"},"content":{"rendered":"<div class=\"fusion-fullwidth fullwidth-box fusion-builder-row-1 fusion-flex-container has-pattern-background has-mask-background nonhundred-percent-fullwidth non-hundred-percent-height-scrolling\" style=\"--awb-border-radius-top-left:0px;--awb-border-radius-top-right:0px;--awb-border-radius-bottom-right:0px;--awb-border-radius-bottom-left:0px;--awb-flex-wrap:wrap;\" ><div class=\"fusion-builder-row fusion-row fusion-flex-align-items-flex-start fusion-flex-content-wrap\" style=\"max-width:1528.8px;margin-left: calc(-4% \/ 2 );margin-right: calc(-4% \/ 2 );\"><div class=\"fusion-layout-column fusion_builder_column fusion-builder-column-0 fusion_builder_column_1_1 1_1 fusion-flex-column\" style=\"--awb-bg-size:cover;--awb-width-large:100%;--awb-margin-top-large:30px;--awb-spacing-right-large:1.92%;--awb-margin-bottom-large:20px;--awb-spacing-left-large:1.92%;--awb-width-medium:100%;--awb-order-medium:0;--awb-spacing-right-medium:1.92%;--awb-spacing-left-medium:1.92%;--awb-width-small:100%;--awb-order-small:0;--awb-spacing-right-small:1.92%;--awb-spacing-left-small:1.92%;\" data-scroll-devices=\"small-visibility,medium-visibility,large-visibility\"><div class=\"fusion-column-wrapper fusion-column-has-shadow fusion-flex-justify-content-flex-start fusion-content-layout-column\"><div class=\"fusion-text fusion-text-1\"><p><strong>AS Reval service on perustettu vuonna 1994.<\/strong>\u00a0Vuonna 2014 yhti\u00f6 on laajentanut toimintaansa ajoneuvojen ja teollisuuslaitteiden korroosiosuojaukseen. Olemme uudistaneet osoitteella Betooni 11 sijaitsevan rakennuksemme osan korroosiosuojusosastoksi. Osastoon on asennettu 19 m nosturi nostokapasiteetillaan 20 tonnia, saostuskaivo, puhdistuss\u00e4ili\u00f6, ajoneuvojen pesulaitteisto ja ajoneuvojen korroosiosuojauslaitteisto. Kyseisell\u00e4 laitteistolla k\u00e4sittelimme ajoneuvoja korroosiolta suojaavalla inhibiittorilla Krown\u2122-menetelm\u00e4\u00e4 hy\u00f6dynt\u00e4en. Vuonna 2019 olemme siirtyneet parempaan inhibiittoriin ja Corrosion Free-menetelm\u00e4\u00e4n. Corrosion Free\u2122 &#8211; Formila 3000-inhibiittorilla on Krown T40-inhibiittoriin verrattuna parempi tartunta ajoneuvon metalliosiin, mink\u00e4 ansiosta pohja voidaan k\u00e4sitell\u00e4 18 kuukauden v\u00e4lein ja sis\u00e4iset ontelot 36 kuukauden v\u00e4lein. Vrt. Krown:n osalta se on 12 ja 24 kk vastaavasti. Corrosion Free\u2122 -menetelm\u00e4\u00e4 k\u00e4ytt\u00e4v\u00e4t mm. Kanadan puolustusvoimat ja sit\u00e4 pidet\u00e4\u00e4n tehokkaampana muihin menetelmiin verrattuna.<\/p>\n<p>Ks. asiakirja nimelt\u00e4\u00e4n<a href=\"https:\/\/corrosionfree.com\/wp-content\/uploads\/2019\/09\/Dept-of-Defence-Report-Highlighted-Text-copy.pdf\">\u00a0Tutkimukset puolustuksen alalla ja Kanadan kehitys:\u00a0<img class=\"lazyload\" decoding=\"async\" src=\"data:image\/gif;base64,R0lGODlhAQABAAAAACH5BAEKAAEALAAAAAABAAEAAAICTAEAOw==\" data-orig-src=\"https:\/\/corrosionfree.ee\/images\/docs\/doc1.png\" alt=\"doc1\" \/><strong>\u00a0<\/strong><\/a><\/p>\n<p>Don\u2019t take our word for it! \u00a0<a href=\"https:\/\/corrosionfree.com\/wp-content\/uploads\/2019\/09\/Dept-of-Defence-Report-Highlighted-Text-copy.pdf\">Read the Canadian Government Defence Research\u00a0and Development Report.<\/a><\/p>\n<\/div><\/div><\/div><\/div><\/div>\n","protected":false},"excerpt":{"rendered":"","protected":false},"author":1,"featured_media":0,"parent":0,"menu_order":0,"comment_status":"closed","ping_status":"closed","template":"100-width.php","meta":{"footnotes":""},"class_list":["post-2833","page","type-page","status-publish","hentry"],"yoast_head":"<!-- This site is optimized with the Yoast SEO plugin v25.0 - https:\/\/yoast.com\/wordpress\/plugins\/seo\/ -->\n<title>\u041e Meist\u00e4 - Corrosionfree<\/title>\n<meta name=\"robots\" content=\"index, follow, max-snippet:-1, max-image-preview:large, max-video-preview:-1\" \/>\n<link rel=\"canonical\" href=\"https:\/\/corrosionfree.ee\/fi\/\u043e-meista\/\" \/>\n<meta property=\"og:locale\" content=\"fi_FI\" \/>\n<meta property=\"og:type\" content=\"article\" \/>\n<meta property=\"og:title\" content=\"\u041e Meist\u00e4 - Corrosionfree\" \/>\n<meta property=\"og:url\" content=\"https:\/\/corrosionfree.ee\/fi\/\u043e-meista\/\" \/>\n<meta property=\"og:site_name\" content=\"Corrosionfree\" \/>\n<meta property=\"article:publisher\" content=\"https:\/\/www.facebook.com\/corrosionfreeESTONIA\" \/>\n<meta property=\"article:modified_time\" content=\"2025-04-16T10:41:58+00:00\" \/>\n<meta property=\"og:image\" content=\"https:\/\/corrosionfree.ee\/images\/docs\/doc1.png\" \/>\n<meta name=\"twitter:card\" content=\"summary_large_image\" \/>\n<meta name=\"twitter:label1\" content=\"Arvioitu lukuaika\" \/>\n\t<meta name=\"twitter:data1\" content=\"6 minuuttia\" \/>\n<script type=\"application\/ld+json\" class=\"yoast-schema-graph\">{\"@context\":\"https:\/\/schema.org\",\"@graph\":[{\"@type\":\"WebPage\",\"@id\":\"https:\/\/corrosionfree.ee\/fi\/%d0%be-meista\/\",\"url\":\"https:\/\/corrosionfree.ee\/fi\/%d0%be-meista\/\",\"name\":\"\u041e Meist\u00e4 - Corrosionfree\",\"isPartOf\":{\"@id\":\"https:\/\/corrosionfree.ee\/#website\"},\"primaryImageOfPage\":{\"@id\":\"https:\/\/corrosionfree.ee\/fi\/%d0%be-meista\/#primaryimage\"},\"image\":{\"@id\":\"https:\/\/corrosionfree.ee\/fi\/%d0%be-meista\/#primaryimage\"},\"thumbnailUrl\":\"https:\/\/corrosionfree.ee\/images\/docs\/doc1.png\",\"datePublished\":\"2021-01-20T17:01:16+00:00\",\"dateModified\":\"2025-04-16T10:41:58+00:00\",\"breadcrumb\":{\"@id\":\"https:\/\/corrosionfree.ee\/fi\/%d0%be-meista\/#breadcrumb\"},\"inLanguage\":\"fi\",\"potentialAction\":[{\"@type\":\"ReadAction\",\"target\":[\"https:\/\/corrosionfree.ee\/fi\/%d0%be-meista\/\"]}]},{\"@type\":\"ImageObject\",\"inLanguage\":\"fi\",\"@id\":\"https:\/\/corrosionfree.ee\/fi\/%d0%be-meista\/#primaryimage\",\"url\":\"https:\/\/corrosionfree.ee\/images\/docs\/doc1.png\",\"contentUrl\":\"https:\/\/corrosionfree.ee\/images\/docs\/doc1.png\"},{\"@type\":\"BreadcrumbList\",\"@id\":\"https:\/\/corrosionfree.ee\/fi\/%d0%be-meista\/#breadcrumb\",\"itemListElement\":[{\"@type\":\"ListItem\",\"position\":1,\"name\":\"Home\",\"item\":\"https:\/\/corrosionfree.ee\/fi\/\"},{\"@type\":\"ListItem\",\"position\":2,\"name\":\"\u041e Meist\u00e4\"}]},{\"@type\":\"WebSite\",\"@id\":\"https:\/\/corrosionfree.ee\/#website\",\"url\":\"https:\/\/corrosionfree.ee\/\",\"name\":\"Corrosionfree\",\"description\":\"Corrosionfree veebileht\",\"publisher\":{\"@id\":\"https:\/\/corrosionfree.ee\/#organization\"},\"potentialAction\":[{\"@type\":\"SearchAction\",\"target\":{\"@type\":\"EntryPoint\",\"urlTemplate\":\"https:\/\/corrosionfree.ee\/?s={search_term_string}\"},\"query-input\":{\"@type\":\"PropertyValueSpecification\",\"valueRequired\":true,\"valueName\":\"search_term_string\"}}],\"inLanguage\":\"fi\"},{\"@type\":\"Organization\",\"@id\":\"https:\/\/corrosionfree.ee\/#organization\",\"name\":\"Reval Service\",\"url\":\"https:\/\/corrosionfree.ee\/\",\"logo\":{\"@type\":\"ImageObject\",\"inLanguage\":\"fi\",\"@id\":\"https:\/\/corrosionfree.ee\/#\/schema\/logo\/image\/\",\"url\":\"https:\/\/corrosionfree.ee\/wp-content\/uploads\/2025\/03\/cf_logo.png\",\"contentUrl\":\"https:\/\/corrosionfree.ee\/wp-content\/uploads\/2025\/03\/cf_logo.png\",\"width\":199,\"height\":140,\"caption\":\"Reval Service\"},\"image\":{\"@id\":\"https:\/\/corrosionfree.ee\/#\/schema\/logo\/image\/\"},\"sameAs\":[\"https:\/\/www.facebook.com\/corrosionfreeESTONIA\"]}]}<\/script>\n<!-- \/ Yoast SEO plugin. -->","yoast_head_json":{"title":"\u041e Meist\u00e4 - Corrosionfree","robots":{"index":"index","follow":"follow","max-snippet":"max-snippet:-1","max-image-preview":"max-image-preview:large","max-video-preview":"max-video-preview:-1"},"canonical":"https:\/\/corrosionfree.ee\/fi\/\u043e-meista\/","og_locale":"fi_FI","og_type":"article","og_title":"\u041e Meist\u00e4 - Corrosionfree","og_url":"https:\/\/corrosionfree.ee\/fi\/\u043e-meista\/","og_site_name":"Corrosionfree","article_publisher":"https:\/\/www.facebook.com\/corrosionfreeESTONIA","article_modified_time":"2025-04-16T10:41:58+00:00","og_image":[{"url":"https:\/\/corrosionfree.ee\/images\/docs\/doc1.png","type":"","width":"","height":""}],"twitter_card":"summary_large_image","twitter_misc":{"Arvioitu lukuaika":"6 minuuttia"},"schema":{"@context":"https:\/\/schema.org","@graph":[{"@type":"WebPage","@id":"https:\/\/corrosionfree.ee\/fi\/%d0%be-meista\/","url":"https:\/\/corrosionfree.ee\/fi\/%d0%be-meista\/","name":"\u041e Meist\u00e4 - Corrosionfree","isPartOf":{"@id":"https:\/\/corrosionfree.ee\/#website"},"primaryImageOfPage":{"@id":"https:\/\/corrosionfree.ee\/fi\/%d0%be-meista\/#primaryimage"},"image":{"@id":"https:\/\/corrosionfree.ee\/fi\/%d0%be-meista\/#primaryimage"},"thumbnailUrl":"https:\/\/corrosionfree.ee\/images\/docs\/doc1.png","datePublished":"2021-01-20T17:01:16+00:00","dateModified":"2025-04-16T10:41:58+00:00","breadcrumb":{"@id":"https:\/\/corrosionfree.ee\/fi\/%d0%be-meista\/#breadcrumb"},"inLanguage":"fi","potentialAction":[{"@type":"ReadAction","target":["https:\/\/corrosionfree.ee\/fi\/%d0%be-meista\/"]}]},{"@type":"ImageObject","inLanguage":"fi","@id":"https:\/\/corrosionfree.ee\/fi\/%d0%be-meista\/#primaryimage","url":"https:\/\/corrosionfree.ee\/images\/docs\/doc1.png","contentUrl":"https:\/\/corrosionfree.ee\/images\/docs\/doc1.png"},{"@type":"BreadcrumbList","@id":"https:\/\/corrosionfree.ee\/fi\/%d0%be-meista\/#breadcrumb","itemListElement":[{"@type":"ListItem","position":1,"name":"Home","item":"https:\/\/corrosionfree.ee\/fi\/"},{"@type":"ListItem","position":2,"name":"\u041e Meist\u00e4"}]},{"@type":"WebSite","@id":"https:\/\/corrosionfree.ee\/#website","url":"https:\/\/corrosionfree.ee\/","name":"Corrosionfree","description":"Corrosionfree veebileht","publisher":{"@id":"https:\/\/corrosionfree.ee\/#organization"},"potentialAction":[{"@type":"SearchAction","target":{"@type":"EntryPoint","urlTemplate":"https:\/\/corrosionfree.ee\/?s={search_term_string}"},"query-input":{"@type":"PropertyValueSpecification","valueRequired":true,"valueName":"search_term_string"}}],"inLanguage":"fi"},{"@type":"Organization","@id":"https:\/\/corrosionfree.ee\/#organization","name":"Reval Service","url":"https:\/\/corrosionfree.ee\/","logo":{"@type":"ImageObject","inLanguage":"fi","@id":"https:\/\/corrosionfree.ee\/#\/schema\/logo\/image\/","url":"https:\/\/corrosionfree.ee\/wp-content\/uploads\/2025\/03\/cf_logo.png","contentUrl":"https:\/\/corrosionfree.ee\/wp-content\/uploads\/2025\/03\/cf_logo.png","width":199,"height":140,"caption":"Reval Service"},"image":{"@id":"https:\/\/corrosionfree.ee\/#\/schema\/logo\/image\/"},"sameAs":["https:\/\/www.facebook.com\/corrosionfreeESTONIA"]}]}},"_links":{"self":[{"href":"https:\/\/corrosionfree.ee\/fi\/wp-json\/wp\/v2\/pages\/2833","targetHints":{"allow":["GET"]}}],"collection":[{"href":"https:\/\/corrosionfree.ee\/fi\/wp-json\/wp\/v2\/pages"}],"about":[{"href":"https:\/\/corrosionfree.ee\/fi\/wp-json\/wp\/v2\/types\/page"}],"author":[{"embeddable":true,"href":"https:\/\/corrosionfree.ee\/fi\/wp-json\/wp\/v2\/users\/1"}],"replies":[{"embeddable":true,"href":"https:\/\/corrosionfree.ee\/fi\/wp-json\/wp\/v2\/comments?post=2833"}],"version-history":[{"count":2,"href":"https:\/\/corrosionfree.ee\/fi\/wp-json\/wp\/v2\/pages\/2833\/revisions"}],"predecessor-version":[{"id":2835,"href":"https:\/\/corrosionfree.ee\/fi\/wp-json\/wp\/v2\/pages\/2833\/revisions\/2835"}],"wp:attachment":[{"href":"https:\/\/corrosionfree.ee\/fi\/wp-json\/wp\/v2\/media?parent=2833"}],"curies":[{"name":"wp","href":"https:\/\/api.w.org\/{rel}","templated":true}]}}