{"id":2841,"date":"2025-03-13T14:48:32","date_gmt":"2025-03-13T12:48:32","guid":{"rendered":"https:\/\/corrosionfree.ee\/corrosion-free-korrosiosuoja\/"},"modified":"2025-03-13T14:48:32","modified_gmt":"2025-03-13T12:48:32","slug":"corrosion-free-korrosiosuoja","status":"publish","type":"page","link":"https:\/\/corrosionfree.ee\/fi\/corrosion-free-korrosiosuoja\/","title":{"rendered":"Corrosion Free\u2122 korrosiosuoja"},"content":{"rendered":"<p><strong>T\u00e4rkeimm\u00e4t tiedot<\/strong><br \/>\n<strong>Corrosion Free \u2122<\/strong>\u00a0-korroosiosuojan tehokkuudesta l\u00f6ytyy todisteita vuodesta 1986, se suojaa yht\u00e4 hyvin uusia ja k\u00e4ytettyj\u00e4 ajoneuvoja, sek\u00e4 rakennus- ja maatalouskoneita.\u00a0<strong>Corrosioon Free \u2122<\/strong>\u00a0-korroosiosuojaa k\u00e4ytet\u00e4\u00e4n teollisten koneiden ja laitteiden, sek\u00e4 elektronisten komponenttien suojaukseen.<br \/>\n\u2022\u00a0K\u00e4sitelt\u00e4v\u00e4\u00e4 pintaa ei tarvitse kuivata huolellisesti<br \/>\n\u2022\u00a0Aine p\u00e4\u00e4see hitsisaumoihin ja onteloihin, joissa korroosio on jo alkanut, ja suojaa k\u00e4sitelt\u00e4v\u00e4\u00e4 materiaalia pitk\u00e4\u00e4n<br \/>\n\u2022\u00a0Voidaan k\u00e4sitell\u00e4 mink\u00e4 tahansa korroosiota ter\u00e4s-, valurauta-, alumiini- ja kuparipinnoilla. Suojaa my\u00f6s muovia ja kumia.<br \/>\n\u2022\u00a0Aine p\u00e4\u00e4see kaikkiin, jopa vaikeimpiinkin, k\u00e4sitelt\u00e4v\u00e4n metalliosan kohtiin, poistaa kosteuden ja\u00a0<em><strong>pys\u00e4ytt\u00e4\u00e4 korroosion<\/strong><\/em><br \/>\n\u2022\u00a0Aine voitelee lukkoja, ikkuna- ja ovimekanismeja, sek\u00e4 kaikkia hankaavia osia<br \/>\n\u2022\u00a0Riittoisa, ymp\u00e4rist\u00f6yst\u00e4v\u00e4llinen ja myrkyt\u00f6n<br \/>\n\u2022\u00a0Ei sis\u00e4ll\u00e4 liuottimia, eik\u00e4 vaarallisia aineita<br \/>\n\u2022\u00a0S\u00e4\u00e4nn\u00f6llisell\u00e4 k\u00e4yt\u00f6ll\u00e4 korroosion kehittyminen on estetty t\u00e4ysin.<\/p>\n<p><strong>Corrosion Free\u2122-suojan ainutlaatuiset voiteluominaisuudet:<\/strong><br \/>\n1.\u00a0S\u00e4hk\u00f6liitosten suoja<br \/>\n2.\u00a0Lukkojen ja salpojen jumittumisen ja j\u00e4\u00e4tymisen esto<br \/>\n3.\u00a0Pulttien hapettumisen esto<br \/>\n4.\u00a0Saranoiden ja vaijerien voitelu ja narinan poisto<br \/>\n5.\u00a0On mahdollista k\u00e4sitell\u00e4 my\u00f6s ulkopuolisia ruostuneita kohtia tai kohtia, jolloin metalli koskee metalliin. Eristetyyppiset korroosiosuojat eiv\u00e4t anna t\u00e4llaista mahdollisuutta.<\/p>\n<p>&nbsp;<\/p>\n<p><strong>Kuinka Corrosion Free \u2122 toimii<\/strong><br \/>\nEniten korroosioon altistuvat ne auton osat, joissa on pistehitsausta, sek\u00e4 kynnykset, lokasuojat, py\u00f6r\u00e4kotelot, pohja, yms. T\u00e4m\u00e4n takia suoja-aineen on p\u00e4\u00e4st\u00e4v\u00e4 kaikkiin n\u00e4ihin paikkoihin ja annettava pitk\u00e4aikainen suoja. Nimenomaan t\u00e4m\u00e4 on ollut l\u00e4ht\u00f6kohtana, kun Kanadassa on kehitetty menetelm\u00e4, joka nyky\u00e4\u00e4n tunnetaan nimell\u00e4\u00a0<strong>Formula 3000<\/strong>.<br \/>\nKuten on jo useamman kerran mainittu, t\u00e4m\u00e4 menetelm\u00e4 periaatteellisesti eroaa muista menetelmist\u00e4 seuraavasti:<br \/>\n\u2022\u00a0<strong>Formula 3000<\/strong>\u00a0\u2013suojauksen yhteydess\u00e4 k\u00e4sitelt\u00e4v\u00e4\u00e4 pintaa ei tarvitse mitenk\u00e4\u00e4n vaikeasti esik\u00e4sitell\u00e4 tai kuivata, ei tarvitse levitt\u00e4\u00e4 suojaa moneen kerrokseen, jne.<br \/>\n\u2022\u00a0Suoja on valmistettu puhdistetuista \u00f6ljyist\u00e4 ja sis\u00e4lt\u00e4\u00e4 tiettyj\u00e4 lis\u00e4aineita. K\u00e4ytetyt aineet helposti p\u00e4\u00e4sev\u00e4t k\u00e4sitelt\u00e4v\u00e4\u00e4n kokonaisuuteen, poistavat kosteuden, suojaavat korroosiolta ja est\u00e4v\u00e4t ruosteen kehitt\u00e4misen.<br \/>\n\u2022\u00a0Aineosat ovat aina aktiivisia, eiv\u00e4tk\u00e4 j\u00e4hmety, mink\u00e4 ansiosta metallipinnalle k\u00e4sittelyn j\u00e4lkeen muodostunut suojakalvo ei ole ainoastaan suojaeriste, vaan my\u00f6s ik\u00e4\u00e4n kuin inhibiittorin molekyylien varasto<br \/>\n\u2022\u00a0Aineosat pystyv\u00e4t liikkumaan metallipintaa pitkin ja poistamaan k\u00e4sitellyn osan k\u00e4yt\u00f6n yhteydess\u00e4 muodostuneen korroosion<br \/>\n\u2022\u00a0Aineosien h\u00f6yrypaine on riitt\u00e4v\u00e4n korkea ja niiden molekyylit kyll\u00e4st\u00e4v\u00e4t piilo-onteloja n\u00e4in ett\u00e4 metallipinnalla tapahtuu kemisorptio*;<\/p>\n<p>*\u00a0Kemisorptio (kemiallinen adsorptio) on ilmi\u00f6, jolloin yksi kerros molekyylej\u00e4, atomeja tai ioneja kiinnittyy adsorbentin pintaan kemiallisin sidoksin.<\/p>\n<p>Kaikki yll\u00e4mainittu antaa mahdollisuuden v\u00e4ltty\u00e4 kaikkia negatiivisia seikkoja, jotka ovat ominaisia muille tavallisille korroosiosuojille.<\/p>\n<p><strong>Tavallisten korroosiosuojien negatiiviset ominaisuudet:<\/strong><br \/>\n\u2022\u00a0bitumien, hartsien ja parafiinien pohjalla valmistetut suojat \u201dsulkevat\u201d kosteuden;<br \/>\n\u2022\u00a0kova kalvo halkeilee k\u00e4yt\u00f6n yhteydess\u00e4, mink\u00e4 takia korroosio kehittyy uudestaan;<br \/>\n\u2022\u00a0tavalliset suojat tarvitsevat paljon esik\u00e4sittely\u00e4 eli huolellista pesua, kuivausta, hiontaa ja levitt\u00e4mist\u00e4 moneen kerrokseen, yms.<\/p>\n<p><strong>Metallin ja Formula 3000:n kemiallinen sidos<\/strong><br \/>\n<strong>Formula 3000<\/strong>\u00a0levitet\u00e4\u00e4n metallipannalle. Ensimm\u00e4isell\u00e4 vaiheella tapahtuu inhibiittorien*\u00a0ja hydrofobisaattorien**\u00a0molekyylien diffuusio***\u00a0metallipinnan kanssa. Metallipinta adsorboi osan molekyyleista ja osa molekyyleista poistaa pinnalta kosteuden, suolaliuokset ja ruosteen. Metallipinnalle muodostuu monomolekulaarisia (yhden molekyylin paksuisia) inhibiittorikerroksia. Mik\u00e4li suojakalvo vaurioituu, inhibiittorin aktiiviset molekyylit liikkuvat ilman suojaa j\u00e4\u00e4neelle kohteelle ja muodostavat siihen suojakerroksia.<br \/>\n*\u00a0Inhibiittori on aine, joka hidastaa kemiallista reaktiota, kuten metallin korroosiota, polymeerin vanhenemista, polttoaineen hapettumista, yms.<br \/>\n**\u00a0Hydrofobisaattori on aine, jonka lis\u00e4\u00e4minen antaa materiaaleille vett\u00e4 hylkiv\u00e4n ominaisuuden<br \/>\n***\u00a0Diffuusio on sekoittuminen<\/p>\n<p><strong>Formula 3000-suojan ja kittim\u00e4isen suojan erot<\/strong><br \/>\nKorroosiosuojakittien toimivuus on eritt\u00e4in riippuvainen k\u00e4sitelt\u00e4v\u00e4n pinnan esik\u00e4sittelyst\u00e4 eli pinnan on oltava kuiva, ilman likaa ja korroosiota, mik\u00e4 on melko mahdotonta saavuttaa autokorjaamossa.<br \/>\nKitin alla olevan pinnan kuntoa ei voi tarkistaa.<br \/>\nAjan mukaan paraskin kitti halkeilee kuivumisen ja mekaanisen vaikutuksen johdosta. Ruoste kitin alla tulee n\u00e4kyviin vasta silloin, kuin kittikerros irtoaa. Kun k\u00e4ytet\u00e4\u00e4n kitti\u00e4, niin ty\u00f6n laatua oikeastaan ei voi tarkistaa, kun tarkistettavaa pintaa ei voi n\u00e4hd\u00e4.<\/p>\n<p><strong>Kuinka Formula 300 eroaa tavallisista menetelmist\u00e4:<\/strong><\/p>\n<ul>\n<li>\u00a0Ensinn\u00e4kin\u00a0<strong>Formula 3000<\/strong>\u00a0p\u00e4\u00e4see hitseihin ja piilo-onteloihin, t\u00e4ytt\u00e4\u00e4 kaikki pienimm\u00e4tkin halkeamat metallissa ja maalissa, poistaa niist\u00e4 kosteuden ja t\u00e4ll\u00e4 tavalla suojaa korroosiolta.<\/li>\n<li>\u00a0<strong>Formula 3000:n\u00a0<\/strong>materiaalit eiv\u00e4t j\u00e4hmety, ne ovat aina puolinestem\u00e4isess\u00e4 tilassa ja t\u00e4ytt\u00e4v\u00e4t uusia halkeamia, ne tarttuvat k\u00e4sitelt\u00e4v\u00e4\u00e4n metalliin molekyylitasolla.\u00a0Lokasuojat, kynnykset, tunkkituet ja pohjavahvistimet eli koko ajoneuvon pohja konepellist\u00e4 takakonttiin on t\u00e4ynn\u00e4 t\u00e4llaisia piilo-onteloja ja hitsej\u00e4.\u00a0<strong>Formula 3000:n\u00a0<\/strong>korroosion pys\u00e4ytt\u00e4v\u00e4t kemialliset lis\u00e4aineet ovat niiden puolinestem\u00e4isen tilan ansiosta monta kertaa tavallisia lis\u00e4aineita voimakkaammat. Formula 3000:n inhibiittorit pys\u00e4ytt\u00e4v\u00e4t alkaneen korroosion heikent\u00e4m\u00e4ll\u00e4 ruosteen tartuntaa metalliin, poistamalla ruosteen pinnalta ja muuttamalla metallin passiiviseksi, jolloin se ei hapetu eli ei ruostu.<\/li>\n<li><strong>Formula 3000<\/strong>\u00a0on aina puolinestem\u00e4ist\u00e4 ja poistaa veden, mink\u00e4 ansiosta k\u00e4sitelt\u00e4v\u00e4\u00e4 pintaa ei tarvitse kuivata, eik\u00e4 puhdistaa huolellisesti, sit\u00e4 paitsi, t\u00e4m\u00e4 on k\u00e4yt\u00e4nn\u00f6ss\u00e4 mahdotonta. Pohja t\u00e4ytyy vain huuhdella vedell\u00e4 ja odottaa, kunnes vesipisarat tippuvat alas. Nimenomaan t\u00e4m\u00e4n vuoksi\u00a0<strong>Formula 3000<\/strong>\u00a0varmistaa sek\u00e4 levitt\u00e4misen laadun, ett\u00e4 ajoneuvojen, puolustusvoimien laitteiston, kosteassa ymp\u00e4rist\u00f6ss\u00e4 k\u00e4ytett\u00e4vien elektronisten laitteiden, sek\u00e4 teollisten laitteiden luotettavan korroosiosuojan. Lopputuloksena on ruosteen puute. Mutta maailmassa ei ole mit\u00e4\u00e4n ikuista, mink\u00e4 vuoksi k\u00e4sittely on toistettava 18-36 kuukauden v\u00e4lein.<\/li>\n<li><strong>\u201cFormula 3000\u201d<\/strong>\u00a0on muista suojista poiketen paloturvallinen, myrkyt\u00f6n ja ymp\u00e4rist\u00f6yst\u00e4v\u00e4llinen.\u00a0<strong>Formula 3000<\/strong>\u00a0on paras mahdollinen suoja sek\u00e4 uusille ja k\u00e4ytetyille autoille ett\u00e4 teolliselle laitteistolle, maatalouskoneille, puolustusvoimien laitteistolle, busseille, raitiovaunuille, rautatievaunuille, silloille ja vastaaville rakennelmille ja merialuksille ja laitteille. Pintoja ei tarvitse hiekkapuhaltaa, kuivata, puhdistaa vanhoja kerroksia, yms. Nestem\u00e4inen\u00a0<strong>Formula 3000<\/strong>\u00a0imeytyy olemassa olevaan pinnoitteeseen ja ruosteeseen puhtaaseen metalliin asti ja pys\u00e4ytt\u00e4\u00e4 ruostumisen.<\/li>\n<li>T\u00e4m\u00e4n lis\u00e4ksi\u00a0<strong>Formula3000<\/strong>\u00a0on dielektrinen aine, joka kest\u00e4\u00e4 40 kV vaihtovirran j\u00e4nnitteen, eik\u00e4 johda s\u00e4hk\u00f6\u00e4.<\/li>\n<li><strong>Formula3000:lla<\/strong>\u00a0on polaarinen johtavuus eli metalli vet\u00e4\u00e4 sen puoleensa.<\/li>\n<\/ul>\n","protected":false},"excerpt":{"rendered":"<p>T\u00e4rkeimm\u00e4t tiedot Corrosion Free \u2122\u00a0-korroosiosuojan tehokkuudesta l\u00f6ytyy todisteita vuodesta 1986,  [&#8230;]<\/p>\n","protected":false},"author":1,"featured_media":0,"parent":0,"menu_order":0,"comment_status":"closed","ping_status":"closed","template":"","meta":{"footnotes":""},"class_list":["post-2841","page","type-page","status-publish","hentry"],"yoast_head":"<!-- This site is optimized with the Yoast SEO plugin v25.0 - https:\/\/yoast.com\/wordpress\/plugins\/seo\/ -->\n<title>Corrosion Free\u2122 korrosiosuoja - Corrosionfree<\/title>\n<meta name=\"robots\" content=\"index, follow, max-snippet:-1, max-image-preview:large, max-video-preview:-1\" \/>\n<link rel=\"canonical\" href=\"https:\/\/corrosionfree.ee\/fi\/corrosion-free-korrosiosuoja\/\" \/>\n<meta property=\"og:locale\" content=\"fi_FI\" \/>\n<meta property=\"og:type\" content=\"article\" \/>\n<meta property=\"og:title\" content=\"Corrosion Free\u2122 korrosiosuoja - Corrosionfree\" \/>\n<meta property=\"og:description\" content=\"T\u00e4rkeimm\u00e4t tiedot Corrosion Free \u2122\u00a0-korroosiosuojan tehokkuudesta l\u00f6ytyy todisteita vuodesta 1986, [...]\" \/>\n<meta property=\"og:url\" content=\"https:\/\/corrosionfree.ee\/fi\/corrosion-free-korrosiosuoja\/\" \/>\n<meta property=\"og:site_name\" content=\"Corrosionfree\" \/>\n<meta property=\"article:publisher\" content=\"https:\/\/www.facebook.com\/corrosionfreeESTONIA\" \/>\n<meta name=\"twitter:card\" content=\"summary_large_image\" \/>\n<meta name=\"twitter:label1\" content=\"Arvioitu lukuaika\" \/>\n\t<meta name=\"twitter:data1\" content=\"5 minuuttia\" \/>\n<script type=\"application\/ld+json\" class=\"yoast-schema-graph\">{\"@context\":\"https:\/\/schema.org\",\"@graph\":[{\"@type\":\"WebPage\",\"@id\":\"https:\/\/corrosionfree.ee\/fi\/corrosion-free-korrosiosuoja\/\",\"url\":\"https:\/\/corrosionfree.ee\/fi\/corrosion-free-korrosiosuoja\/\",\"name\":\"Corrosion Free\u2122 korrosiosuoja - Corrosionfree\",\"isPartOf\":{\"@id\":\"https:\/\/corrosionfree.ee\/#website\"},\"datePublished\":\"2025-03-13T12:48:32+00:00\",\"breadcrumb\":{\"@id\":\"https:\/\/corrosionfree.ee\/fi\/corrosion-free-korrosiosuoja\/#breadcrumb\"},\"inLanguage\":\"fi\",\"potentialAction\":[{\"@type\":\"ReadAction\",\"target\":[\"https:\/\/corrosionfree.ee\/fi\/corrosion-free-korrosiosuoja\/\"]}]},{\"@type\":\"BreadcrumbList\",\"@id\":\"https:\/\/corrosionfree.ee\/fi\/corrosion-free-korrosiosuoja\/#breadcrumb\",\"itemListElement\":[{\"@type\":\"ListItem\",\"position\":1,\"name\":\"Home\",\"item\":\"https:\/\/corrosionfree.ee\/fi\/\"},{\"@type\":\"ListItem\",\"position\":2,\"name\":\"Corrosion Free\u2122 korrosiosuoja\"}]},{\"@type\":\"WebSite\",\"@id\":\"https:\/\/corrosionfree.ee\/#website\",\"url\":\"https:\/\/corrosionfree.ee\/\",\"name\":\"Corrosionfree\",\"description\":\"Corrosionfree veebileht\",\"publisher\":{\"@id\":\"https:\/\/corrosionfree.ee\/#organization\"},\"potentialAction\":[{\"@type\":\"SearchAction\",\"target\":{\"@type\":\"EntryPoint\",\"urlTemplate\":\"https:\/\/corrosionfree.ee\/?s={search_term_string}\"},\"query-input\":{\"@type\":\"PropertyValueSpecification\",\"valueRequired\":true,\"valueName\":\"search_term_string\"}}],\"inLanguage\":\"fi\"},{\"@type\":\"Organization\",\"@id\":\"https:\/\/corrosionfree.ee\/#organization\",\"name\":\"Reval Service\",\"url\":\"https:\/\/corrosionfree.ee\/\",\"logo\":{\"@type\":\"ImageObject\",\"inLanguage\":\"fi\",\"@id\":\"https:\/\/corrosionfree.ee\/#\/schema\/logo\/image\/\",\"url\":\"https:\/\/corrosionfree.ee\/wp-content\/uploads\/2025\/03\/cf_logo.png\",\"contentUrl\":\"https:\/\/corrosionfree.ee\/wp-content\/uploads\/2025\/03\/cf_logo.png\",\"width\":199,\"height\":140,\"caption\":\"Reval Service\"},\"image\":{\"@id\":\"https:\/\/corrosionfree.ee\/#\/schema\/logo\/image\/\"},\"sameAs\":[\"https:\/\/www.facebook.com\/corrosionfreeESTONIA\"]}]}<\/script>\n<!-- \/ Yoast SEO plugin. -->","yoast_head_json":{"title":"Corrosion Free\u2122 korrosiosuoja - Corrosionfree","robots":{"index":"index","follow":"follow","max-snippet":"max-snippet:-1","max-image-preview":"max-image-preview:large","max-video-preview":"max-video-preview:-1"},"canonical":"https:\/\/corrosionfree.ee\/fi\/corrosion-free-korrosiosuoja\/","og_locale":"fi_FI","og_type":"article","og_title":"Corrosion Free\u2122 korrosiosuoja - Corrosionfree","og_description":"T\u00e4rkeimm\u00e4t tiedot Corrosion Free \u2122\u00a0-korroosiosuojan tehokkuudesta l\u00f6ytyy todisteita vuodesta 1986, [...]","og_url":"https:\/\/corrosionfree.ee\/fi\/corrosion-free-korrosiosuoja\/","og_site_name":"Corrosionfree","article_publisher":"https:\/\/www.facebook.com\/corrosionfreeESTONIA","twitter_card":"summary_large_image","twitter_misc":{"Arvioitu lukuaika":"5 minuuttia"},"schema":{"@context":"https:\/\/schema.org","@graph":[{"@type":"WebPage","@id":"https:\/\/corrosionfree.ee\/fi\/corrosion-free-korrosiosuoja\/","url":"https:\/\/corrosionfree.ee\/fi\/corrosion-free-korrosiosuoja\/","name":"Corrosion Free\u2122 korrosiosuoja - Corrosionfree","isPartOf":{"@id":"https:\/\/corrosionfree.ee\/#website"},"datePublished":"2025-03-13T12:48:32+00:00","breadcrumb":{"@id":"https:\/\/corrosionfree.ee\/fi\/corrosion-free-korrosiosuoja\/#breadcrumb"},"inLanguage":"fi","potentialAction":[{"@type":"ReadAction","target":["https:\/\/corrosionfree.ee\/fi\/corrosion-free-korrosiosuoja\/"]}]},{"@type":"BreadcrumbList","@id":"https:\/\/corrosionfree.ee\/fi\/corrosion-free-korrosiosuoja\/#breadcrumb","itemListElement":[{"@type":"ListItem","position":1,"name":"Home","item":"https:\/\/corrosionfree.ee\/fi\/"},{"@type":"ListItem","position":2,"name":"Corrosion Free\u2122 korrosiosuoja"}]},{"@type":"WebSite","@id":"https:\/\/corrosionfree.ee\/#website","url":"https:\/\/corrosionfree.ee\/","name":"Corrosionfree","description":"Corrosionfree veebileht","publisher":{"@id":"https:\/\/corrosionfree.ee\/#organization"},"potentialAction":[{"@type":"SearchAction","target":{"@type":"EntryPoint","urlTemplate":"https:\/\/corrosionfree.ee\/?s={search_term_string}"},"query-input":{"@type":"PropertyValueSpecification","valueRequired":true,"valueName":"search_term_string"}}],"inLanguage":"fi"},{"@type":"Organization","@id":"https:\/\/corrosionfree.ee\/#organization","name":"Reval Service","url":"https:\/\/corrosionfree.ee\/","logo":{"@type":"ImageObject","inLanguage":"fi","@id":"https:\/\/corrosionfree.ee\/#\/schema\/logo\/image\/","url":"https:\/\/corrosionfree.ee\/wp-content\/uploads\/2025\/03\/cf_logo.png","contentUrl":"https:\/\/corrosionfree.ee\/wp-content\/uploads\/2025\/03\/cf_logo.png","width":199,"height":140,"caption":"Reval Service"},"image":{"@id":"https:\/\/corrosionfree.ee\/#\/schema\/logo\/image\/"},"sameAs":["https:\/\/www.facebook.com\/corrosionfreeESTONIA"]}]}},"_links":{"self":[{"href":"https:\/\/corrosionfree.ee\/fi\/wp-json\/wp\/v2\/pages\/2841","targetHints":{"allow":["GET"]}}],"collection":[{"href":"https:\/\/corrosionfree.ee\/fi\/wp-json\/wp\/v2\/pages"}],"about":[{"href":"https:\/\/corrosionfree.ee\/fi\/wp-json\/wp\/v2\/types\/page"}],"author":[{"embeddable":true,"href":"https:\/\/corrosionfree.ee\/fi\/wp-json\/wp\/v2\/users\/1"}],"replies":[{"embeddable":true,"href":"https:\/\/corrosionfree.ee\/fi\/wp-json\/wp\/v2\/comments?post=2841"}],"version-history":[{"count":0,"href":"https:\/\/corrosionfree.ee\/fi\/wp-json\/wp\/v2\/pages\/2841\/revisions"}],"wp:attachment":[{"href":"https:\/\/corrosionfree.ee\/fi\/wp-json\/wp\/v2\/media?parent=2841"}],"curies":[{"name":"wp","href":"https:\/\/api.w.org\/{rel}","templated":true}]}}