{"id":2852,"date":"2025-04-04T14:52:14","date_gmt":"2025-04-04T11:52:14","guid":{"rendered":"https:\/\/corrosionfree.ee\/kasittely\/"},"modified":"2025-07-24T10:24:29","modified_gmt":"2025-07-24T07:24:29","slug":"kasittely","status":"publish","type":"page","link":"https:\/\/corrosionfree.ee\/fi\/kasittely\/","title":{"rendered":"K\u00e4sittely"},"content":{"rendered":"<div class=\"fusion-fullwidth fullwidth-box fusion-builder-row-1 fusion-flex-container nonhundred-percent-fullwidth non-hundred-percent-height-scrolling\" style=\"--awb-border-radius-top-left:0px;--awb-border-radius-top-right:0px;--awb-border-radius-bottom-right:0px;--awb-border-radius-bottom-left:0px;--awb-flex-wrap:wrap;\" ><div class=\"fusion-builder-row fusion-row fusion-flex-align-items-flex-start fusion-flex-content-wrap\" style=\"max-width:1528.8px;margin-left: calc(-4% \/ 2 );margin-right: calc(-4% \/ 2 );\"><div class=\"fusion-layout-column fusion_builder_column fusion-builder-column-0 fusion_builder_column_1_1 1_1 fusion-flex-column\" style=\"--awb-bg-size:cover;--awb-width-large:100%;--awb-margin-top-large:0px;--awb-spacing-right-large:1.92%;--awb-margin-bottom-large:0px;--awb-spacing-left-large:1.92%;--awb-width-medium:100%;--awb-spacing-right-medium:1.92%;--awb-spacing-left-medium:1.92%;--awb-width-small:100%;--awb-spacing-right-small:1.92%;--awb-spacing-left-small:1.92%;\"><div class=\"fusion-column-wrapper fusion-flex-justify-content-flex-start fusion-content-layout-column\"><div class=\"fusion-text fusion-text-1\"><div class=\"page-header\">\n<p><strong>Auton k\u00e4sittely sis\u00e4lt\u00e4\u00e4 useamman vaiheen.<\/strong><\/p>\n<\/div>\n<div>\n<ul>\n<li><span lang=\"FI\">Vaihtoehto 1. K\u00e4sittely alkaa klo 14.00.\u00a0Me pesemme auton pohjan ja j\u00e4t\u00e4mme sen vartioituun tilaan kuivumaan.\u00a0Auto on valmis seuraavana p\u00e4iv\u00e4n\u00e4 klo 14 tai 16. Suosittelemme t\u00e4t\u00e4 k\u00e4sittelyaikaa, koska koneen pohjassa on aikaa kuivua y\u00f6n yli. Ja hoito tapahtuu kuivassa pohjassa.<\/span><\/li>\n<li><span lang=\"FI\">Vaihtoehto 2. K\u00e4sittely alkaa klo 9.00 ja auto on valmis samana p\u00e4iv\u00e4n\u00e4 klo 17.00 tai 19.00.<\/span><\/li>\n<\/ul>\n<\/div>\n<p><strong>Corrosion Free Estonia Auto k\u00e4sittely &#8221;Tallinna t\u00f6\u00f6tluskeskus&#8221;<\/strong><\/p>\n<p><iframe title=\"YouTube video player\" src=\"https:\/\/www.youtube.com\/embed\/rTigsHvzJ3A?si=-0_rLNkzHSKt9q8S\" width=\"560\" height=\"315\" frameborder=\"0\" allowfullscreen=\"allowfullscreen\"><\/iframe><\/p>\n<ul>\n<li><b><span lang=\"FI\">1.\u00a0Pohjan ja py\u00f6r\u00e4koteloiden pesu<br \/>\n<\/span><\/b><b><span lang=\"FI\">2.<\/span><\/b><b><span lang=\"FI\">\u00a0Kun auto on valmis, sit\u00e4 k\u00e4sitell\u00e4\u00e4n Formula 3000-inhibiittorilla:<br \/>\n<\/span><\/b><span lang=\"FI\">\u2014 nosturilla: pohja, vaihteisto ja kulkumekanismit;<\/span><span lang=\"FI\"><br \/>\n<\/span><span lang=\"FI\">\u2014 py\u00f6r\u00e4kotelot;<\/span><span lang=\"FI\"><br \/>\n<\/span><span lang=\"FI\">\u2014 ovien, kynnysten, konepellin ja takakontin sis\u00e4iset ontelot;<\/span><span lang=\"FI\"><br \/>\n<\/span><span lang=\"FI\">\u2014 moottoritila;<\/span><span lang=\"FI\"><br \/>\n<\/span><span lang=\"FI\">\u2014 lasinnostolaitteiden ja lukkojen mekanismit, saranat, polttoaines\u00e4ili\u00f6n luukku, pyyhkij\u00f6iden mekanismit ja peilien koneistot;<\/span><span lang=\"FI\"><br \/>\n<\/span><span lang=\"FI\">\u2014 kaikki s\u00e4hk\u00f6johdot, joihin p\u00e4\u00e4see, anturit, liitokset, s\u00e4hk\u00f6generaattori, akun kontaktit, sulakkeet, virtaj\u00e4rjestelm\u00e4, valaistusj\u00e4rjestelm\u00e4;<\/span><span lang=\"FI\"><br \/>\n<\/span><span lang=\"FI\">\u2014 ehk\u00e4isytoimenpiteen\u00e4 k\u00e4sitell\u00e4\u00e4n my\u00f6s kumia sis\u00e4lt\u00e4v\u00e4t osat (suojakotelot, silentblokit ja muut kumi-metalliesineet).<\/span><span lang=\"FI\">Formula 3000 -suoja ruiskutetaan painella, mink\u00e4 vuoksi jopa haastavat osat saavat k\u00e4sittelyn. Formula 3000 tarttuu metalliin eritt\u00e4in hyvin, mink\u00e4 vuoksi sit\u00e4 voidaan levitt\u00e4\u00e4 jopa kostealle pinnalle, tulos on aina sama eli kaikkien pintojen p\u00e4\u00e4lle muodostuu ohut l\u00e4pin\u00e4kyv\u00e4 kerros, joka ei kuivu, ei halkeile, ei l\u00e4hde vedell\u00e4, eik\u00e4 kulu mekaanisesti.<b><\/b><\/span><b><span lang=\"FI\">3.<\/span><\/b><span lang=\"FI\">\u00a0<b>T\u00e4m\u00e4n j\u00e4lkeen ovitiivisteet k\u00e4sitell\u00e4\u00e4n silikonilla.<\/b><\/span><span lang=\"FI\"><br \/>\n<\/span><span lang=\"FI\">Autosi on nyt valmis.<\/span><\/p>\n<p><b><span lang=\"FI\">Huom.! K\u00e4sittelyn j\u00e4lkeen tarkista autosi jarrutus.\u00a0<\/span><\/b><span lang=\"FI\">K\u00e4sittelyn yhteydess\u00e4 inhibiittoria voi roiskua jarrupaloille, mink\u00e4 takia auton jarrutus kest\u00e4\u00e4 kauemmin. JARRUTA USEAMMAN KERRAN turvallisella tiell\u00e4 ja inhibiittori palaa pois kitkan vaikutuksesta.<\/span><\/p>\n<p><b><span lang=\"FI\">K\u00e4sittelyn Corrosion Free-keskuksessa j\u00e4lkeen:<\/span><\/b><span lang=\"FI\"><br \/>\n<\/span><span lang=\"FI\">\u2014 autosi ei en\u00e4\u00e4 altistu korroosioon, eik\u00e4 tiesuola en\u00e4\u00e4 pysty sit\u00e4 vaurioittamaan;<\/span><span lang=\"FI\"><br \/>\n<\/span><span lang=\"FI\">\u2014 s\u00e4hk\u00f6laitteet toimivat paremmin erityisesti sateessa;<\/span><span lang=\"FI\"><br \/>\n<\/span><span lang=\"FI\">\u2014 auto k\u00e4ynnistyy ja toimii paremmin kylm\u00e4ll\u00e4 ja kostealla s\u00e4\u00e4ll\u00e4;<\/span><span lang=\"FI\"><br \/>\n<\/span><span lang=\"FI\">\u2014 ovilukot eiv\u00e4t en\u00e4\u00e4 j\u00e4\u00e4dy;<\/span><span lang=\"FI\"><br \/>\n<\/span><span lang=\"FI\">\u2014 tulee v\u00e4hemm\u00e4n h\u00e4iri\u00f6it\u00e4, eik\u00e4 tarvitse menn\u00e4 autokorjaamoon;<\/span><span lang=\"FI\"><br \/>\n<\/span><span lang=\"FI\">\u2014 autosi osien ja koko auton k\u00e4ytt\u00f6aika pitenee;<\/span><span lang=\"FI\"><br \/>\n<\/span><span lang=\"FI\">\u2014 narina pienenee;<\/span><span lang=\"FI\"><br \/>\n<\/span><span lang=\"FI\">\u2014 v\u00e4hemm\u00e4n likaa ja lunta kertyy auton pohjalle.<\/span><\/p>\n<p><span lang=\"FI\">Nimenomaan t\u00e4ll\u00e4 tavalla huolletaan yksityisi\u00e4 ja liikeautoja Kanadassa ja USA:ssa vuodesta 1986 alkaen. T\u00e4m\u00e4 menetelm\u00e4 on ollut jo pitk\u00e4\u00e4n suosittu Kanadassa ja USA:ssa, nyt sit\u00e4 voi k\u00e4ytt\u00e4\u00e4 my\u00f6s Virossa.<\/span><\/li>\n<\/ul>\n<\/div><\/div><\/div><\/div><\/div>\n","protected":false},"excerpt":{"rendered":"","protected":false},"author":1,"featured_media":0,"parent":0,"menu_order":0,"comment_status":"closed","ping_status":"closed","template":"","meta":{"footnotes":""},"class_list":["post-2852","page","type-page","status-publish","hentry"],"yoast_head":"<!-- This site is optimized with the Yoast SEO plugin v25.0 - https:\/\/yoast.com\/wordpress\/plugins\/seo\/ -->\n<title>K\u00e4sittely - Corrosionfree<\/title>\n<meta name=\"robots\" content=\"index, follow, max-snippet:-1, max-image-preview:large, max-video-preview:-1\" \/>\n<link rel=\"canonical\" href=\"https:\/\/corrosionfree.ee\/fi\/kasittely\/\" \/>\n<meta property=\"og:locale\" content=\"fi_FI\" \/>\n<meta property=\"og:type\" content=\"article\" \/>\n<meta property=\"og:title\" content=\"K\u00e4sittely - Corrosionfree\" \/>\n<meta property=\"og:url\" content=\"https:\/\/corrosionfree.ee\/fi\/kasittely\/\" \/>\n<meta property=\"og:site_name\" content=\"Corrosionfree\" \/>\n<meta property=\"article:publisher\" content=\"https:\/\/www.facebook.com\/corrosionfreeESTONIA\" \/>\n<meta property=\"article:modified_time\" content=\"2025-07-24T07:24:29+00:00\" \/>\n<meta name=\"twitter:card\" content=\"summary_large_image\" \/>\n<meta name=\"twitter:label1\" content=\"Arvioitu lukuaika\" \/>\n\t<meta name=\"twitter:data1\" content=\"2 minuuttia\" \/>\n<script type=\"application\/ld+json\" class=\"yoast-schema-graph\">{\"@context\":\"https:\/\/schema.org\",\"@graph\":[{\"@type\":\"WebPage\",\"@id\":\"https:\/\/corrosionfree.ee\/fi\/kasittely\/\",\"url\":\"https:\/\/corrosionfree.ee\/fi\/kasittely\/\",\"name\":\"K\u00e4sittely - Corrosionfree\",\"isPartOf\":{\"@id\":\"https:\/\/corrosionfree.ee\/#website\"},\"datePublished\":\"2025-04-04T11:52:14+00:00\",\"dateModified\":\"2025-07-24T07:24:29+00:00\",\"breadcrumb\":{\"@id\":\"https:\/\/corrosionfree.ee\/fi\/kasittely\/#breadcrumb\"},\"inLanguage\":\"fi\",\"potentialAction\":[{\"@type\":\"ReadAction\",\"target\":[\"https:\/\/corrosionfree.ee\/fi\/kasittely\/\"]}]},{\"@type\":\"BreadcrumbList\",\"@id\":\"https:\/\/corrosionfree.ee\/fi\/kasittely\/#breadcrumb\",\"itemListElement\":[{\"@type\":\"ListItem\",\"position\":1,\"name\":\"Home\",\"item\":\"https:\/\/corrosionfree.ee\/fi\/\"},{\"@type\":\"ListItem\",\"position\":2,\"name\":\"K\u00e4sittely\"}]},{\"@type\":\"WebSite\",\"@id\":\"https:\/\/corrosionfree.ee\/#website\",\"url\":\"https:\/\/corrosionfree.ee\/\",\"name\":\"Corrosionfree\",\"description\":\"Corrosionfree veebileht\",\"publisher\":{\"@id\":\"https:\/\/corrosionfree.ee\/#organization\"},\"potentialAction\":[{\"@type\":\"SearchAction\",\"target\":{\"@type\":\"EntryPoint\",\"urlTemplate\":\"https:\/\/corrosionfree.ee\/?s={search_term_string}\"},\"query-input\":{\"@type\":\"PropertyValueSpecification\",\"valueRequired\":true,\"valueName\":\"search_term_string\"}}],\"inLanguage\":\"fi\"},{\"@type\":\"Organization\",\"@id\":\"https:\/\/corrosionfree.ee\/#organization\",\"name\":\"Reval Service\",\"url\":\"https:\/\/corrosionfree.ee\/\",\"logo\":{\"@type\":\"ImageObject\",\"inLanguage\":\"fi\",\"@id\":\"https:\/\/corrosionfree.ee\/#\/schema\/logo\/image\/\",\"url\":\"https:\/\/corrosionfree.ee\/wp-content\/uploads\/2025\/03\/cf_logo.png\",\"contentUrl\":\"https:\/\/corrosionfree.ee\/wp-content\/uploads\/2025\/03\/cf_logo.png\",\"width\":199,\"height\":140,\"caption\":\"Reval Service\"},\"image\":{\"@id\":\"https:\/\/corrosionfree.ee\/#\/schema\/logo\/image\/\"},\"sameAs\":[\"https:\/\/www.facebook.com\/corrosionfreeESTONIA\"]}]}<\/script>\n<!-- \/ Yoast SEO plugin. -->","yoast_head_json":{"title":"K\u00e4sittely - Corrosionfree","robots":{"index":"index","follow":"follow","max-snippet":"max-snippet:-1","max-image-preview":"max-image-preview:large","max-video-preview":"max-video-preview:-1"},"canonical":"https:\/\/corrosionfree.ee\/fi\/kasittely\/","og_locale":"fi_FI","og_type":"article","og_title":"K\u00e4sittely - Corrosionfree","og_url":"https:\/\/corrosionfree.ee\/fi\/kasittely\/","og_site_name":"Corrosionfree","article_publisher":"https:\/\/www.facebook.com\/corrosionfreeESTONIA","article_modified_time":"2025-07-24T07:24:29+00:00","twitter_card":"summary_large_image","twitter_misc":{"Arvioitu lukuaika":"2 minuuttia"},"schema":{"@context":"https:\/\/schema.org","@graph":[{"@type":"WebPage","@id":"https:\/\/corrosionfree.ee\/fi\/kasittely\/","url":"https:\/\/corrosionfree.ee\/fi\/kasittely\/","name":"K\u00e4sittely - Corrosionfree","isPartOf":{"@id":"https:\/\/corrosionfree.ee\/#website"},"datePublished":"2025-04-04T11:52:14+00:00","dateModified":"2025-07-24T07:24:29+00:00","breadcrumb":{"@id":"https:\/\/corrosionfree.ee\/fi\/kasittely\/#breadcrumb"},"inLanguage":"fi","potentialAction":[{"@type":"ReadAction","target":["https:\/\/corrosionfree.ee\/fi\/kasittely\/"]}]},{"@type":"BreadcrumbList","@id":"https:\/\/corrosionfree.ee\/fi\/kasittely\/#breadcrumb","itemListElement":[{"@type":"ListItem","position":1,"name":"Home","item":"https:\/\/corrosionfree.ee\/fi\/"},{"@type":"ListItem","position":2,"name":"K\u00e4sittely"}]},{"@type":"WebSite","@id":"https:\/\/corrosionfree.ee\/#website","url":"https:\/\/corrosionfree.ee\/","name":"Corrosionfree","description":"Corrosionfree veebileht","publisher":{"@id":"https:\/\/corrosionfree.ee\/#organization"},"potentialAction":[{"@type":"SearchAction","target":{"@type":"EntryPoint","urlTemplate":"https:\/\/corrosionfree.ee\/?s={search_term_string}"},"query-input":{"@type":"PropertyValueSpecification","valueRequired":true,"valueName":"search_term_string"}}],"inLanguage":"fi"},{"@type":"Organization","@id":"https:\/\/corrosionfree.ee\/#organization","name":"Reval Service","url":"https:\/\/corrosionfree.ee\/","logo":{"@type":"ImageObject","inLanguage":"fi","@id":"https:\/\/corrosionfree.ee\/#\/schema\/logo\/image\/","url":"https:\/\/corrosionfree.ee\/wp-content\/uploads\/2025\/03\/cf_logo.png","contentUrl":"https:\/\/corrosionfree.ee\/wp-content\/uploads\/2025\/03\/cf_logo.png","width":199,"height":140,"caption":"Reval Service"},"image":{"@id":"https:\/\/corrosionfree.ee\/#\/schema\/logo\/image\/"},"sameAs":["https:\/\/www.facebook.com\/corrosionfreeESTONIA"]}]}},"_links":{"self":[{"href":"https:\/\/corrosionfree.ee\/fi\/wp-json\/wp\/v2\/pages\/2852","targetHints":{"allow":["GET"]}}],"collection":[{"href":"https:\/\/corrosionfree.ee\/fi\/wp-json\/wp\/v2\/pages"}],"about":[{"href":"https:\/\/corrosionfree.ee\/fi\/wp-json\/wp\/v2\/types\/page"}],"author":[{"embeddable":true,"href":"https:\/\/corrosionfree.ee\/fi\/wp-json\/wp\/v2\/users\/1"}],"replies":[{"embeddable":true,"href":"https:\/\/corrosionfree.ee\/fi\/wp-json\/wp\/v2\/comments?post=2852"}],"version-history":[{"count":3,"href":"https:\/\/corrosionfree.ee\/fi\/wp-json\/wp\/v2\/pages\/2852\/revisions"}],"predecessor-version":[{"id":3655,"href":"https:\/\/corrosionfree.ee\/fi\/wp-json\/wp\/v2\/pages\/2852\/revisions\/3655"}],"wp:attachment":[{"href":"https:\/\/corrosionfree.ee\/fi\/wp-json\/wp\/v2\/media?parent=2852"}],"curies":[{"name":"wp","href":"https:\/\/api.w.org\/{rel}","templated":true}]}}