{"id":2860,"date":"2025-04-04T14:59:45","date_gmt":"2025-04-04T11:59:45","guid":{"rendered":"https:\/\/corrosionfree.ee\/hyodyllisia-tietoja\/"},"modified":"2025-04-04T14:59:45","modified_gmt":"2025-04-04T11:59:45","slug":"hyodyllisia-tietoja","status":"publish","type":"page","link":"https:\/\/corrosionfree.ee\/fi\/hyodyllisia-tietoja\/","title":{"rendered":"Hy\u00f6dyllisi\u00e4 tietoja"},"content":{"rendered":"<p><strong>Corrosion Free\u2122 of North America Inc<\/strong>. on rekister\u00f6ity vuonna 1995.<\/p>\n<p>Yhteisty\u00f6 klassisten ajoneuvojen ker\u00e4ilij\u00f6iden kanssa on johtanut linked formulas\u2122-sarjan kehitt\u00e4miseen,\u00a0jonka ansiosta ajoneuvon hoito on tullut yksinkertaiseksi ja helpoksi. Corrosion Free\u2122 of North America Inc.\u00a0<img class=\"lazyload\" decoding=\"async\" src=\"data:image\/svg+xml,%3Csvg%20xmlns%3D%27http%3A%2F%2Fwww.w3.org%2F2000%2Fsvg%27%20width%3D%27150%27%20height%3D%27153%27%20viewBox%3D%270%200%20150%20153%27%3E%3Crect%20width%3D%27150%27%20height%3D%27153%27%20fill-opacity%3D%220%22%2F%3E%3C%2Fsvg%3E\" data-orig-src=\"https:\/\/corrosionfree.ee\/images\/footer\/green_world__.png\" alt=\"green world\" width=\"150\" height=\"153\" \/>on sitoutunut kehitt\u00e4m\u00e4\u00e4n ymp\u00e4rist\u00f6yst\u00e4v\u00e4llisi\u00e4 ratkaisuja, jotka auttavat autoilijoita pit\u00e4m\u00e4\u00e4n huolta autoistaan, suojaamaan autoja ruostumiselta ja s\u00e4ilytt\u00e4m\u00e4\u00e4n niiden toimintakyky\u00e4 mahdollisimman pitk\u00e4\u00e4n. Corrosion Free-tuotesarjaa k\u00e4ytet\u00e4\u00e4n laajasti maatalouskoneiden, kodinkoneiden, teollisten laitteiden ja merenkulkulaitteiden korroosiosuojaukseen.<\/p>\n","protected":false},"excerpt":{"rendered":"<p>Corrosion Free\u2122 of North America Inc. on rekister\u00f6ity vuonna 1995.  [&#8230;]<\/p>\n","protected":false},"author":1,"featured_media":0,"parent":0,"menu_order":0,"comment_status":"closed","ping_status":"closed","template":"","meta":{"footnotes":""},"class_list":["post-2860","page","type-page","status-publish","hentry"],"yoast_head":"<!-- This site is optimized with the Yoast SEO plugin v25.0 - https:\/\/yoast.com\/wordpress\/plugins\/seo\/ -->\n<title>Hy\u00f6dyllisi\u00e4 tietoja - Corrosionfree<\/title>\n<meta name=\"robots\" content=\"index, follow, max-snippet:-1, max-image-preview:large, max-video-preview:-1\" \/>\n<link rel=\"canonical\" href=\"https:\/\/corrosionfree.ee\/fi\/hyodyllisia-tietoja\/\" \/>\n<meta property=\"og:locale\" content=\"fi_FI\" \/>\n<meta property=\"og:type\" content=\"article\" \/>\n<meta property=\"og:title\" content=\"Hy\u00f6dyllisi\u00e4 tietoja - Corrosionfree\" \/>\n<meta property=\"og:description\" content=\"Corrosion Free\u2122 of North America Inc. on rekister\u00f6ity vuonna 1995. [...]\" \/>\n<meta property=\"og:url\" content=\"https:\/\/corrosionfree.ee\/fi\/hyodyllisia-tietoja\/\" \/>\n<meta property=\"og:site_name\" content=\"Corrosionfree\" \/>\n<meta property=\"article:publisher\" content=\"https:\/\/www.facebook.com\/corrosionfreeESTONIA\" \/>\n<meta property=\"og:image\" content=\"https:\/\/corrosionfree.ee\/images\/footer\/green_world__.png\" \/>\n<meta name=\"twitter:card\" content=\"summary_large_image\" \/>\n<script type=\"application\/ld+json\" class=\"yoast-schema-graph\">{\"@context\":\"https:\/\/schema.org\",\"@graph\":[{\"@type\":\"WebPage\",\"@id\":\"https:\/\/corrosionfree.ee\/fi\/hyodyllisia-tietoja\/\",\"url\":\"https:\/\/corrosionfree.ee\/fi\/hyodyllisia-tietoja\/\",\"name\":\"Hy\u00f6dyllisi\u00e4 tietoja - Corrosionfree\",\"isPartOf\":{\"@id\":\"https:\/\/corrosionfree.ee\/#website\"},\"primaryImageOfPage\":{\"@id\":\"https:\/\/corrosionfree.ee\/fi\/hyodyllisia-tietoja\/#primaryimage\"},\"image\":{\"@id\":\"https:\/\/corrosionfree.ee\/fi\/hyodyllisia-tietoja\/#primaryimage\"},\"thumbnailUrl\":\"https:\/\/corrosionfree.ee\/images\/footer\/green_world__.png\",\"datePublished\":\"2025-04-04T11:59:45+00:00\",\"breadcrumb\":{\"@id\":\"https:\/\/corrosionfree.ee\/fi\/hyodyllisia-tietoja\/#breadcrumb\"},\"inLanguage\":\"fi\",\"potentialAction\":[{\"@type\":\"ReadAction\",\"target\":[\"https:\/\/corrosionfree.ee\/fi\/hyodyllisia-tietoja\/\"]}]},{\"@type\":\"ImageObject\",\"inLanguage\":\"fi\",\"@id\":\"https:\/\/corrosionfree.ee\/fi\/hyodyllisia-tietoja\/#primaryimage\",\"url\":\"https:\/\/corrosionfree.ee\/images\/footer\/green_world__.png\",\"contentUrl\":\"https:\/\/corrosionfree.ee\/images\/footer\/green_world__.png\"},{\"@type\":\"BreadcrumbList\",\"@id\":\"https:\/\/corrosionfree.ee\/fi\/hyodyllisia-tietoja\/#breadcrumb\",\"itemListElement\":[{\"@type\":\"ListItem\",\"position\":1,\"name\":\"Home\",\"item\":\"https:\/\/corrosionfree.ee\/fi\/\"},{\"@type\":\"ListItem\",\"position\":2,\"name\":\"Hy\u00f6dyllisi\u00e4 tietoja\"}]},{\"@type\":\"WebSite\",\"@id\":\"https:\/\/corrosionfree.ee\/#website\",\"url\":\"https:\/\/corrosionfree.ee\/\",\"name\":\"Corrosionfree\",\"description\":\"Corrosionfree veebileht\",\"publisher\":{\"@id\":\"https:\/\/corrosionfree.ee\/#organization\"},\"potentialAction\":[{\"@type\":\"SearchAction\",\"target\":{\"@type\":\"EntryPoint\",\"urlTemplate\":\"https:\/\/corrosionfree.ee\/?s={search_term_string}\"},\"query-input\":{\"@type\":\"PropertyValueSpecification\",\"valueRequired\":true,\"valueName\":\"search_term_string\"}}],\"inLanguage\":\"fi\"},{\"@type\":\"Organization\",\"@id\":\"https:\/\/corrosionfree.ee\/#organization\",\"name\":\"Reval Service\",\"url\":\"https:\/\/corrosionfree.ee\/\",\"logo\":{\"@type\":\"ImageObject\",\"inLanguage\":\"fi\",\"@id\":\"https:\/\/corrosionfree.ee\/#\/schema\/logo\/image\/\",\"url\":\"https:\/\/corrosionfree.ee\/wp-content\/uploads\/2025\/03\/cf_logo.png\",\"contentUrl\":\"https:\/\/corrosionfree.ee\/wp-content\/uploads\/2025\/03\/cf_logo.png\",\"width\":199,\"height\":140,\"caption\":\"Reval Service\"},\"image\":{\"@id\":\"https:\/\/corrosionfree.ee\/#\/schema\/logo\/image\/\"},\"sameAs\":[\"https:\/\/www.facebook.com\/corrosionfreeESTONIA\"]}]}<\/script>\n<!-- \/ Yoast SEO plugin. -->","yoast_head_json":{"title":"Hy\u00f6dyllisi\u00e4 tietoja - Corrosionfree","robots":{"index":"index","follow":"follow","max-snippet":"max-snippet:-1","max-image-preview":"max-image-preview:large","max-video-preview":"max-video-preview:-1"},"canonical":"https:\/\/corrosionfree.ee\/fi\/hyodyllisia-tietoja\/","og_locale":"fi_FI","og_type":"article","og_title":"Hy\u00f6dyllisi\u00e4 tietoja - Corrosionfree","og_description":"Corrosion Free\u2122 of North America Inc. on rekister\u00f6ity vuonna 1995. [...]","og_url":"https:\/\/corrosionfree.ee\/fi\/hyodyllisia-tietoja\/","og_site_name":"Corrosionfree","article_publisher":"https:\/\/www.facebook.com\/corrosionfreeESTONIA","og_image":[{"url":"https:\/\/corrosionfree.ee\/images\/footer\/green_world__.png","type":"","width":"","height":""}],"twitter_card":"summary_large_image","schema":{"@context":"https:\/\/schema.org","@graph":[{"@type":"WebPage","@id":"https:\/\/corrosionfree.ee\/fi\/hyodyllisia-tietoja\/","url":"https:\/\/corrosionfree.ee\/fi\/hyodyllisia-tietoja\/","name":"Hy\u00f6dyllisi\u00e4 tietoja - Corrosionfree","isPartOf":{"@id":"https:\/\/corrosionfree.ee\/#website"},"primaryImageOfPage":{"@id":"https:\/\/corrosionfree.ee\/fi\/hyodyllisia-tietoja\/#primaryimage"},"image":{"@id":"https:\/\/corrosionfree.ee\/fi\/hyodyllisia-tietoja\/#primaryimage"},"thumbnailUrl":"https:\/\/corrosionfree.ee\/images\/footer\/green_world__.png","datePublished":"2025-04-04T11:59:45+00:00","breadcrumb":{"@id":"https:\/\/corrosionfree.ee\/fi\/hyodyllisia-tietoja\/#breadcrumb"},"inLanguage":"fi","potentialAction":[{"@type":"ReadAction","target":["https:\/\/corrosionfree.ee\/fi\/hyodyllisia-tietoja\/"]}]},{"@type":"ImageObject","inLanguage":"fi","@id":"https:\/\/corrosionfree.ee\/fi\/hyodyllisia-tietoja\/#primaryimage","url":"https:\/\/corrosionfree.ee\/images\/footer\/green_world__.png","contentUrl":"https:\/\/corrosionfree.ee\/images\/footer\/green_world__.png"},{"@type":"BreadcrumbList","@id":"https:\/\/corrosionfree.ee\/fi\/hyodyllisia-tietoja\/#breadcrumb","itemListElement":[{"@type":"ListItem","position":1,"name":"Home","item":"https:\/\/corrosionfree.ee\/fi\/"},{"@type":"ListItem","position":2,"name":"Hy\u00f6dyllisi\u00e4 tietoja"}]},{"@type":"WebSite","@id":"https:\/\/corrosionfree.ee\/#website","url":"https:\/\/corrosionfree.ee\/","name":"Corrosionfree","description":"Corrosionfree veebileht","publisher":{"@id":"https:\/\/corrosionfree.ee\/#organization"},"potentialAction":[{"@type":"SearchAction","target":{"@type":"EntryPoint","urlTemplate":"https:\/\/corrosionfree.ee\/?s={search_term_string}"},"query-input":{"@type":"PropertyValueSpecification","valueRequired":true,"valueName":"search_term_string"}}],"inLanguage":"fi"},{"@type":"Organization","@id":"https:\/\/corrosionfree.ee\/#organization","name":"Reval Service","url":"https:\/\/corrosionfree.ee\/","logo":{"@type":"ImageObject","inLanguage":"fi","@id":"https:\/\/corrosionfree.ee\/#\/schema\/logo\/image\/","url":"https:\/\/corrosionfree.ee\/wp-content\/uploads\/2025\/03\/cf_logo.png","contentUrl":"https:\/\/corrosionfree.ee\/wp-content\/uploads\/2025\/03\/cf_logo.png","width":199,"height":140,"caption":"Reval Service"},"image":{"@id":"https:\/\/corrosionfree.ee\/#\/schema\/logo\/image\/"},"sameAs":["https:\/\/www.facebook.com\/corrosionfreeESTONIA"]}]}},"_links":{"self":[{"href":"https:\/\/corrosionfree.ee\/fi\/wp-json\/wp\/v2\/pages\/2860","targetHints":{"allow":["GET"]}}],"collection":[{"href":"https:\/\/corrosionfree.ee\/fi\/wp-json\/wp\/v2\/pages"}],"about":[{"href":"https:\/\/corrosionfree.ee\/fi\/wp-json\/wp\/v2\/types\/page"}],"author":[{"embeddable":true,"href":"https:\/\/corrosionfree.ee\/fi\/wp-json\/wp\/v2\/users\/1"}],"replies":[{"embeddable":true,"href":"https:\/\/corrosionfree.ee\/fi\/wp-json\/wp\/v2\/comments?post=2860"}],"version-history":[{"count":0,"href":"https:\/\/corrosionfree.ee\/fi\/wp-json\/wp\/v2\/pages\/2860\/revisions"}],"wp:attachment":[{"href":"https:\/\/corrosionfree.ee\/fi\/wp-json\/wp\/v2\/media?parent=2860"}],"curies":[{"name":"wp","href":"https:\/\/api.w.org\/{rel}","templated":true}]}}