{"id":2866,"date":"2025-04-04T15:07:20","date_gmt":"2025-04-04T12:07:20","guid":{"rendered":"https:\/\/corrosionfree.ee\/corrosion-free-hyoty\/"},"modified":"2025-04-04T15:07:20","modified_gmt":"2025-04-04T12:07:20","slug":"corrosion-free-hyoty","status":"publish","type":"page","link":"https:\/\/corrosionfree.ee\/fi\/corrosion-free-hyoty\/","title":{"rendered":"&#8221;Corrosion Free&#8221; hy\u00f6ty"},"content":{"rendered":"<p><span lang=\"FI\">\u2022\u00a0Korroosiovapaa tekniikka ei vaadi olemassa olevan ruosteen poistamista, koska Corrosion free tunkeutuu ruosteen l\u00e4pi ja pys\u00e4ytt\u00e4\u00e4 korroosioprosessin.<\/span><\/p>\n<p><span lang=\"FI\">\u2022 Pitk\u00e4kestoinen suoja ruostumiselta ja korroosiolta.<\/span><\/p>\n<p><span lang=\"FI\">\u2022 Ennalta ehk\u00e4isee korroosion saumoissa ja halkeamissa eli yll\u00e4pit\u00e4\u00e4 metallirakenteen eheytt\u00e4.<br \/>\n\u2022 Poistaa kosteuden ja mm. suolaveden onteloista.<br \/>\n\u2022 Suojaa pohjan, sek\u00e4 polttoaine- ja jarrunesteputket.<br \/>\n\u2022 Imeytyy ruostekerrokseen ja poistaa ruosteen.<br \/>\n\u2022 Imeytyy syv\u00e4lle ruostekerrokseen ja voitelee.<br \/>\n\u2022 Keskeytt\u00e4\u00e4 elektrolyysin eri materiaalien v\u00e4liss\u00e4.<br \/>\n\u2022 Suojaa kumia ja muovia vaurioilta UV-s\u00e4teilyn vaikutuksesta.<br \/>\n\u2022 Nestem\u00e4isess\u00e4 muodossa ei ole palava, ei johda s\u00e4hk\u00f6\u00e4, ei ole myrkyllinen, ei ole kanserogeeninen, ei sis\u00e4ll\u00e4 liuottimia tai myrkyllisi\u00e4 hy\u00f6tyj\u00e4, ei haise.<br \/>\n\u2022 Ei ole tiivis eli ei est\u00e4 kosteuden haihtumista metallipinnalta.<br \/>\n\u2022 Puhdas, kirkas, n\u00e4kym\u00e4t\u00f6n, ei j\u00e4t\u00e4 tahmeaa j\u00e4lke\u00e4.<br \/>\n\u2022 Formula3000 pysyy metallipannalla jopa painepesun j\u00e4lkeen.<br \/>\n\u2022 Formula3000:n johtavuus on sellainen ett\u00e4 metalli vet\u00e4\u00e4 sen puoleensa.\u00a0<a href=\"https:\/\/corrosionfree.ee\/images\/docs\/Polar_Conduction_Tekst_Pilt_FIN.pdf\" target=\"_blank\" rel=\"noopener\">Lue lis\u00e4\u00e4\u00a0<img class=\"lazyload\" decoding=\"async\" src=\"data:image\/gif;base64,R0lGODlhAQABAAAAACH5BAEKAAEALAAAAAABAAEAAAICTAEAOw==\" data-orig-src=\"https:\/\/corrosionfree.ee\/images\/docs\/polar-conduction100.jpg\" alt=\"polar conduction100\" \/><\/a><br \/>\n\u2022 Korroosiopinnoitteen k\u00e4ytt\u00f6aika k\u00e4sittelyn j\u00e4lkeen on\u00a0<a href=\"https:\/\/corrosionfree.ee\/index.php\/fi\/corrosian-free-ru-2\/formula-3000-n-kaeyttoeaika\">18 (36)* kuukautta. Lue lis\u00e4\u00e4*.<\/a><br \/>\n\u2022 Ei valu k\u00e4sittelyn j\u00e4lkeen.<br \/>\n\u2022 Voidaan k\u00e4sitell\u00e4 jopa kostean pinnan.<\/span><\/p>\n<p><span lang=\"FI\">\u2022 Ei muodosta \u00f6ljyist\u00e4 h\u00f6yrypilve\u00e4 k\u00e4sittelyn aikana.<\/span><span lang=\"FI\"><br \/>\n<\/span><span lang=\"FI\">\u2022\u00a0Riippumaton taho on valinnut Corrosion Free:n \u2122 parhaaksi korroosiosuojaksi.<\/span><span lang=\"FI\"><br \/>\n<\/span><span lang=\"FI\">Miksi Corrosion Free \u2122 on paras korroosiosuoja?<\/span><span lang=\"FI\"><br \/>\n<\/span><span lang=\"FI\">Sinun ei tarvitse pelk\u00e4st\u00e4\u00e4n uskoa meit\u00e4!\u00a0\u00a0\u00a0<\/span><span lang=\"FI\"><br \/>\n<\/span><span lang=\"FI\">Lue Kanadan hallituksen raportti tutkimuksista puolustuksen alalla.\u00a0\u00a0<\/span><\/p>\n<p><i><span lang=\"FI\">Armeijan k\u00e4yt\u00f6ss\u00e4 olevien ajoneuvojen k\u00e4ytett\u00e4v\u00e4ksi tarkoitettujen korroosionhallintaohjelmien katselmus.<\/span><\/i><span lang=\"FI\"><br \/>\n<\/span><span lang=\"FI\">Viite\u00a0<a href=\"https:\/\/corrosionfree.com\/wp-content\/uploads\/2019\/09\/Dept-of-Defence-Report-Highlighted-Text-copy.pdf\">Tutkimukset puolustuksen alalla ja Kanadan kehitys\u00a0\u00a0<img class=\"lazyload\" decoding=\"async\" src=\"data:image\/gif;base64,R0lGODlhAQABAAAAACH5BAEKAAEALAAAAAABAAEAAAICTAEAOw==\" data-orig-src=\"https:\/\/corrosionfree.ee\/images\/docs\/doc1.png\" alt=\"doc1\" \/><strong>\u00a0<\/strong><\/a><\/span><\/p>\n<p>Don\u2019t take our word for it! \u00a0Read the\u00a0<a href=\"https:\/\/corrosionfree.com\/wp-content\/uploads\/2019\/09\/Dept-of-Defence-Report-Highlighted-Text-copy.pdf\" target=\"_blank\" rel=\"noopener\">Canadian Government Defence Research\u00a0and Development Report.<\/a><\/p>\n","protected":false},"excerpt":{"rendered":"<p>\u2022\u00a0Korroosiovapaa tekniikka ei vaadi olemassa olevan ruosteen poistamista, koska Corrosion  [&#8230;]<\/p>\n","protected":false},"author":1,"featured_media":0,"parent":0,"menu_order":0,"comment_status":"closed","ping_status":"closed","template":"","meta":{"footnotes":""},"class_list":["post-2866","page","type-page","status-publish","hentry"],"yoast_head":"<!-- This site is optimized with the Yoast SEO plugin v25.0 - https:\/\/yoast.com\/wordpress\/plugins\/seo\/ -->\n<title>&quot;Corrosion Free&quot; hy\u00f6ty - Corrosionfree<\/title>\n<meta name=\"robots\" content=\"index, follow, max-snippet:-1, max-image-preview:large, max-video-preview:-1\" \/>\n<link rel=\"canonical\" href=\"https:\/\/corrosionfree.ee\/fi\/corrosion-free-hyoty\/\" \/>\n<meta property=\"og:locale\" content=\"fi_FI\" \/>\n<meta property=\"og:type\" content=\"article\" \/>\n<meta property=\"og:title\" content=\"&quot;Corrosion Free&quot; hy\u00f6ty - Corrosionfree\" \/>\n<meta property=\"og:description\" content=\"\u2022\u00a0Korroosiovapaa tekniikka ei vaadi olemassa olevan ruosteen poistamista, koska Corrosion [...]\" \/>\n<meta property=\"og:url\" content=\"https:\/\/corrosionfree.ee\/fi\/corrosion-free-hyoty\/\" \/>\n<meta property=\"og:site_name\" content=\"Corrosionfree\" \/>\n<meta property=\"article:publisher\" content=\"https:\/\/www.facebook.com\/corrosionfreeESTONIA\" \/>\n<meta property=\"og:image\" content=\"https:\/\/corrosionfree.ee\/images\/docs\/polar-conduction100.jpg\" \/>\n<meta name=\"twitter:card\" content=\"summary_large_image\" \/>\n<meta name=\"twitter:label1\" content=\"Arvioitu lukuaika\" \/>\n\t<meta name=\"twitter:data1\" content=\"1 minuutti\" \/>\n<script type=\"application\/ld+json\" class=\"yoast-schema-graph\">{\"@context\":\"https:\/\/schema.org\",\"@graph\":[{\"@type\":\"WebPage\",\"@id\":\"https:\/\/corrosionfree.ee\/fi\/corrosion-free-hyoty\/\",\"url\":\"https:\/\/corrosionfree.ee\/fi\/corrosion-free-hyoty\/\",\"name\":\"\\\"Corrosion Free\\\" hy\u00f6ty - Corrosionfree\",\"isPartOf\":{\"@id\":\"https:\/\/corrosionfree.ee\/#website\"},\"primaryImageOfPage\":{\"@id\":\"https:\/\/corrosionfree.ee\/fi\/corrosion-free-hyoty\/#primaryimage\"},\"image\":{\"@id\":\"https:\/\/corrosionfree.ee\/fi\/corrosion-free-hyoty\/#primaryimage\"},\"thumbnailUrl\":\"https:\/\/corrosionfree.ee\/images\/docs\/polar-conduction100.jpg\",\"datePublished\":\"2025-04-04T12:07:20+00:00\",\"breadcrumb\":{\"@id\":\"https:\/\/corrosionfree.ee\/fi\/corrosion-free-hyoty\/#breadcrumb\"},\"inLanguage\":\"fi\",\"potentialAction\":[{\"@type\":\"ReadAction\",\"target\":[\"https:\/\/corrosionfree.ee\/fi\/corrosion-free-hyoty\/\"]}]},{\"@type\":\"ImageObject\",\"inLanguage\":\"fi\",\"@id\":\"https:\/\/corrosionfree.ee\/fi\/corrosion-free-hyoty\/#primaryimage\",\"url\":\"https:\/\/corrosionfree.ee\/images\/docs\/polar-conduction100.jpg\",\"contentUrl\":\"https:\/\/corrosionfree.ee\/images\/docs\/polar-conduction100.jpg\"},{\"@type\":\"BreadcrumbList\",\"@id\":\"https:\/\/corrosionfree.ee\/fi\/corrosion-free-hyoty\/#breadcrumb\",\"itemListElement\":[{\"@type\":\"ListItem\",\"position\":1,\"name\":\"Home\",\"item\":\"https:\/\/corrosionfree.ee\/fi\/\"},{\"@type\":\"ListItem\",\"position\":2,\"name\":\"&#8221;Corrosion Free&#8221; hy\u00f6ty\"}]},{\"@type\":\"WebSite\",\"@id\":\"https:\/\/corrosionfree.ee\/#website\",\"url\":\"https:\/\/corrosionfree.ee\/\",\"name\":\"Corrosionfree\",\"description\":\"Corrosionfree veebileht\",\"publisher\":{\"@id\":\"https:\/\/corrosionfree.ee\/#organization\"},\"potentialAction\":[{\"@type\":\"SearchAction\",\"target\":{\"@type\":\"EntryPoint\",\"urlTemplate\":\"https:\/\/corrosionfree.ee\/?s={search_term_string}\"},\"query-input\":{\"@type\":\"PropertyValueSpecification\",\"valueRequired\":true,\"valueName\":\"search_term_string\"}}],\"inLanguage\":\"fi\"},{\"@type\":\"Organization\",\"@id\":\"https:\/\/corrosionfree.ee\/#organization\",\"name\":\"Reval Service\",\"url\":\"https:\/\/corrosionfree.ee\/\",\"logo\":{\"@type\":\"ImageObject\",\"inLanguage\":\"fi\",\"@id\":\"https:\/\/corrosionfree.ee\/#\/schema\/logo\/image\/\",\"url\":\"https:\/\/corrosionfree.ee\/wp-content\/uploads\/2025\/03\/cf_logo.png\",\"contentUrl\":\"https:\/\/corrosionfree.ee\/wp-content\/uploads\/2025\/03\/cf_logo.png\",\"width\":199,\"height\":140,\"caption\":\"Reval Service\"},\"image\":{\"@id\":\"https:\/\/corrosionfree.ee\/#\/schema\/logo\/image\/\"},\"sameAs\":[\"https:\/\/www.facebook.com\/corrosionfreeESTONIA\"]}]}<\/script>\n<!-- \/ Yoast SEO plugin. -->","yoast_head_json":{"title":"\"Corrosion Free\" hy\u00f6ty - Corrosionfree","robots":{"index":"index","follow":"follow","max-snippet":"max-snippet:-1","max-image-preview":"max-image-preview:large","max-video-preview":"max-video-preview:-1"},"canonical":"https:\/\/corrosionfree.ee\/fi\/corrosion-free-hyoty\/","og_locale":"fi_FI","og_type":"article","og_title":"\"Corrosion Free\" hy\u00f6ty - Corrosionfree","og_description":"\u2022\u00a0Korroosiovapaa tekniikka ei vaadi olemassa olevan ruosteen poistamista, koska Corrosion [...]","og_url":"https:\/\/corrosionfree.ee\/fi\/corrosion-free-hyoty\/","og_site_name":"Corrosionfree","article_publisher":"https:\/\/www.facebook.com\/corrosionfreeESTONIA","og_image":[{"url":"https:\/\/corrosionfree.ee\/images\/docs\/polar-conduction100.jpg","type":"","width":"","height":""}],"twitter_card":"summary_large_image","twitter_misc":{"Arvioitu lukuaika":"1 minuutti"},"schema":{"@context":"https:\/\/schema.org","@graph":[{"@type":"WebPage","@id":"https:\/\/corrosionfree.ee\/fi\/corrosion-free-hyoty\/","url":"https:\/\/corrosionfree.ee\/fi\/corrosion-free-hyoty\/","name":"\"Corrosion Free\" hy\u00f6ty - Corrosionfree","isPartOf":{"@id":"https:\/\/corrosionfree.ee\/#website"},"primaryImageOfPage":{"@id":"https:\/\/corrosionfree.ee\/fi\/corrosion-free-hyoty\/#primaryimage"},"image":{"@id":"https:\/\/corrosionfree.ee\/fi\/corrosion-free-hyoty\/#primaryimage"},"thumbnailUrl":"https:\/\/corrosionfree.ee\/images\/docs\/polar-conduction100.jpg","datePublished":"2025-04-04T12:07:20+00:00","breadcrumb":{"@id":"https:\/\/corrosionfree.ee\/fi\/corrosion-free-hyoty\/#breadcrumb"},"inLanguage":"fi","potentialAction":[{"@type":"ReadAction","target":["https:\/\/corrosionfree.ee\/fi\/corrosion-free-hyoty\/"]}]},{"@type":"ImageObject","inLanguage":"fi","@id":"https:\/\/corrosionfree.ee\/fi\/corrosion-free-hyoty\/#primaryimage","url":"https:\/\/corrosionfree.ee\/images\/docs\/polar-conduction100.jpg","contentUrl":"https:\/\/corrosionfree.ee\/images\/docs\/polar-conduction100.jpg"},{"@type":"BreadcrumbList","@id":"https:\/\/corrosionfree.ee\/fi\/corrosion-free-hyoty\/#breadcrumb","itemListElement":[{"@type":"ListItem","position":1,"name":"Home","item":"https:\/\/corrosionfree.ee\/fi\/"},{"@type":"ListItem","position":2,"name":"&#8221;Corrosion Free&#8221; hy\u00f6ty"}]},{"@type":"WebSite","@id":"https:\/\/corrosionfree.ee\/#website","url":"https:\/\/corrosionfree.ee\/","name":"Corrosionfree","description":"Corrosionfree veebileht","publisher":{"@id":"https:\/\/corrosionfree.ee\/#organization"},"potentialAction":[{"@type":"SearchAction","target":{"@type":"EntryPoint","urlTemplate":"https:\/\/corrosionfree.ee\/?s={search_term_string}"},"query-input":{"@type":"PropertyValueSpecification","valueRequired":true,"valueName":"search_term_string"}}],"inLanguage":"fi"},{"@type":"Organization","@id":"https:\/\/corrosionfree.ee\/#organization","name":"Reval Service","url":"https:\/\/corrosionfree.ee\/","logo":{"@type":"ImageObject","inLanguage":"fi","@id":"https:\/\/corrosionfree.ee\/#\/schema\/logo\/image\/","url":"https:\/\/corrosionfree.ee\/wp-content\/uploads\/2025\/03\/cf_logo.png","contentUrl":"https:\/\/corrosionfree.ee\/wp-content\/uploads\/2025\/03\/cf_logo.png","width":199,"height":140,"caption":"Reval Service"},"image":{"@id":"https:\/\/corrosionfree.ee\/#\/schema\/logo\/image\/"},"sameAs":["https:\/\/www.facebook.com\/corrosionfreeESTONIA"]}]}},"_links":{"self":[{"href":"https:\/\/corrosionfree.ee\/fi\/wp-json\/wp\/v2\/pages\/2866","targetHints":{"allow":["GET"]}}],"collection":[{"href":"https:\/\/corrosionfree.ee\/fi\/wp-json\/wp\/v2\/pages"}],"about":[{"href":"https:\/\/corrosionfree.ee\/fi\/wp-json\/wp\/v2\/types\/page"}],"author":[{"embeddable":true,"href":"https:\/\/corrosionfree.ee\/fi\/wp-json\/wp\/v2\/users\/1"}],"replies":[{"embeddable":true,"href":"https:\/\/corrosionfree.ee\/fi\/wp-json\/wp\/v2\/comments?post=2866"}],"version-history":[{"count":0,"href":"https:\/\/corrosionfree.ee\/fi\/wp-json\/wp\/v2\/pages\/2866\/revisions"}],"wp:attachment":[{"href":"https:\/\/corrosionfree.ee\/fi\/wp-json\/wp\/v2\/media?parent=2866"}],"curies":[{"name":"wp","href":"https:\/\/api.w.org\/{rel}","templated":true}]}}