{"id":2882,"date":"2025-04-04T17:03:16","date_gmt":"2025-04-04T14:03:16","guid":{"rendered":"https:\/\/corrosionfree.ee\/formula-3000n-kayttoaika\/"},"modified":"2025-04-16T14:07:25","modified_gmt":"2025-04-16T11:07:25","slug":"formula-3000n-kayttoaika","status":"publish","type":"page","link":"https:\/\/corrosionfree.ee\/fi\/formula-3000n-kayttoaika\/","title":{"rendered":"Formula 3000:n k\u00e4ytt\u00f6aika"},"content":{"rendered":"<p><div class=\"fusion-fullwidth fullwidth-box fusion-builder-row-1 fusion-flex-container nonhundred-percent-fullwidth non-hundred-percent-height-scrolling\" style=\"--awb-border-radius-top-left:0px;--awb-border-radius-top-right:0px;--awb-border-radius-bottom-right:0px;--awb-border-radius-bottom-left:0px;--awb-flex-wrap:wrap;\" ><div class=\"fusion-builder-row fusion-row fusion-flex-align-items-flex-start fusion-flex-content-wrap\" style=\"max-width:1528.8px;margin-left: calc(-4% \/ 2 );margin-right: calc(-4% \/ 2 );\"><div class=\"fusion-layout-column fusion_builder_column fusion-builder-column-0 fusion_builder_column_1_1 1_1 fusion-flex-column\" style=\"--awb-bg-size:cover;--awb-width-large:100%;--awb-margin-top-large:0px;--awb-spacing-right-large:1.92%;--awb-margin-bottom-large:0px;--awb-spacing-left-large:1.92%;--awb-width-medium:100%;--awb-spacing-right-medium:1.92%;--awb-spacing-left-medium:1.92%;--awb-width-small:100%;--awb-spacing-right-small:1.92%;--awb-spacing-left-small:1.92%;\"><div class=\"fusion-column-wrapper fusion-flex-justify-content-flex-start fusion-content-layout-column\"><div class=\"fusion-text fusion-text-1\"><p>Korroosiosuojan k\u00e4ytt\u00f6aika on 18 (36) kuukautta k\u00e4sittelyst\u00e4. CSC850 Corrosion Free\u2122 sis\u00e4lt\u00e4v\u00e4 Formula 3000-inhibiittori suojaa korroosiolta\u00a0<strong>18<\/strong>\u00a0kuukautta, kun sill\u00e4 on k\u00e4sitelty ajoneuvon pohja tai py\u00f6r\u00e4kotelo ja\u00a0<strong>36<\/strong>\u00a0kk, kun sill\u00e4 on k\u00e4sitelty sis\u00e4ll\u00e4 olevat ontelot, joihin kosteus ei p\u00e4\u00e4se suoraan, eli esim. kynnysten ja ovien sis\u00e4osat.<br \/>Huolimatta siit\u00e4, ett\u00e4 Formula 3000 s\u00e4ilytt\u00e4\u00e4 toimintakykyns\u00e4 pitk\u00e4\u00e4n, t\u00e4m\u00e4 aika ei ole kuitenkaan loputon. Muistathan tuoda autosi k\u00e4sittelyyn 18\/36 kuukauden v\u00e4lein.<br \/>Muistutukseksi me liimaamme kuljettajan oven sis\u00e4puolelle tarran, johon on kirjoitettu seuraava k\u00e4sittelyp\u00e4iv\u00e4.<\/p>\n<\/div><\/div><\/div><\/div><\/div><div class=\"fusion-fullwidth fullwidth-box fusion-builder-row-2 fusion-flex-container has-pattern-background has-mask-background nonhundred-percent-fullwidth non-hundred-percent-height-scrolling\" style=\"--awb-border-radius-top-left:0px;--awb-border-radius-top-right:0px;--awb-border-radius-bottom-right:0px;--awb-border-radius-bottom-left:0px;--awb-flex-wrap:wrap;\" ><div class=\"fusion-builder-row fusion-row fusion-flex-align-items-flex-start fusion-flex-content-wrap\" style=\"max-width:1528.8px;margin-left: calc(-4% \/ 2 );margin-right: calc(-4% \/ 2 );\"><div class=\"fusion-layout-column fusion_builder_column fusion-builder-column-1 fusion_builder_column_1_2 1_2 fusion-flex-column\" style=\"--awb-bg-size:cover;--awb-width-large:50%;--awb-margin-top-large:0px;--awb-spacing-right-large:3.84%;--awb-margin-bottom-large:20px;--awb-spacing-left-large:3.84%;--awb-width-medium:50%;--awb-order-medium:0;--awb-spacing-right-medium:3.84%;--awb-spacing-left-medium:3.84%;--awb-width-small:100%;--awb-order-small:0;--awb-spacing-right-small:1.92%;--awb-spacing-left-small:1.92%;\"><div class=\"fusion-column-wrapper fusion-column-has-shadow fusion-flex-justify-content-flex-start fusion-content-layout-column\"><div class=\"fusion-image-element \" style=\"text-align:center;--awb-max-width:400px;--awb-caption-title-font-family:var(--h2_typography-font-family);--awb-caption-title-font-weight:var(--h2_typography-font-weight);--awb-caption-title-font-style:var(--h2_typography-font-style);--awb-caption-title-size:var(--h2_typography-font-size);--awb-caption-title-transform:var(--h2_typography-text-transform);--awb-caption-title-line-height:var(--h2_typography-line-height);--awb-caption-title-letter-spacing:var(--h2_typography-letter-spacing);\"><span class=\" fusion-imageframe imageframe-none imageframe-1 hover-type-none\"><a href=\"https:\/\/corrosionfree.ee\/wp-content\/uploads\/2025\/04\/stiker.jpg\" class=\"fusion-lightbox\" data-rel=\"iLightbox[fe8a2e9507b43fae7c0]\" data-title=\"stiker\" title=\"stiker\"><img decoding=\"async\" width=\"827\" height=\"414\" src=\"https:\/\/corrosionfree.ee\/wp-content\/uploads\/2025\/04\/stiker.jpg\" data-orig-src=\"https:\/\/corrosionfree.ee\/wp-content\/uploads\/2025\/04\/stiker.jpg\" alt class=\"lazyload img-responsive wp-image-2185\" srcset=\"data:image\/svg+xml,%3Csvg%20xmlns%3D%27http%3A%2F%2Fwww.w3.org%2F2000%2Fsvg%27%20width%3D%27827%27%20height%3D%27414%27%20viewBox%3D%270%200%20827%20414%27%3E%3Crect%20width%3D%27827%27%20height%3D%27414%27%20fill-opacity%3D%220%22%2F%3E%3C%2Fsvg%3E\" data-srcset=\"https:\/\/corrosionfree.ee\/wp-content\/uploads\/2025\/04\/stiker-200x100.jpg 200w, https:\/\/corrosionfree.ee\/wp-content\/uploads\/2025\/04\/stiker-400x200.jpg 400w, https:\/\/corrosionfree.ee\/wp-content\/uploads\/2025\/04\/stiker-600x300.jpg 600w, https:\/\/corrosionfree.ee\/wp-content\/uploads\/2025\/04\/stiker-800x400.jpg 800w, https:\/\/corrosionfree.ee\/wp-content\/uploads\/2025\/04\/stiker.jpg 827w\" data-sizes=\"auto\" data-orig-sizes=\"(max-width: 820px) 100vw, 800px\" \/><\/a><\/span><\/div><div class=\"fusion-title title fusion-title-1 fusion-sep-none fusion-title-center fusion-title-text fusion-title-size-four\"><h4 class=\"fusion-title-heading title-heading-center\" style=\"margin:0;\">Tarra<\/h4><\/div><\/div><\/div><div class=\"fusion-layout-column fusion_builder_column fusion-builder-column-2 fusion_builder_column_1_2 1_2 fusion-flex-column\" style=\"--awb-bg-size:cover;--awb-width-large:50%;--awb-margin-top-large:0px;--awb-spacing-right-large:3.84%;--awb-margin-bottom-large:20px;--awb-spacing-left-large:3.84%;--awb-width-medium:50%;--awb-order-medium:0;--awb-spacing-right-medium:3.84%;--awb-spacing-left-medium:3.84%;--awb-width-small:100%;--awb-order-small:0;--awb-spacing-right-small:1.92%;--awb-spacing-left-small:1.92%;\"><div class=\"fusion-column-wrapper fusion-column-has-shadow fusion-flex-justify-content-flex-start fusion-content-layout-column\"><div class=\"fusion-image-element \" style=\"text-align:center;--awb-caption-title-font-family:var(--h2_typography-font-family);--awb-caption-title-font-weight:var(--h2_typography-font-weight);--awb-caption-title-font-style:var(--h2_typography-font-style);--awb-caption-title-size:var(--h2_typography-font-size);--awb-caption-title-transform:var(--h2_typography-text-transform);--awb-caption-title-line-height:var(--h2_typography-line-height);--awb-caption-title-letter-spacing:var(--h2_typography-letter-spacing);\"><span class=\" fusion-imageframe imageframe-none imageframe-2 hover-type-none\"><a href=\"https:\/\/corrosionfree.ee\/wp-content\/uploads\/2025\/04\/Corrosion_pass_75x100-03.png\" class=\"fusion-lightbox\" data-rel=\"iLightbox[1d2cb2dc11ff0994023]\" data-title=\"Corrosion_pass_75x100-03\" title=\"Corrosion_pass_75x100-03\"><img decoding=\"async\" width=\"150\" height=\"101\" src=\"data:image\/svg+xml,%3Csvg%20xmlns%3D%27http%3A%2F%2Fwww.w3.org%2F2000%2Fsvg%27%20width%3D%27150%27%20height%3D%27101%27%20viewBox%3D%270%200%20150%20101%27%3E%3Crect%20width%3D%27150%27%20height%3D%27101%27%20fill-opacity%3D%220%22%2F%3E%3C%2Fsvg%3E\" data-orig-src=\"https:\/\/corrosionfree.ee\/wp-content\/uploads\/2025\/04\/Corrosion_pass_75x100-03.png\" alt class=\"lazyload img-responsive wp-image-2188\"\/><\/a><\/span><\/div><div class=\"fusion-title title fusion-title-2 fusion-sep-none fusion-title-center fusion-title-text fusion-title-size-four\"><h4 class=\"fusion-title-heading title-heading-center\" style=\"margin:0;\">&#8221;Corrosion free&#8221; Pass<\/h4><\/div><\/div><\/div><\/div><\/div><div class=\"fusion-fullwidth fullwidth-box fusion-builder-row-3 fusion-flex-container has-pattern-background has-mask-background nonhundred-percent-fullwidth non-hundred-percent-height-scrolling\" style=\"--awb-border-radius-top-left:0px;--awb-border-radius-top-right:0px;--awb-border-radius-bottom-right:0px;--awb-border-radius-bottom-left:0px;--awb-flex-wrap:wrap;\" ><div class=\"fusion-builder-row fusion-row fusion-flex-align-items-flex-start fusion-flex-content-wrap\" style=\"max-width:1528.8px;margin-left: calc(-4% \/ 2 );margin-right: calc(-4% \/ 2 );\"><div class=\"fusion-layout-column fusion_builder_column fusion-builder-column-3 fusion_builder_column_1_1 1_1 fusion-flex-column\" style=\"--awb-bg-size:cover;--awb-width-large:100%;--awb-margin-top-large:0px;--awb-spacing-right-large:1.92%;--awb-margin-bottom-large:20px;--awb-spacing-left-large:1.92%;--awb-width-medium:100%;--awb-order-medium:0;--awb-spacing-right-medium:1.92%;--awb-spacing-left-medium:1.92%;--awb-width-small:100%;--awb-order-small:0;--awb-spacing-right-small:1.92%;--awb-spacing-left-small:1.92%;\"><div class=\"fusion-column-wrapper fusion-column-has-shadow fusion-flex-justify-content-flex-start fusion-content-layout-column\"><div class=\"fusion-text fusion-text-2\"><p>Huom!\u00a0Mik\u00e4li joudut syyst\u00e4 tai toisesta vaihtamaan autosi korin osan, \u00e4l\u00e4 odota seuraavaa m\u00e4\u00e4r\u00e4aikaista k\u00e4sittelyp\u00e4iv\u00e4\u00e4, tule meille heti ja me k\u00e4sittelemme vaihdetun korin osan ilmaiseksi.<\/p>\n<p>Korroosiosuojaus Formula 3000-inhibiittorilla tehd\u00e4\u00e4n seuraavin aikav\u00e4lein:<\/p>\n<p>\u2022 suoraan s\u00e4\u00e4ilmi\u00f6lle altistuvat kohteet 12-18 kuukauden v\u00e4lein<\/p>\n<p>\u2022 kohteet, jotka eiv\u00e4t suoraan altistu s\u00e4\u00e4ilmi\u00f6ille 24-36 kuukauden v\u00e4lein<\/p>\n<p>\u2022 auton pohja 18 kuukauden v\u00e4lein<\/p>\n<p>Muista ett\u00e4 Formula 3000 Corrosion Free\u2122 pys\u00e4ytt\u00e4\u00e4 jo olemassa olevan ruosteen kehityst\u00e4 ja est\u00e4\u00e4 uuden ruosteen muodostumisen.<\/p>\n<p>Suojaa investointisi!<\/p>\n<\/div><\/div><\/div><\/div><\/div><\/p>\n","protected":false},"excerpt":{"rendered":"","protected":false},"author":1,"featured_media":0,"parent":0,"menu_order":0,"comment_status":"closed","ping_status":"closed","template":"","meta":{"footnotes":""},"class_list":["post-2882","page","type-page","status-publish","hentry"],"yoast_head":"<!-- This site is optimized with the Yoast SEO plugin v25.0 - https:\/\/yoast.com\/wordpress\/plugins\/seo\/ -->\n<title>Formula 3000:n k\u00e4ytt\u00f6aika - Corrosionfree<\/title>\n<meta name=\"robots\" content=\"index, follow, max-snippet:-1, max-image-preview:large, max-video-preview:-1\" \/>\n<link rel=\"canonical\" href=\"https:\/\/corrosionfree.ee\/fi\/formula-3000n-kayttoaika\/\" \/>\n<meta property=\"og:locale\" content=\"fi_FI\" \/>\n<meta property=\"og:type\" content=\"article\" \/>\n<meta property=\"og:title\" content=\"Formula 3000:n k\u00e4ytt\u00f6aika - Corrosionfree\" \/>\n<meta property=\"og:url\" content=\"https:\/\/corrosionfree.ee\/fi\/formula-3000n-kayttoaika\/\" \/>\n<meta property=\"og:site_name\" content=\"Corrosionfree\" \/>\n<meta property=\"article:publisher\" content=\"https:\/\/www.facebook.com\/corrosionfreeESTONIA\" \/>\n<meta property=\"article:modified_time\" content=\"2025-04-16T11:07:25+00:00\" \/>\n<meta name=\"twitter:card\" content=\"summary_large_image\" \/>\n<meta name=\"twitter:label1\" content=\"Arvioitu lukuaika\" \/>\n\t<meta name=\"twitter:data1\" content=\"19 minuuttia\" \/>\n<script type=\"application\/ld+json\" class=\"yoast-schema-graph\">{\"@context\":\"https:\/\/schema.org\",\"@graph\":[{\"@type\":\"WebPage\",\"@id\":\"https:\/\/corrosionfree.ee\/fi\/formula-3000n-kayttoaika\/\",\"url\":\"https:\/\/corrosionfree.ee\/fi\/formula-3000n-kayttoaika\/\",\"name\":\"Formula 3000:n k\u00e4ytt\u00f6aika - Corrosionfree\",\"isPartOf\":{\"@id\":\"https:\/\/corrosionfree.ee\/#website\"},\"datePublished\":\"2025-04-04T14:03:16+00:00\",\"dateModified\":\"2025-04-16T11:07:25+00:00\",\"breadcrumb\":{\"@id\":\"https:\/\/corrosionfree.ee\/fi\/formula-3000n-kayttoaika\/#breadcrumb\"},\"inLanguage\":\"fi\",\"potentialAction\":[{\"@type\":\"ReadAction\",\"target\":[\"https:\/\/corrosionfree.ee\/fi\/formula-3000n-kayttoaika\/\"]}]},{\"@type\":\"BreadcrumbList\",\"@id\":\"https:\/\/corrosionfree.ee\/fi\/formula-3000n-kayttoaika\/#breadcrumb\",\"itemListElement\":[{\"@type\":\"ListItem\",\"position\":1,\"name\":\"Home\",\"item\":\"https:\/\/corrosionfree.ee\/fi\/\"},{\"@type\":\"ListItem\",\"position\":2,\"name\":\"Formula 3000:n k\u00e4ytt\u00f6aika\"}]},{\"@type\":\"WebSite\",\"@id\":\"https:\/\/corrosionfree.ee\/#website\",\"url\":\"https:\/\/corrosionfree.ee\/\",\"name\":\"Corrosionfree\",\"description\":\"Corrosionfree veebileht\",\"publisher\":{\"@id\":\"https:\/\/corrosionfree.ee\/#organization\"},\"potentialAction\":[{\"@type\":\"SearchAction\",\"target\":{\"@type\":\"EntryPoint\",\"urlTemplate\":\"https:\/\/corrosionfree.ee\/?s={search_term_string}\"},\"query-input\":{\"@type\":\"PropertyValueSpecification\",\"valueRequired\":true,\"valueName\":\"search_term_string\"}}],\"inLanguage\":\"fi\"},{\"@type\":\"Organization\",\"@id\":\"https:\/\/corrosionfree.ee\/#organization\",\"name\":\"Reval Service\",\"url\":\"https:\/\/corrosionfree.ee\/\",\"logo\":{\"@type\":\"ImageObject\",\"inLanguage\":\"fi\",\"@id\":\"https:\/\/corrosionfree.ee\/#\/schema\/logo\/image\/\",\"url\":\"https:\/\/corrosionfree.ee\/wp-content\/uploads\/2025\/03\/cf_logo.png\",\"contentUrl\":\"https:\/\/corrosionfree.ee\/wp-content\/uploads\/2025\/03\/cf_logo.png\",\"width\":199,\"height\":140,\"caption\":\"Reval Service\"},\"image\":{\"@id\":\"https:\/\/corrosionfree.ee\/#\/schema\/logo\/image\/\"},\"sameAs\":[\"https:\/\/www.facebook.com\/corrosionfreeESTONIA\"]}]}<\/script>\n<!-- \/ Yoast SEO plugin. -->","yoast_head_json":{"title":"Formula 3000:n k\u00e4ytt\u00f6aika - Corrosionfree","robots":{"index":"index","follow":"follow","max-snippet":"max-snippet:-1","max-image-preview":"max-image-preview:large","max-video-preview":"max-video-preview:-1"},"canonical":"https:\/\/corrosionfree.ee\/fi\/formula-3000n-kayttoaika\/","og_locale":"fi_FI","og_type":"article","og_title":"Formula 3000:n k\u00e4ytt\u00f6aika - Corrosionfree","og_url":"https:\/\/corrosionfree.ee\/fi\/formula-3000n-kayttoaika\/","og_site_name":"Corrosionfree","article_publisher":"https:\/\/www.facebook.com\/corrosionfreeESTONIA","article_modified_time":"2025-04-16T11:07:25+00:00","twitter_card":"summary_large_image","twitter_misc":{"Arvioitu lukuaika":"19 minuuttia"},"schema":{"@context":"https:\/\/schema.org","@graph":[{"@type":"WebPage","@id":"https:\/\/corrosionfree.ee\/fi\/formula-3000n-kayttoaika\/","url":"https:\/\/corrosionfree.ee\/fi\/formula-3000n-kayttoaika\/","name":"Formula 3000:n k\u00e4ytt\u00f6aika - Corrosionfree","isPartOf":{"@id":"https:\/\/corrosionfree.ee\/#website"},"datePublished":"2025-04-04T14:03:16+00:00","dateModified":"2025-04-16T11:07:25+00:00","breadcrumb":{"@id":"https:\/\/corrosionfree.ee\/fi\/formula-3000n-kayttoaika\/#breadcrumb"},"inLanguage":"fi","potentialAction":[{"@type":"ReadAction","target":["https:\/\/corrosionfree.ee\/fi\/formula-3000n-kayttoaika\/"]}]},{"@type":"BreadcrumbList","@id":"https:\/\/corrosionfree.ee\/fi\/formula-3000n-kayttoaika\/#breadcrumb","itemListElement":[{"@type":"ListItem","position":1,"name":"Home","item":"https:\/\/corrosionfree.ee\/fi\/"},{"@type":"ListItem","position":2,"name":"Formula 3000:n k\u00e4ytt\u00f6aika"}]},{"@type":"WebSite","@id":"https:\/\/corrosionfree.ee\/#website","url":"https:\/\/corrosionfree.ee\/","name":"Corrosionfree","description":"Corrosionfree veebileht","publisher":{"@id":"https:\/\/corrosionfree.ee\/#organization"},"potentialAction":[{"@type":"SearchAction","target":{"@type":"EntryPoint","urlTemplate":"https:\/\/corrosionfree.ee\/?s={search_term_string}"},"query-input":{"@type":"PropertyValueSpecification","valueRequired":true,"valueName":"search_term_string"}}],"inLanguage":"fi"},{"@type":"Organization","@id":"https:\/\/corrosionfree.ee\/#organization","name":"Reval Service","url":"https:\/\/corrosionfree.ee\/","logo":{"@type":"ImageObject","inLanguage":"fi","@id":"https:\/\/corrosionfree.ee\/#\/schema\/logo\/image\/","url":"https:\/\/corrosionfree.ee\/wp-content\/uploads\/2025\/03\/cf_logo.png","contentUrl":"https:\/\/corrosionfree.ee\/wp-content\/uploads\/2025\/03\/cf_logo.png","width":199,"height":140,"caption":"Reval Service"},"image":{"@id":"https:\/\/corrosionfree.ee\/#\/schema\/logo\/image\/"},"sameAs":["https:\/\/www.facebook.com\/corrosionfreeESTONIA"]}]}},"_links":{"self":[{"href":"https:\/\/corrosionfree.ee\/fi\/wp-json\/wp\/v2\/pages\/2882","targetHints":{"allow":["GET"]}}],"collection":[{"href":"https:\/\/corrosionfree.ee\/fi\/wp-json\/wp\/v2\/pages"}],"about":[{"href":"https:\/\/corrosionfree.ee\/fi\/wp-json\/wp\/v2\/types\/page"}],"author":[{"embeddable":true,"href":"https:\/\/corrosionfree.ee\/fi\/wp-json\/wp\/v2\/users\/1"}],"replies":[{"embeddable":true,"href":"https:\/\/corrosionfree.ee\/fi\/wp-json\/wp\/v2\/comments?post=2882"}],"version-history":[{"count":2,"href":"https:\/\/corrosionfree.ee\/fi\/wp-json\/wp\/v2\/pages\/2882\/revisions"}],"predecessor-version":[{"id":2884,"href":"https:\/\/corrosionfree.ee\/fi\/wp-json\/wp\/v2\/pages\/2882\/revisions\/2884"}],"wp:attachment":[{"href":"https:\/\/corrosionfree.ee\/fi\/wp-json\/wp\/v2\/media?parent=2882"}],"curies":[{"name":"wp","href":"https:\/\/api.w.org\/{rel}","templated":true}]}}