{"id":2907,"date":"2025-04-04T17:06:41","date_gmt":"2025-04-04T14:06:41","guid":{"rendered":"https:\/\/corrosionfree.ee\/vahittaiskauppa\/"},"modified":"2025-04-16T14:19:26","modified_gmt":"2025-04-16T11:19:26","slug":"vahittaiskauppa","status":"publish","type":"page","link":"https:\/\/corrosionfree.ee\/fi\/vahittaiskauppa\/","title":{"rendered":"V\u00e4hitt\u00e4iskauppa"},"content":{"rendered":"<p><div class=\"fusion-fullwidth fullwidth-box fusion-builder-row-1 fusion-flex-container has-pattern-background has-mask-background nonhundred-percent-fullwidth non-hundred-percent-height-scrolling\" style=\"--awb-border-radius-top-left:0px;--awb-border-radius-top-right:0px;--awb-border-radius-bottom-right:0px;--awb-border-radius-bottom-left:0px;--awb-flex-wrap:wrap;\" ><div class=\"fusion-builder-row fusion-row fusion-flex-align-items-flex-start fusion-flex-content-wrap\" style=\"max-width:1528.8px;margin-left: calc(-4% \/ 2 );margin-right: calc(-4% \/ 2 );\"><div class=\"fusion-layout-column fusion_builder_column fusion-builder-column-0 fusion_builder_column_1_4 1_4 fusion-flex-column\" style=\"--awb-bg-size:cover;--awb-width-large:25%;--awb-margin-top-large:0px;--awb-spacing-right-large:7.68%;--awb-margin-bottom-large:20px;--awb-spacing-left-large:7.68%;--awb-width-medium:25%;--awb-order-medium:0;--awb-spacing-right-medium:7.68%;--awb-spacing-left-medium:7.68%;--awb-width-small:100%;--awb-order-small:0;--awb-spacing-right-small:1.92%;--awb-spacing-left-small:1.92%;\"><div class=\"fusion-column-wrapper fusion-column-has-shadow fusion-flex-justify-content-flex-start fusion-content-layout-column\"><div class=\"fusion-image-element \" style=\"text-align:center;--awb-max-width:80px;--awb-caption-title-font-family:var(--h2_typography-font-family);--awb-caption-title-font-weight:var(--h2_typography-font-weight);--awb-caption-title-font-style:var(--h2_typography-font-style);--awb-caption-title-size:var(--h2_typography-font-size);--awb-caption-title-transform:var(--h2_typography-text-transform);--awb-caption-title-line-height:var(--h2_typography-line-height);--awb-caption-title-letter-spacing:var(--h2_typography-letter-spacing);\"><span class=\" fusion-imageframe imageframe-none imageframe-1 hover-type-none\"><a href=\"https:\/\/corrosionfree.ee\/wp-content\/uploads\/2025\/04\/Formula3000_light.jpg\" class=\"fusion-lightbox\" data-rel=\"iLightbox[43ab458523b9c43e556]\" data-title=\"Formula3000_light\" title=\"Formula3000_light\"><img decoding=\"async\" width=\"300\" height=\"1131\" src=\"https:\/\/corrosionfree.ee\/wp-content\/uploads\/2025\/04\/Formula3000_light.jpg\" data-orig-src=\"https:\/\/corrosionfree.ee\/wp-content\/uploads\/2025\/04\/Formula3000_light.jpg\" alt class=\"lazyload img-responsive wp-image-2191\" srcset=\"data:image\/svg+xml,%3Csvg%20xmlns%3D%27http%3A%2F%2Fwww.w3.org%2F2000%2Fsvg%27%20width%3D%27300%27%20height%3D%271131%27%20viewBox%3D%270%200%20300%201131%27%3E%3Crect%20width%3D%27300%27%20height%3D%271131%27%20fill-opacity%3D%220%22%2F%3E%3C%2Fsvg%3E\" data-srcset=\"https:\/\/corrosionfree.ee\/wp-content\/uploads\/2025\/04\/Formula3000_light-200x754.jpg 200w, https:\/\/corrosionfree.ee\/wp-content\/uploads\/2025\/04\/Formula3000_light.jpg 300w\" data-sizes=\"auto\" data-orig-sizes=\"(max-width: 820px) 100vw, 300px\" \/><\/a><\/span><\/div><\/div><\/div><div class=\"fusion-layout-column fusion_builder_column fusion-builder-column-1 fusion_builder_column_3_4 3_4 fusion-flex-column\" style=\"--awb-bg-size:cover;--awb-width-large:75%;--awb-margin-top-large:0px;--awb-spacing-right-large:2.56%;--awb-margin-bottom-large:20px;--awb-spacing-left-large:2.56%;--awb-width-medium:75%;--awb-order-medium:0;--awb-spacing-right-medium:2.56%;--awb-spacing-left-medium:2.56%;--awb-width-small:100%;--awb-order-small:0;--awb-spacing-right-small:1.92%;--awb-spacing-left-small:1.92%;\"><div class=\"fusion-column-wrapper fusion-column-has-shadow fusion-flex-justify-content-flex-start fusion-content-layout-column\"><div class=\"fusion-text fusion-text-1\"><p><strong>Formula 3000 on\u00a0<a href=\"https:\/\/corrosionfree.ee\/index.php\/fi\/corrosian-free-ru-2\/stati-publikatsii\" target=\"_blank\" rel=\"noopener\">inhibiittori<\/a><\/strong>,\u00a0joka suojaa metallipinnat ruosteelta muodostamalla ruostuneelle pinnalle suojakalvon, joka est\u00e4\u00e4 hapen vaikutuksen ja ruosteen levitt\u00e4misen. Metallipintojen suoja korroosiolta ja hapettumiselta on pitk\u00e4kestoinen, inhibiittori samalla poistaa kosteuden s\u00e4hk\u00f6osista. Formula 3000-suojakalvo on itsekorjautuva, se pysyy aktiivisena ja vett\u00e4 hylk\u00e4\u00e4v\u00e4n\u00e4 koko k\u00e4ytt\u00f6aikansa. Ominaisuudet: korroosiosuoja, erinomainen dielektrinen aine, voitelee kumi- ja muoviosia.<\/p>\n<p>K\u00e4ytt\u00f6ohje: Ravista pullo ennen k\u00e4ytt\u00f6\u00e4 ja puhdista k\u00e4sitelt\u00e4v\u00e4 pinta. K\u00e4ytt\u00f6: ajoneuvojen, koneiden ja laitteiden osat ja saranat. K\u00e4ytt\u00f6 kotitalouksissa: polkupy\u00f6r\u00e4t, ruohonleikkurit, ovensaranat, grillit, per\u00e4vaunut ja kaikki metalli-, muovi- ja kumiosat yleens\u00e4. S\u00e4hk\u00f6liitokset, jarruneste- ja polttoputket. 400g<\/p>\n<\/div><\/div><\/div><\/div><\/div><div class=\"fusion-fullwidth fullwidth-box fusion-builder-row-2 fusion-flex-container has-pattern-background has-mask-background nonhundred-percent-fullwidth non-hundred-percent-height-scrolling\" style=\"--awb-border-radius-top-left:0px;--awb-border-radius-top-right:0px;--awb-border-radius-bottom-right:0px;--awb-border-radius-bottom-left:0px;--awb-flex-wrap:wrap;\" ><div class=\"fusion-builder-row fusion-row fusion-flex-align-items-flex-start fusion-flex-content-wrap\" style=\"max-width:1528.8px;margin-left: calc(-4% \/ 2 );margin-right: calc(-4% \/ 2 );\"><div class=\"fusion-layout-column fusion_builder_column fusion-builder-column-2 fusion_builder_column_1_4 1_4 fusion-flex-column\" style=\"--awb-bg-size:cover;--awb-width-large:25%;--awb-margin-top-large:0px;--awb-spacing-right-large:7.68%;--awb-margin-bottom-large:20px;--awb-spacing-left-large:7.68%;--awb-width-medium:25%;--awb-order-medium:0;--awb-spacing-right-medium:7.68%;--awb-spacing-left-medium:7.68%;--awb-width-small:100%;--awb-order-small:0;--awb-spacing-right-small:1.92%;--awb-spacing-left-small:1.92%;\"><div class=\"fusion-column-wrapper fusion-column-has-shadow fusion-flex-justify-content-flex-start fusion-content-layout-column\"><div class=\"fusion-image-element \" style=\"text-align:center;--awb-max-width:80px;--awb-caption-title-font-family:var(--h2_typography-font-family);--awb-caption-title-font-weight:var(--h2_typography-font-weight);--awb-caption-title-font-style:var(--h2_typography-font-style);--awb-caption-title-size:var(--h2_typography-font-size);--awb-caption-title-transform:var(--h2_typography-text-transform);--awb-caption-title-line-height:var(--h2_typography-line-height);--awb-caption-title-letter-spacing:var(--h2_typography-letter-spacing);\"><span class=\" fusion-imageframe imageframe-none imageframe-2 hover-type-none\"><a href=\"https:\/\/corrosionfree.ee\/wp-content\/uploads\/2025\/04\/Nut_Z_LUBE_ligcht.jpg\" class=\"fusion-lightbox\" data-rel=\"iLightbox[c030d4d0a75fa8d9f92]\" data-title=\"Nut_Z_LUBE_ligcht\" title=\"Nut_Z_LUBE_ligcht\"><img decoding=\"async\" width=\"300\" height=\"1135\" src=\"https:\/\/corrosionfree.ee\/wp-content\/uploads\/2025\/04\/Nut_Z_LUBE_ligcht.jpg\" data-orig-src=\"https:\/\/corrosionfree.ee\/wp-content\/uploads\/2025\/04\/Nut_Z_LUBE_ligcht.jpg\" alt class=\"lazyload img-responsive wp-image-2194\" srcset=\"data:image\/svg+xml,%3Csvg%20xmlns%3D%27http%3A%2F%2Fwww.w3.org%2F2000%2Fsvg%27%20width%3D%27300%27%20height%3D%271135%27%20viewBox%3D%270%200%20300%201135%27%3E%3Crect%20width%3D%27300%27%20height%3D%271135%27%20fill-opacity%3D%220%22%2F%3E%3C%2Fsvg%3E\" data-srcset=\"https:\/\/corrosionfree.ee\/wp-content\/uploads\/2025\/04\/Nut_Z_LUBE_ligcht-200x757.jpg 200w, https:\/\/corrosionfree.ee\/wp-content\/uploads\/2025\/04\/Nut_Z_LUBE_ligcht.jpg 300w\" data-sizes=\"auto\" data-orig-sizes=\"(max-width: 820px) 100vw, 300px\" \/><\/a><\/span><\/div><\/div><\/div><div class=\"fusion-layout-column fusion_builder_column fusion-builder-column-3 fusion_builder_column_3_4 3_4 fusion-flex-column\" style=\"--awb-bg-size:cover;--awb-width-large:75%;--awb-margin-top-large:0px;--awb-spacing-right-large:2.56%;--awb-margin-bottom-large:20px;--awb-spacing-left-large:2.56%;--awb-width-medium:75%;--awb-order-medium:0;--awb-spacing-right-medium:2.56%;--awb-spacing-left-medium:2.56%;--awb-width-small:100%;--awb-order-small:0;--awb-spacing-right-small:1.92%;--awb-spacing-left-small:1.92%;\"><div class=\"fusion-column-wrapper fusion-column-has-shadow fusion-flex-justify-content-flex-start fusion-content-layout-column\"><div class=\"fusion-text fusion-text-2\"><table>\n<tbody>\n<tr>\n<td><strong>Nut-Z-Lube. Nut-Z-Lube. Nestem\u00e4inen avain. Korroosiolta suojaava rasva.<\/strong>T\u00e4m\u00e4 on puhdas ja kirkas rasva, joka suojaa korroosiolta. NASA:n kehitt\u00e4m\u00e4 ainutlaatuinen tekniikka, jonka ansiosta t\u00e4m\u00e4 on ainoa \u201dpuhdas\u201d rasva, joka soveltuu kaikkeen. Ei ole myrkyllinen, eik\u00e4 syty. Ei sis\u00e4ll\u00e4 teflonia tai grafiittia. Turvallisesti soveltuu muoviin, kaikkiin metalliin, ohjauslaitteisiin, ketjuihin, s\u00e4hk\u00f6moottoreihin, releisiin, sulakkeisiin (dielektrinen aine 40 kV). Soveltuu erinomaisesti ty\u00f6kalujen suojaukseen, ruosteen poistamiseen muttereista ja pinnesuojuksien voiteluun. 400g<\/td>\n<\/tr>\n<\/tbody>\n<\/table>\n<\/div><\/div><\/div><\/div><\/div><div class=\"fusion-fullwidth fullwidth-box fusion-builder-row-3 fusion-flex-container has-pattern-background has-mask-background nonhundred-percent-fullwidth non-hundred-percent-height-scrolling\" style=\"--awb-border-radius-top-left:0px;--awb-border-radius-top-right:0px;--awb-border-radius-bottom-right:0px;--awb-border-radius-bottom-left:0px;--awb-flex-wrap:wrap;\" ><div class=\"fusion-builder-row fusion-row fusion-flex-align-items-flex-start fusion-flex-content-wrap\" style=\"max-width:1528.8px;margin-left: calc(-4% \/ 2 );margin-right: calc(-4% \/ 2 );\"><div class=\"fusion-layout-column fusion_builder_column fusion-builder-column-4 fusion_builder_column_1_4 1_4 fusion-flex-column\" style=\"--awb-bg-size:cover;--awb-width-large:25%;--awb-margin-top-large:0px;--awb-spacing-right-large:7.68%;--awb-margin-bottom-large:20px;--awb-spacing-left-large:7.68%;--awb-width-medium:25%;--awb-order-medium:0;--awb-spacing-right-medium:7.68%;--awb-spacing-left-medium:7.68%;--awb-width-small:100%;--awb-order-small:0;--awb-spacing-right-small:1.92%;--awb-spacing-left-small:1.92%;\"><div class=\"fusion-column-wrapper fusion-column-has-shadow fusion-flex-justify-content-flex-start fusion-content-layout-column\"><div class=\"fusion-image-element \" style=\"text-align:center;--awb-max-width:80px;--awb-caption-title-font-family:var(--h2_typography-font-family);--awb-caption-title-font-weight:var(--h2_typography-font-weight);--awb-caption-title-font-style:var(--h2_typography-font-style);--awb-caption-title-size:var(--h2_typography-font-size);--awb-caption-title-transform:var(--h2_typography-text-transform);--awb-caption-title-line-height:var(--h2_typography-line-height);--awb-caption-title-letter-spacing:var(--h2_typography-letter-spacing);\"><span class=\" fusion-imageframe imageframe-none imageframe-3 hover-type-none\"><a href=\"https:\/\/corrosionfree.ee\/wp-content\/uploads\/2025\/04\/Formula8000_ligcht.jpg\" class=\"fusion-lightbox\" data-rel=\"iLightbox[36d279ee6652c1cccc8]\" data-title=\"Formula8000_ligcht\" title=\"Formula8000_ligcht\"><img decoding=\"async\" width=\"300\" height=\"1035\" src=\"https:\/\/corrosionfree.ee\/wp-content\/uploads\/2025\/04\/Formula8000_ligcht.jpg\" data-orig-src=\"https:\/\/corrosionfree.ee\/wp-content\/uploads\/2025\/04\/Formula8000_ligcht.jpg\" alt class=\"lazyload img-responsive wp-image-2197\" srcset=\"data:image\/svg+xml,%3Csvg%20xmlns%3D%27http%3A%2F%2Fwww.w3.org%2F2000%2Fsvg%27%20width%3D%27300%27%20height%3D%271035%27%20viewBox%3D%270%200%20300%201035%27%3E%3Crect%20width%3D%27300%27%20height%3D%271035%27%20fill-opacity%3D%220%22%2F%3E%3C%2Fsvg%3E\" data-srcset=\"https:\/\/corrosionfree.ee\/wp-content\/uploads\/2025\/04\/Formula8000_ligcht-200x690.jpg 200w, https:\/\/corrosionfree.ee\/wp-content\/uploads\/2025\/04\/Formula8000_ligcht.jpg 300w\" data-sizes=\"auto\" data-orig-sizes=\"(max-width: 820px) 100vw, 300px\" \/><\/a><\/span><\/div><\/div><\/div><div class=\"fusion-layout-column fusion_builder_column fusion-builder-column-5 fusion_builder_column_3_4 3_4 fusion-flex-column\" style=\"--awb-bg-size:cover;--awb-width-large:75%;--awb-margin-top-large:0px;--awb-spacing-right-large:2.56%;--awb-margin-bottom-large:20px;--awb-spacing-left-large:2.56%;--awb-width-medium:75%;--awb-order-medium:0;--awb-spacing-right-medium:2.56%;--awb-spacing-left-medium:2.56%;--awb-width-small:100%;--awb-order-small:0;--awb-spacing-right-small:1.92%;--awb-spacing-left-small:1.92%;\"><div class=\"fusion-column-wrapper fusion-column-has-shadow fusion-flex-justify-content-flex-start fusion-content-layout-column\"><div class=\"fusion-text fusion-text-3\"><p><strong>Formula 8000\u00a0\u00a0 Formula 8000-lukkorasva.<\/strong>\u00a0Suosittu korroosiolta ja ruosteelta suojaava rasva. On kehitetty erityisesti kosteisiin, happamiin ja suolaisiin ymp\u00e4rist\u00f6ihin. Ruiskuta lukon kumpaankin aukkoon joka kuudes kuukausi. Voitelee lukko purkamatta sit\u00e4. EDUT: poistaa korroosion ja ruosteen kaikilta metallipinnoilta. Est\u00e4\u00e4 uuden korroosion kehittymisten. Liuottaa ja neutraloi olemassa olevan korroosion. P\u00e4\u00e4see syv\u00e4lle ja voitelee. Puhdas, ei j\u00e4t\u00e4 tahmeita j\u00e4lki\u00e4. Pys\u00e4ytt\u00e4\u00e4 elektrolyysin eri metallien v\u00e4liss\u00e4. Hallitsee galvaanisen korroosion. Hylkii suolaveden ja kosteuden. Ei l\u00e4hde pinnalta veden mukaan. Antaa pitk\u00e4kestoisen suojan. 180g<\/p>\n<\/div><\/div><\/div><\/div><\/div><div class=\"fusion-fullwidth fullwidth-box fusion-builder-row-4 fusion-flex-container has-pattern-background has-mask-background nonhundred-percent-fullwidth non-hundred-percent-height-scrolling\" style=\"--awb-border-radius-top-left:0px;--awb-border-radius-top-right:0px;--awb-border-radius-bottom-right:0px;--awb-border-radius-bottom-left:0px;--awb-flex-wrap:wrap;\" ><div class=\"fusion-builder-row fusion-row fusion-flex-align-items-flex-start fusion-flex-content-wrap\" style=\"max-width:1528.8px;margin-left: calc(-4% \/ 2 );margin-right: calc(-4% \/ 2 );\"><div class=\"fusion-layout-column fusion_builder_column fusion-builder-column-6 fusion_builder_column_1_4 1_4 fusion-flex-column\" style=\"--awb-bg-size:cover;--awb-width-large:25%;--awb-margin-top-large:0px;--awb-spacing-right-large:7.68%;--awb-margin-bottom-large:20px;--awb-spacing-left-large:7.68%;--awb-width-medium:25%;--awb-order-medium:0;--awb-spacing-right-medium:7.68%;--awb-spacing-left-medium:7.68%;--awb-width-small:100%;--awb-order-small:0;--awb-spacing-right-small:1.92%;--awb-spacing-left-small:1.92%;\"><div class=\"fusion-column-wrapper fusion-column-has-shadow fusion-flex-justify-content-flex-start fusion-content-layout-column\"><div class=\"fusion-image-element \" style=\"text-align:center;--awb-max-width:80px;--awb-caption-title-font-family:var(--h2_typography-font-family);--awb-caption-title-font-weight:var(--h2_typography-font-weight);--awb-caption-title-font-style:var(--h2_typography-font-style);--awb-caption-title-size:var(--h2_typography-font-size);--awb-caption-title-transform:var(--h2_typography-text-transform);--awb-caption-title-line-height:var(--h2_typography-line-height);--awb-caption-title-letter-spacing:var(--h2_typography-letter-spacing);\"><span class=\" fusion-imageframe imageframe-none imageframe-4 hover-type-none\"><a href=\"https:\/\/corrosionfree.ee\/wp-content\/uploads\/2025\/04\/Ease_OUT_Clean_ligcht.jpg\" class=\"fusion-lightbox\" data-rel=\"iLightbox[4ceb470a5a605f3d692]\" data-title=\"Ease_OUT_Clean_ligcht\" title=\"Ease_OUT_Clean_ligcht\"><img decoding=\"async\" width=\"300\" height=\"1172\" src=\"https:\/\/corrosionfree.ee\/wp-content\/uploads\/2025\/04\/Ease_OUT_Clean_ligcht.jpg\" data-orig-src=\"https:\/\/corrosionfree.ee\/wp-content\/uploads\/2025\/04\/Ease_OUT_Clean_ligcht.jpg\" alt class=\"lazyload img-responsive wp-image-2200\" srcset=\"data:image\/svg+xml,%3Csvg%20xmlns%3D%27http%3A%2F%2Fwww.w3.org%2F2000%2Fsvg%27%20width%3D%27300%27%20height%3D%271172%27%20viewBox%3D%270%200%20300%201172%27%3E%3Crect%20width%3D%27300%27%20height%3D%271172%27%20fill-opacity%3D%220%22%2F%3E%3C%2Fsvg%3E\" data-srcset=\"https:\/\/corrosionfree.ee\/wp-content\/uploads\/2025\/04\/Ease_OUT_Clean_ligcht-200x781.jpg 200w, https:\/\/corrosionfree.ee\/wp-content\/uploads\/2025\/04\/Ease_OUT_Clean_ligcht.jpg 300w\" data-sizes=\"auto\" data-orig-sizes=\"(max-width: 820px) 100vw, 300px\" \/><\/a><\/span><\/div><\/div><\/div><div class=\"fusion-layout-column fusion_builder_column fusion-builder-column-7 fusion_builder_column_3_4 3_4 fusion-flex-column\" style=\"--awb-bg-size:cover;--awb-width-large:75%;--awb-margin-top-large:0px;--awb-spacing-right-large:2.56%;--awb-margin-bottom-large:20px;--awb-spacing-left-large:2.56%;--awb-width-medium:75%;--awb-order-medium:0;--awb-spacing-right-medium:2.56%;--awb-spacing-left-medium:2.56%;--awb-width-small:100%;--awb-order-small:0;--awb-spacing-right-small:1.92%;--awb-spacing-left-small:1.92%;\"><div class=\"fusion-column-wrapper fusion-column-has-shadow fusion-flex-justify-content-flex-start fusion-content-layout-column\"><div class=\"fusion-text fusion-text-4\"><p><strong>EazeOut eaze-OUT Tahrojen poistoainetiiviste<\/strong><\/p>\n<p>TURVALLINEN kaikille v\u00e4rillisille kankaille. Soveltuu kaikkiin kankaisiin, sis. silkkivaatteet, matot ja verhoilut. Poistaa tehokkaasti veri-, rasva-, \u00f6ljy-, ruoho-, hedelm\u00e4mehu-, kosmetiikka-, punaviini-, vauvanruoka-, sinaappi-, suklaa-, kahvi-, tee-, kenk\u00e4rasva-, hiki-, kyn\u00e4-, muste- ja muut vaikeat tai vanhat tahrat. 125ml<\/p>\n<\/div><\/div><\/div><\/div><\/div><\/p>\n","protected":false},"excerpt":{"rendered":"","protected":false},"author":1,"featured_media":0,"parent":0,"menu_order":0,"comment_status":"closed","ping_status":"closed","template":"","meta":{"footnotes":""},"class_list":["post-2907","page","type-page","status-publish","hentry"],"yoast_head":"<!-- This site is optimized with the Yoast SEO plugin v25.0 - https:\/\/yoast.com\/wordpress\/plugins\/seo\/ -->\n<title>V\u00e4hitt\u00e4iskauppa - Corrosionfree<\/title>\n<meta name=\"robots\" content=\"index, follow, max-snippet:-1, max-image-preview:large, max-video-preview:-1\" \/>\n<link rel=\"canonical\" href=\"https:\/\/corrosionfree.ee\/fi\/vahittaiskauppa\/\" \/>\n<meta property=\"og:locale\" content=\"fi_FI\" \/>\n<meta property=\"og:type\" content=\"article\" \/>\n<meta property=\"og:title\" content=\"V\u00e4hitt\u00e4iskauppa - Corrosionfree\" \/>\n<meta property=\"og:url\" content=\"https:\/\/corrosionfree.ee\/fi\/vahittaiskauppa\/\" \/>\n<meta property=\"og:site_name\" content=\"Corrosionfree\" \/>\n<meta property=\"article:publisher\" content=\"https:\/\/www.facebook.com\/corrosionfreeESTONIA\" \/>\n<meta property=\"article:modified_time\" content=\"2025-04-16T11:19:26+00:00\" \/>\n<meta name=\"twitter:card\" content=\"summary_large_image\" \/>\n<meta name=\"twitter:label1\" content=\"Arvioitu lukuaika\" \/>\n\t<meta name=\"twitter:data1\" content=\"37 minuuttia\" \/>\n<script type=\"application\/ld+json\" class=\"yoast-schema-graph\">{\"@context\":\"https:\/\/schema.org\",\"@graph\":[{\"@type\":\"WebPage\",\"@id\":\"https:\/\/corrosionfree.ee\/fi\/vahittaiskauppa\/\",\"url\":\"https:\/\/corrosionfree.ee\/fi\/vahittaiskauppa\/\",\"name\":\"V\u00e4hitt\u00e4iskauppa - Corrosionfree\",\"isPartOf\":{\"@id\":\"https:\/\/corrosionfree.ee\/#website\"},\"datePublished\":\"2025-04-04T14:06:41+00:00\",\"dateModified\":\"2025-04-16T11:19:26+00:00\",\"breadcrumb\":{\"@id\":\"https:\/\/corrosionfree.ee\/fi\/vahittaiskauppa\/#breadcrumb\"},\"inLanguage\":\"fi\",\"potentialAction\":[{\"@type\":\"ReadAction\",\"target\":[\"https:\/\/corrosionfree.ee\/fi\/vahittaiskauppa\/\"]}]},{\"@type\":\"BreadcrumbList\",\"@id\":\"https:\/\/corrosionfree.ee\/fi\/vahittaiskauppa\/#breadcrumb\",\"itemListElement\":[{\"@type\":\"ListItem\",\"position\":1,\"name\":\"Home\",\"item\":\"https:\/\/corrosionfree.ee\/fi\/\"},{\"@type\":\"ListItem\",\"position\":2,\"name\":\"V\u00e4hitt\u00e4iskauppa\"}]},{\"@type\":\"WebSite\",\"@id\":\"https:\/\/corrosionfree.ee\/#website\",\"url\":\"https:\/\/corrosionfree.ee\/\",\"name\":\"Corrosionfree\",\"description\":\"Corrosionfree veebileht\",\"publisher\":{\"@id\":\"https:\/\/corrosionfree.ee\/#organization\"},\"potentialAction\":[{\"@type\":\"SearchAction\",\"target\":{\"@type\":\"EntryPoint\",\"urlTemplate\":\"https:\/\/corrosionfree.ee\/?s={search_term_string}\"},\"query-input\":{\"@type\":\"PropertyValueSpecification\",\"valueRequired\":true,\"valueName\":\"search_term_string\"}}],\"inLanguage\":\"fi\"},{\"@type\":\"Organization\",\"@id\":\"https:\/\/corrosionfree.ee\/#organization\",\"name\":\"Reval Service\",\"url\":\"https:\/\/corrosionfree.ee\/\",\"logo\":{\"@type\":\"ImageObject\",\"inLanguage\":\"fi\",\"@id\":\"https:\/\/corrosionfree.ee\/#\/schema\/logo\/image\/\",\"url\":\"https:\/\/corrosionfree.ee\/wp-content\/uploads\/2025\/03\/cf_logo.png\",\"contentUrl\":\"https:\/\/corrosionfree.ee\/wp-content\/uploads\/2025\/03\/cf_logo.png\",\"width\":199,\"height\":140,\"caption\":\"Reval Service\"},\"image\":{\"@id\":\"https:\/\/corrosionfree.ee\/#\/schema\/logo\/image\/\"},\"sameAs\":[\"https:\/\/www.facebook.com\/corrosionfreeESTONIA\"]}]}<\/script>\n<!-- \/ Yoast SEO plugin. -->","yoast_head_json":{"title":"V\u00e4hitt\u00e4iskauppa - Corrosionfree","robots":{"index":"index","follow":"follow","max-snippet":"max-snippet:-1","max-image-preview":"max-image-preview:large","max-video-preview":"max-video-preview:-1"},"canonical":"https:\/\/corrosionfree.ee\/fi\/vahittaiskauppa\/","og_locale":"fi_FI","og_type":"article","og_title":"V\u00e4hitt\u00e4iskauppa - Corrosionfree","og_url":"https:\/\/corrosionfree.ee\/fi\/vahittaiskauppa\/","og_site_name":"Corrosionfree","article_publisher":"https:\/\/www.facebook.com\/corrosionfreeESTONIA","article_modified_time":"2025-04-16T11:19:26+00:00","twitter_card":"summary_large_image","twitter_misc":{"Arvioitu lukuaika":"37 minuuttia"},"schema":{"@context":"https:\/\/schema.org","@graph":[{"@type":"WebPage","@id":"https:\/\/corrosionfree.ee\/fi\/vahittaiskauppa\/","url":"https:\/\/corrosionfree.ee\/fi\/vahittaiskauppa\/","name":"V\u00e4hitt\u00e4iskauppa - Corrosionfree","isPartOf":{"@id":"https:\/\/corrosionfree.ee\/#website"},"datePublished":"2025-04-04T14:06:41+00:00","dateModified":"2025-04-16T11:19:26+00:00","breadcrumb":{"@id":"https:\/\/corrosionfree.ee\/fi\/vahittaiskauppa\/#breadcrumb"},"inLanguage":"fi","potentialAction":[{"@type":"ReadAction","target":["https:\/\/corrosionfree.ee\/fi\/vahittaiskauppa\/"]}]},{"@type":"BreadcrumbList","@id":"https:\/\/corrosionfree.ee\/fi\/vahittaiskauppa\/#breadcrumb","itemListElement":[{"@type":"ListItem","position":1,"name":"Home","item":"https:\/\/corrosionfree.ee\/fi\/"},{"@type":"ListItem","position":2,"name":"V\u00e4hitt\u00e4iskauppa"}]},{"@type":"WebSite","@id":"https:\/\/corrosionfree.ee\/#website","url":"https:\/\/corrosionfree.ee\/","name":"Corrosionfree","description":"Corrosionfree veebileht","publisher":{"@id":"https:\/\/corrosionfree.ee\/#organization"},"potentialAction":[{"@type":"SearchAction","target":{"@type":"EntryPoint","urlTemplate":"https:\/\/corrosionfree.ee\/?s={search_term_string}"},"query-input":{"@type":"PropertyValueSpecification","valueRequired":true,"valueName":"search_term_string"}}],"inLanguage":"fi"},{"@type":"Organization","@id":"https:\/\/corrosionfree.ee\/#organization","name":"Reval Service","url":"https:\/\/corrosionfree.ee\/","logo":{"@type":"ImageObject","inLanguage":"fi","@id":"https:\/\/corrosionfree.ee\/#\/schema\/logo\/image\/","url":"https:\/\/corrosionfree.ee\/wp-content\/uploads\/2025\/03\/cf_logo.png","contentUrl":"https:\/\/corrosionfree.ee\/wp-content\/uploads\/2025\/03\/cf_logo.png","width":199,"height":140,"caption":"Reval Service"},"image":{"@id":"https:\/\/corrosionfree.ee\/#\/schema\/logo\/image\/"},"sameAs":["https:\/\/www.facebook.com\/corrosionfreeESTONIA"]}]}},"_links":{"self":[{"href":"https:\/\/corrosionfree.ee\/fi\/wp-json\/wp\/v2\/pages\/2907","targetHints":{"allow":["GET"]}}],"collection":[{"href":"https:\/\/corrosionfree.ee\/fi\/wp-json\/wp\/v2\/pages"}],"about":[{"href":"https:\/\/corrosionfree.ee\/fi\/wp-json\/wp\/v2\/types\/page"}],"author":[{"embeddable":true,"href":"https:\/\/corrosionfree.ee\/fi\/wp-json\/wp\/v2\/users\/1"}],"replies":[{"embeddable":true,"href":"https:\/\/corrosionfree.ee\/fi\/wp-json\/wp\/v2\/comments?post=2907"}],"version-history":[{"count":2,"href":"https:\/\/corrosionfree.ee\/fi\/wp-json\/wp\/v2\/pages\/2907\/revisions"}],"predecessor-version":[{"id":2909,"href":"https:\/\/corrosionfree.ee\/fi\/wp-json\/wp\/v2\/pages\/2907\/revisions\/2909"}],"wp:attachment":[{"href":"https:\/\/corrosionfree.ee\/fi\/wp-json\/wp\/v2\/media?parent=2907"}],"curies":[{"name":"wp","href":"https:\/\/api.w.org\/{rel}","templated":true}]}}